{"id":5460,"date":"2023-06-26T21:42:10","date_gmt":"2023-06-26T19:42:10","guid":{"rendered":"https:\/\/preprod.reisswolf.ch\/sicherheit\/din-norm\/"},"modified":"2023-12-05T22:00:35","modified_gmt":"2023-12-05T21:00:35","slug":"norma-din","status":"publish","type":"page","link":"https:\/\/www.reisswolf.ch\/it\/sicurezza\/norma-din\/","title":{"rendered":"Norma DIN 66399"},"content":{"rendered":"<div id=\"pl-5460\"  class=\"panel-layout\" ><div id=\"pg-5460-0\"  class=\"panel-grid panel-has-style\" ><div class=\"siteorigin-panels-stretch panel-row-style panel-row-style-for-5460-0\" data-stretch-type=\"full-stretched\" ><div id=\"pgc-5460-0-0\"  class=\"panel-grid-cell\" ><div id=\"panel-5460-0-0-0\" class=\"so-panel widget widget_sow-hero panel-first-child panel-last-child\" data-index=\"0\" ><div class=\"is-content-header panel-widget-style panel-widget-style-for-5460-0-0-0\" ><div\n\t\t\t\n\t\t\tclass=\"so-widget-sow-hero so-widget-sow-hero-default-7b2691242cc3-5460 so-widget-fittext-wrapper\"\n\t\t\t\n\t\t>\t\t\t\t<div class=\"sow-slider-base\" style=\"display: none\" tabindex=\"0\">\n\t\t\t\t\t<ul\n\t\t\t\t\tclass=\"sow-slider-images\"\n\t\t\t\t\tdata-settings=\"{&quot;pagination&quot;:true,&quot;speed&quot;:800,&quot;timeout&quot;:8000,&quot;paused&quot;:false,&quot;pause_on_hover&quot;:false,&quot;swipe&quot;:true,&quot;nav_always_show_desktop&quot;:&quot;&quot;,&quot;nav_always_show_mobile&quot;:&quot;&quot;,&quot;breakpoint&quot;:&quot;780px&quot;,&quot;unmute&quot;:false,&quot;anchor&quot;:null}\"\n\t\t\t\t\t\t\t\t\t\tdata-anchor-id=\"\"\n\t\t\t\t>\t\t<li class=\"sow-slider-image  sow-slider-image-cover\" style=\"visibility: visible;;background-image: url(https:\/\/www.reisswolf.ch\/wp-content\/uploads\/2023\/11\/DIN-Norm-Reisswolf-Schweiz-2000x400-1.jpg)\" >\n\t\t\t\t\t<div class=\"sow-slider-image-container\">\n\t\t\t<div class=\"sow-slider-image-wrapper\">\n\t\t\t\t\t\t\t<\/div>\n\t\t<\/div>\n\t\t\t\t<\/li>\n\t\t<\/ul>\t\t\t\t<ol class=\"sow-slider-pagination\">\n\t\t\t\t\t\t\t\t\t\t\t<li><a href=\"#\" data-goto=\"0\" aria-label=\"Display slide 1\"><\/a><\/li>\n\t\t\t\t\t\t\t\t\t<\/ol>\n\n\t\t\t\t<div class=\"sow-slide-nav sow-slide-nav-next\">\n\t\t\t\t\t<a href=\"#\" data-goto=\"next\" aria-label=\"Next slide\" data-action=\"next\">\n\t\t\t\t\t\t<em class=\"sow-sld-icon-thin-right\"><\/em>\n\t\t\t\t\t<\/a>\n\t\t\t\t<\/div>\n\n\t\t\t\t<div class=\"sow-slide-nav sow-slide-nav-prev\">\n\t\t\t\t\t<a href=\"#\" data-goto=\"previous\" aria-label=\"Previous slide\" data-action=\"prev\">\n\t\t\t\t\t\t<em class=\"sow-sld-icon-thin-left\"><\/em>\n\t\t\t\t\t<\/a>\n\t\t\t\t<\/div>\n\t\t\t\t<\/div><\/div><\/div><\/div><\/div><\/div><\/div><div id=\"pg-5460-1\"  class=\"panel-grid panel-has-style\" ><div class=\"animate-69f47111b7a7b360028924 panel-row-style panel-row-style-for-5460-1\" data-so-animation=\"{&quot;selector&quot;:&quot;.animate-69f47111b7a7b360028924&quot;,&quot;animation&quot;:&quot;fadeIn&quot;,&quot;breakpoint&quot;:&quot;780px&quot;,&quot;duration&quot;:1,&quot;repeat&quot;:0,&quot;hide&quot;:0,&quot;disableAnimationMobile&quot;:0,&quot;finalState&quot;:&quot;visible&quot;,&quot;delay&quot;:0,&quot;debounce&quot;:0.1,&quot;event&quot;:&quot;enter&quot;,&quot;offset&quot;:0}\" ><div id=\"pgc-5460-1-0\"  class=\"panel-grid-cell\" ><div id=\"panel-5460-1-0-0\" class=\"so-panel widget widget_sow-editor panel-first-child panel-last-child\" data-index=\"1\" ><div\n\t\t\t\n\t\t\tclass=\"so-widget-sow-editor so-widget-sow-editor-base\"\n\t\t\t\n\t\t><h3 class=\"widget-title\"><h1>Reisswolf sviluppa attivamente la norma din 66399: ottenere sempre il meglio per i nostri clienti<\/h1><\/h3>\n<div class=\"siteorigin-widget-tinymce textwidget\">\n\t<p>La nuova norma DIN 66399 favorisce l\u2019affidabilit\u00e0 di una procedura chiusa per la distruzione di dati. I processi aziendali interni diventano pi\u00f9 efficienti ed efficaci, consentendo un risparmio di tempo, e cosa ancora pi\u00f9 importante, un taglio dei costi. Inoltre la nuova norma DIN protegge e rispetta dati e risorse.<\/p>\n<p>&nbsp;<\/p>\n<p>REISSWOLF, come membro attivo della commissione DIN 66399, ha attivamente sviluppato il nuovo sistema normativo per i propri clienti. Ci\u00f2 \u00e8 ancora pi\u00f9 importante perch\u00e9 la vecchia DIN 32757 non prendeva in considerazione le necessit\u00e0 delle societ\u00e0 di servizi, ma era maggiormente incentrata sulla distruzione di supporti dati per i piccoli produttori di elettrodomestici. Era comunque indispensabile perch\u00e9, fino ad oggi, non esisteva un\u2019alternativa nell\u2019ambito della protezione dei dati. La nuova norma DIN si distingue per la sua globalit\u00e0. REISSWOLF si occupa dell\u2019implementazione di queste linee guida e ha sempre ben presenti i bisogni dei clienti.<\/p>\n<p>&nbsp;<\/p>\n<p>Qui apprendete maggiori informazioni sulla <a href=\"https:\/\/www.reisswolf.ch\/wp-content\/downloads\/Reisswolf-DIN66399-Hier-zaehlt-nur-Kompetenz.pdf\" target=\"_blank\" rel=\"noopener\">norma DIN in materia di distruzione di supporti dati<\/a>: struttura, classi di protezione e livelli di sicurezza.<\/p>\n<\/div>\n<\/div><\/div><\/div><\/div><\/div><div id=\"pg-5460-2\"  class=\"panel-grid panel-has-style\" ><div class=\"is-dark-ground siteorigin-panels-stretch panel-row-style panel-row-style-for-5460-2\" data-stretch-type=\"full\" ><div class=\"so-panels-full-wrapper\" ><div id=\"pgc-5460-2-0\"  class=\"panel-grid-cell\" ><div id=\"panel-5460-2-0-0\" class=\"so-panel widget widget_sow-editor panel-first-child panel-last-child\" data-index=\"2\" ><div class=\"list-line-white panel-widget-style panel-widget-style-for-5460-2-0-0\" ><div\n\t\t\t\n\t\t\tclass=\"so-widget-sow-editor so-widget-sow-editor-base\"\n\t\t\t\n\t\t>\n<div class=\"siteorigin-widget-tinymce textwidget\">\n\t<h3><span style=\"color: #ffffff;\">Le nostre sedi sono certificate:<\/span><\/h3>\n<ul>\n<li class=\"p1\"><span style=\"color: #ffffff;\"><a style=\"color: #ffffff;\" href=\"https:\/\/www.reisswolf.ch\/wp-content\/downloads\/PUEG-Zertifizierung-Standort-Basel.pdf\" target=\"_blank\" rel=\"noopener\"><span class=\"s1\">DIN 66399: Certificato Reisswolf AG Basilea (PDF)<\/span><\/a><\/span><\/li>\n<li class=\"p1\"><span style=\"color: #ffffff;\"><a style=\"color: #ffffff;\" href=\"https:\/\/www.reisswolf.ch\/wp-content\/downloads\/PUEG-Zertifizierung-Standort-Luzern.pdf\" target=\"_blank\" rel=\"noopener\">DIN 66399: Certificato Reisswolf AG Lucerna (PDF)<\/a><\/span><\/li>\n<li class=\"p1\"><span style=\"color: #ffffff;\"><a style=\"color: #ffffff;\" href=\"https:\/\/www.reisswolf.ch\/wp-content\/downloads\/PUEG-Zertifizieung-Standort-Zuerich.pdf\" target=\"_blank\" rel=\"noopener\">DIN 66399: Certificato Reisswolf AG Zurigo (PDF)<\/a><\/span><\/li>\n<li><span style=\"color: #ffffff;\"><a style=\"color: #ffffff;\" href=\"https:\/\/www.reisswolf.ch\/wp-content\/downloads\/PUEG-Zertifizierung-Standort-Genf.pdf\" target=\"_blank\" rel=\"noopener\">DIN 66399: Certificate Reisswolf AG Ginevra (PDF)<\/a><\/span><\/li>\n<li><span style=\"color: #ffffff;\"><a style=\"color: #ffffff;\" href=\"https:\/\/www.reisswolf.ch\/wp-content\/downloads\/Reisswolf-Zertifikat-DIN-Zuerich-mobile2020.pdf\" target=\"_blank\" rel=\"noopener\">DIN 66399 Mobil Shredder: Certificato Reisswolf AG (PDF)<\/a><\/span><\/li>\n<\/ul>\n<\/div>\n<\/div><\/div><\/div><\/div><\/div><\/div><\/div><div id=\"pg-5460-3\"  class=\"panel-grid panel-has-style\" ><div class=\"panel-row-style panel-row-style-for-5460-3\" ><div id=\"pgc-5460-3-0\"  class=\"panel-grid-cell\" ><div id=\"panel-5460-3-0-0\" class=\"so-panel widget widget_sow-image panel-first-child panel-last-child\" data-index=\"3\" ><div\n\t\t\t\n\t\t\tclass=\"so-widget-sow-image so-widget-sow-image-default-dbf295114b96-5460\"\n\t\t\t\n\t\t>\n<div class=\"sow-image-container\">\n\t\t<img loading=\"lazy\" \n\tsrc=\"https:\/\/www.reisswolf.ch\/wp-content\/uploads\/2023\/11\/reisswolf-kacheln-unterseiten-din-norm-500x350-1.jpg\" width=\"500\" height=\"350\" srcset=\"https:\/\/www.reisswolf.ch\/wp-content\/uploads\/2023\/11\/reisswolf-kacheln-unterseiten-din-norm-500x350-1.jpg 500w, https:\/\/www.reisswolf.ch\/wp-content\/uploads\/2023\/11\/reisswolf-kacheln-unterseiten-din-norm-500x350-1-300x210.jpg 300w\" sizes=\"auto, (max-width: 500px) 100vw, 500px\" title=\"reisswolf-kacheln-unterseiten-din-norm-500&#215;350-1\" alt=\"\" \t\tclass=\"so-widget-image\"\/>\n\t<\/div>\n\n<\/div><\/div><\/div><div id=\"pgc-5460-3-1\"  class=\"panel-grid-cell\" ><div id=\"panel-5460-3-1-0\" class=\"so-panel widget widget_sow-editor panel-first-child\" data-index=\"4\" ><div\n\t\t\t\n\t\t\tclass=\"so-widget-sow-editor so-widget-sow-editor-base\"\n\t\t\t\n\t\t><h3 class=\"widget-title\"><h2>Processi di distruzione da Reisswolf<\/h2><\/h3>\n<div class=\"siteorigin-widget-tinymce textwidget\">\n\t<p>La sicurezza riveste per noi una grande importanza. Scoprite maggiori informazioni sullo svolgimento del nostro processo di distruzione standard.<\/p>\n<\/div>\n<\/div><\/div><div id=\"panel-5460-3-1-1\" class=\"so-panel widget widget_sow-button panel-last-child\" data-index=\"5\" ><div\n\t\t\t\n\t\t\tclass=\"so-widget-sow-button so-widget-sow-button-suloredsimple-144c983c4712-5460\"\n\t\t\t\n\t\t><div class=\"ow-button-base ow-button-align-left\"\n>\n\t\t\t<a\n\t\t\t\t\thref=\"\"\n\t\t\t\t\tclass=\"sowb-button ow-icon-placement-left ow-button-hover\" \t>\n\t\t<span>\n\t\t\t\n\t\t\tUlteriori informazioni\t\t<\/span>\n\t\t\t<\/a>\n\t<\/div>\n<\/div><\/div><\/div><\/div><\/div><\/div>","protected":false},"excerpt":{"rendered":"<p>La nuova norma DIN 66399 favorisce l\u2019affidabilit\u00e0 di una procedura chiusa per la distruzione di dati. I processi aziendali interni diventano pi\u00f9 efficienti ed efficaci, consentendo un risparmio di tempo, e cosa ancora pi\u00f9 importante, un taglio dei costi. Inoltre la nuova norma DIN protegge e rispetta dati e risorse. &nbsp; REISSWOLF, come membro attivo [&hellip;]<\/p>\n","protected":false},"author":3,"featured_media":0,"parent":5403,"menu_order":0,"comment_status":"closed","ping_status":"closed","template":"","meta":{"inline_featured_image":false,"footnotes":""},"class_list":["post-5460","page","type-page","status-publish","hentry"],"yoast_head":"<!-- This site is optimized with the Yoast SEO plugin v26.3 - https:\/\/yoast.com\/wordpress\/plugins\/seo\/ -->\n<title>Norma DIN 66399 - Reisswolf<\/title>\n<meta name=\"robots\" content=\"index, follow, max-snippet:-1, max-image-preview:large, max-video-preview:-1\" \/>\n<link rel=\"canonical\" href=\"https:\/\/www.reisswolf.ch\/it\/sicurezza\/norma-din\/\" \/>\n<meta property=\"og:locale\" content=\"it_IT\" \/>\n<meta property=\"og:type\" content=\"article\" \/>\n<meta property=\"og:title\" content=\"Norma DIN 66399 - Reisswolf\" \/>\n<meta property=\"og:description\" content=\"La nuova norma DIN 66399 favorisce l\u2019affidabilit\u00e0 di una procedura chiusa per la distruzione di dati. I processi aziendali interni diventano pi\u00f9 efficienti ed efficaci, consentendo un risparmio di tempo, e cosa ancora pi\u00f9 importante, un taglio dei costi. Inoltre la nuova norma DIN protegge e rispetta dati e risorse. &nbsp; REISSWOLF, come membro attivo [&hellip;]\" \/>\n<meta property=\"og:url\" content=\"https:\/\/www.reisswolf.ch\/it\/sicurezza\/norma-din\/\" \/>\n<meta property=\"og:site_name\" content=\"Reisswolf\" \/>\n<meta property=\"article:publisher\" content=\"https:\/\/www.linkedin.com\/showcase\/reisswolf-aktenvernichtung-schweiz\/\" \/>\n<meta property=\"article:modified_time\" content=\"2023-12-05T21:00:35+00:00\" \/>\n<meta name=\"twitter:card\" content=\"summary_large_image\" \/>\n<meta name=\"twitter:label1\" content=\"Tempo di lettura stimato\" \/>\n\t<meta name=\"twitter:data1\" content=\"2 minuti\" \/>\n<!-- \/ Yoast SEO plugin. -->","yoast_head_json":{"title":"Norma DIN 66399 - Reisswolf","robots":{"index":"index","follow":"follow","max-snippet":"max-snippet:-1","max-image-preview":"max-image-preview:large","max-video-preview":"max-video-preview:-1"},"canonical":"https:\/\/www.reisswolf.ch\/it\/sicurezza\/norma-din\/","og_locale":"it_IT","og_type":"article","og_title":"Norma DIN 66399 - Reisswolf","og_description":"La nuova norma DIN 66399 favorisce l\u2019affidabilit\u00e0 di una procedura chiusa per la distruzione di dati. I processi aziendali interni diventano pi\u00f9 efficienti ed efficaci, consentendo un risparmio di tempo, e cosa ancora pi\u00f9 importante, un taglio dei costi. Inoltre la nuova norma DIN protegge e rispetta dati e risorse. &nbsp; REISSWOLF, come membro attivo [&hellip;]","og_url":"https:\/\/www.reisswolf.ch\/it\/sicurezza\/norma-din\/","og_site_name":"Reisswolf","article_publisher":"https:\/\/www.linkedin.com\/showcase\/reisswolf-aktenvernichtung-schweiz\/","article_modified_time":"2023-12-05T21:00:35+00:00","twitter_card":"summary_large_image","twitter_misc":{"Tempo di lettura stimato":"2 minuti"},"schema":{"@context":"https:\/\/schema.org","@graph":[{"@type":"WebPage","@id":"https:\/\/www.reisswolf.ch\/it\/sicurezza\/norma-din\/","url":"https:\/\/www.reisswolf.ch\/it\/sicurezza\/norma-din\/","name":"Norma DIN 66399 - Reisswolf","isPartOf":{"@id":"https:\/\/www.reisswolf.ch\/#website"},"datePublished":"2023-06-26T19:42:10+00:00","dateModified":"2023-12-05T21:00:35+00:00","breadcrumb":{"@id":"https:\/\/www.reisswolf.ch\/it\/sicurezza\/norma-din\/#breadcrumb"},"inLanguage":"it-IT","potentialAction":[{"@type":"ReadAction","target":["https:\/\/www.reisswolf.ch\/it\/sicurezza\/norma-din\/"]}]},{"@type":"BreadcrumbList","@id":"https:\/\/www.reisswolf.ch\/it\/sicurezza\/norma-din\/#breadcrumb","itemListElement":[{"@type":"ListItem","position":1,"name":"Startseite","item":"https:\/\/www.reisswolf.ch\/it\/"},{"@type":"ListItem","position":2,"name":"Sicurezza","item":"https:\/\/www.reisswolf.ch\/it\/sicurezza\/"},{"@type":"ListItem","position":3,"name":"Norma DIN 66399"}]},{"@type":"WebSite","@id":"https:\/\/www.reisswolf.ch\/#website","url":"https:\/\/www.reisswolf.ch\/","name":"Reisswolf","description":"Reisswolf","publisher":{"@id":"https:\/\/www.reisswolf.ch\/#organization"},"potentialAction":[{"@type":"SearchAction","target":{"@type":"EntryPoint","urlTemplate":"https:\/\/www.reisswolf.ch\/?s={search_term_string}"},"query-input":{"@type":"PropertyValueSpecification","valueRequired":true,"valueName":"search_term_string"}}],"inLanguage":"it-IT"},{"@type":"Organization","@id":"https:\/\/www.reisswolf.ch\/#organization","name":"REISSWOLF Schweiz AG","url":"https:\/\/www.reisswolf.ch\/","logo":{"@type":"ImageObject","inLanguage":"it-IT","@id":"https:\/\/www.reisswolf.ch\/#\/schema\/logo\/image\/","url":"https:\/\/www.reisswolf.ch\/wp-content\/uploads\/2025\/10\/logo-reisswolf.svg","contentUrl":"https:\/\/www.reisswolf.ch\/wp-content\/uploads\/2025\/10\/logo-reisswolf.svg","width":"1024","height":"1024","caption":"REISSWOLF Schweiz AG"},"image":{"@id":"https:\/\/www.reisswolf.ch\/#\/schema\/logo\/image\/"},"sameAs":["https:\/\/www.linkedin.com\/showcase\/reisswolf-aktenvernichtung-schweiz\/"]}]}},"_links":{"self":[{"href":"https:\/\/www.reisswolf.ch\/it\/wp-json\/wp\/v2\/pages\/5460","targetHints":{"allow":["GET"]}}],"collection":[{"href":"https:\/\/www.reisswolf.ch\/it\/wp-json\/wp\/v2\/pages"}],"about":[{"href":"https:\/\/www.reisswolf.ch\/it\/wp-json\/wp\/v2\/types\/page"}],"author":[{"embeddable":true,"href":"https:\/\/www.reisswolf.ch\/it\/wp-json\/wp\/v2\/users\/3"}],"replies":[{"embeddable":true,"href":"https:\/\/www.reisswolf.ch\/it\/wp-json\/wp\/v2\/comments?post=5460"}],"version-history":[{"count":5,"href":"https:\/\/www.reisswolf.ch\/it\/wp-json\/wp\/v2\/pages\/5460\/revisions"}],"predecessor-version":[{"id":6370,"href":"https:\/\/www.reisswolf.ch\/it\/wp-json\/wp\/v2\/pages\/5460\/revisions\/6370"}],"up":[{"embeddable":true,"href":"https:\/\/www.reisswolf.ch\/it\/wp-json\/wp\/v2\/pages\/5403"}],"wp:attachment":[{"href":"https:\/\/www.reisswolf.ch\/it\/wp-json\/wp\/v2\/media?parent=5460"}],"curies":[{"name":"wp","href":"https:\/\/api.w.org\/{rel}","templated":true}]}}