{"id":5448,"date":"2023-06-28T11:57:49","date_gmt":"2023-06-28T09:57:49","guid":{"rendered":"https:\/\/preprod.reisswolf.ch\/unternehmen\/nachhaltigkeit\/"},"modified":"2025-12-28T14:27:10","modified_gmt":"2025-12-28T13:27:10","slug":"sostenibilita","status":"publish","type":"page","link":"https:\/\/www.reisswolf.ch\/it\/azienda\/sostenibilita\/","title":{"rendered":"Sostenibilit\u00e0"},"content":{"rendered":"<div id=\"pl-5448\"  class=\"panel-layout\" ><div id=\"pg-5448-0\"  class=\"panel-grid panel-has-style\" ><div class=\"hero-row-flex siteorigin-panels-stretch panel-row-style panel-row-style-for-5448-0\" data-stretch-type=\"full-width-stretch\" ><div id=\"pgc-5448-0-0\"  class=\"panel-grid-cell panel-grid-cell-mobile-last\" ><div id=\"panel-5448-0-0-0\" class=\"so-panel widget widget_sow-editor panel-first-child panel-last-child widgetopts-SO\" data-index=\"0\" ><div class=\"panel-widget-style panel-widget-style-for-5448-0-0-0\" ><div\n\t\t\t\n\t\t\tclass=\"so-widget-sow-editor so-widget-sow-editor-base\"\n\t\t\t\n\t\t>\n<div class=\"siteorigin-widget-tinymce textwidget\">\n\t<h1>Sostenibilit\u00e0 da REISSWOLF in Svizzera<\/h1>\n<p class=\"hero-subtext\"><strong>Agire in modo responsabile. Usare le risorse con parsimonia. Chiudere i cerchi.<\/strong><\/p>\n<\/div>\n<\/div><\/div><\/div><\/div><div id=\"pgc-5448-0-1\"  class=\"panel-grid-cell panel-grid-cell-empty\" ><\/div><\/div><\/div><div id=\"pg-5448-1\"  class=\"panel-grid panel-has-style\" ><div class=\"animate-6a046e3fd82b2994298355 panel-row-style panel-row-style-for-5448-1\" data-so-animation=\"{&quot;selector&quot;:&quot;.animate-6a046e3fd82b2994298355&quot;,&quot;animation&quot;:&quot;fadeIn&quot;,&quot;breakpoint&quot;:&quot;780px&quot;,&quot;duration&quot;:1,&quot;repeat&quot;:0,&quot;hide&quot;:0,&quot;disableAnimationMobile&quot;:0,&quot;finalState&quot;:&quot;visible&quot;,&quot;delay&quot;:0,&quot;debounce&quot;:0.1,&quot;event&quot;:&quot;enter&quot;,&quot;offset&quot;:0}\" ><div id=\"pgc-5448-1-0\"  class=\"panel-grid-cell\" ><div id=\"panel-5448-1-0-0\" class=\"so-panel widget widget_sow-editor panel-first-child panel-last-child widgetopts-SO\" data-index=\"1\" ><div\n\t\t\t\n\t\t\tclass=\"so-widget-sow-editor so-widget-sow-editor-base\"\n\t\t\t\n\t\t>\n<div class=\"siteorigin-widget-tinymce textwidget\">\n\t<h2 style=\"text-align: center;\">La nostra concezione della sostenibilit\u00e0 nella distruzione documentale.<\/h2>\n<p>&nbsp;<\/p>\n<p style=\"text-align: center;\">La sostenibilit\u00e0 per REISSWOLF Svizzera non \u00e8 un\u2019aggiunta, bens\u00ec una componente fissa del nostro operato quotidiano. In quanto parte del Gruppo Paprec ci impegniamo a usare le risorse in modo responsabile, a risparmiare energia e a smaltire tutti i dati \u2013 siano essi su carta, pellicole radiologiche o supporti elettronici \u2013 in sicurezza e in conformit\u00e0 alla LPD.<\/p>\n<p>&nbsp;<\/p>\n<h3 style=\"text-align: center;\"><strong>Riciclo della carta come strategia circolare<\/strong><\/h3>\n<p style=\"text-align: center; line-height: 1.8;\">\u2714  Il materiale archivistico distrutto viene avviato al 100\u202f% al riciclo della carta<br \/>\n\u2714 In questo modo si risparmiano materie prime come cellulosa e acqua<br \/>\n\u2714 Collaboriamo con partner regionali per ridurre al minimo le emissioni di CO\u2082<\/p>\n<p>&nbsp;<\/p>\n<h3 style=\"text-align: center; line-height: 1.8;\"><strong>Recupero di argento dalle lastre<\/strong><\/h3>\n<p style=\"text-align: center;\">\u2714 Le lastre radiografiche contengono argento prezioso, che viene recuperato<br \/>\n\u2714 Si contribuisce cos\u00ec alla sostenibilit\u00e0 ambientale, con un doppio beneficio: protezione dei dati e risparmio di risorse<\/p>\n<\/div>\n<\/div><\/div><\/div><\/div><\/div><div id=\"pg-5448-2\"  class=\"panel-grid panel-has-style\" ><div class=\"is-dark-ground siteorigin-panels-stretch animate-6a046e3fd8628558714014 panels-animation-hide panel-row-style panel-row-style-for-5448-2\" data-stretch-type=\"full\" data-so-animation=\"{&quot;selector&quot;:&quot;.animate-6a046e3fd8628558714014&quot;,&quot;animation&quot;:&quot;fadeInUp&quot;,&quot;breakpoint&quot;:&quot;780px&quot;,&quot;duration&quot;:1,&quot;repeat&quot;:0,&quot;hide&quot;:1,&quot;disableAnimationMobile&quot;:0,&quot;finalState&quot;:&quot;visible&quot;,&quot;delay&quot;:0,&quot;debounce&quot;:0.1,&quot;event&quot;:&quot;enter&quot;,&quot;offset&quot;:0}\" ><div class=\"so-panels-full-wrapper\" ><div id=\"pgc-5448-2-0\"  class=\"panel-grid-cell\" ><div id=\"panel-5448-2-0-0\" class=\"so-panel widget widget_sow-editor panel-first-child panel-last-child widgetopts-SO\" data-index=\"2\" ><div class=\"panel-widget-style panel-widget-style-for-5448-2-0-0\" ><div\n\t\t\t\n\t\t\tclass=\"so-widget-sow-editor so-widget-sow-editor-base\"\n\t\t\t\n\t\t>\n<div class=\"siteorigin-widget-tinymce textwidget\">\n\t<p style=\"text-align: center; font-size: 1.2em;\">Distruzione nel rispetto dell\u2019ambiente, con REISSWOLF Svizzera<\/p>\n<\/div>\n<\/div><\/div><\/div><\/div><\/div><\/div><\/div><div id=\"pg-5448-3\"  class=\"panel-grid panel-has-style\" ><div class=\"panel-row-style panel-row-style-for-5448-3\" ><div id=\"pgc-5448-3-0\"  class=\"panel-grid-cell\" ><div id=\"panel-5448-3-0-0\" class=\"so-panel widget widget_sow-image panel-first-child panel-last-child widgetopts-SO\" data-index=\"3\" ><div\n\t\t\t\n\t\t\tclass=\"so-widget-sow-image so-widget-sow-image-default-dbf295114b96-5448\"\n\t\t\t\n\t\t>\n<div class=\"sow-image-container\">\n\t\t<img loading=\"lazy\" \n\tsrc=\"https:\/\/www.reisswolf.ch\/wp-content\/uploads\/2025\/10\/co2-arme-logistik-aktenvernichtung-reisswolf-schweiz.jpg\" width=\"1000\" height=\"667\" srcset=\"https:\/\/www.reisswolf.ch\/wp-content\/uploads\/2025\/10\/co2-arme-logistik-aktenvernichtung-reisswolf-schweiz.jpg 1000w, https:\/\/www.reisswolf.ch\/wp-content\/uploads\/2025\/10\/co2-arme-logistik-aktenvernichtung-reisswolf-schweiz-300x200.jpg 300w, https:\/\/www.reisswolf.ch\/wp-content\/uploads\/2025\/10\/co2-arme-logistik-aktenvernichtung-reisswolf-schweiz-768x512.jpg 768w, https:\/\/www.reisswolf.ch\/wp-content\/uploads\/2025\/10\/co2-arme-logistik-aktenvernichtung-reisswolf-schweiz-272x182.jpg 272w, https:\/\/www.reisswolf.ch\/wp-content\/uploads\/2025\/10\/co2-arme-logistik-aktenvernichtung-reisswolf-schweiz-720x480.jpg 720w\" sizes=\"auto, (max-width: 1000px) 100vw, 1000px\" title=\"Nachhaltig unterwegs mit modernen Sicherheitsfahrzeugen\" alt=\"Sicherheitsfahrer von REISSWOLF Schweiz in einem emissionsarmen Fahrzeug bei der Aktenvernichtung\" \t\tclass=\"so-widget-image\"\/>\n\t<\/div>\n\n<\/div><\/div><\/div><div id=\"pgc-5448-3-1\"  class=\"panel-grid-cell\" ><div id=\"panel-5448-3-1-0\" class=\"so-panel widget widget_sow-editor panel-first-child panel-last-child widgetopts-SO\" data-index=\"4\" ><div class=\"list-line-highlight panel-widget-style panel-widget-style-for-5448-3-1-0\" ><div\n\t\t\t\n\t\t\tclass=\"so-widget-sow-editor so-widget-sow-editor-base\"\n\t\t\t\n\t\t><h3 class=\"widget-title\"><h2>Logistica a basso impatto <br \/>efficiente ed ecologica<\/h2><\/h3>\n<div class=\"siteorigin-widget-tinymce textwidget\">\n\t<p>I nostri automezzi speciali soddisfano gli ultimi standard ambientali:<\/p>\n<p>&nbsp;<\/p>\n<ul>\n<li><strong>consumo ridotto di combustibile grazie a una pianificazione dei tragitti migliorata<\/strong><\/li>\n<li><strong>tracciamento GPS e documentazione digitale evitano stampe cartacee<\/strong><\/li>\n<li><strong>tragitti brevi grazie a centri autorizzati regionali in Svizzera<\/strong><\/li>\n<\/ul>\n<\/div>\n<\/div><\/div><\/div><\/div><\/div><\/div><div id=\"pg-5448-4\"  class=\"panel-grid panel-has-style\" ><div class=\"panel-row-style panel-row-style-for-5448-4\" ><div id=\"pgc-5448-4-0\"  class=\"panel-grid-cell\" ><div id=\"panel-5448-4-0-0\" class=\"so-panel widget widget_sow-editor panel-first-child panel-last-child widgetopts-SO\" data-index=\"5\" ><div class=\"list-line-highlight panel-widget-style panel-widget-style-for-5448-4-0-0\" ><div\n\t\t\t\n\t\t\tclass=\"so-widget-sow-editor so-widget-sow-editor-base\"\n\t\t\t\n\t\t><h3 class=\"widget-title\"><h2>Protezione dei dati sostenibile = <br \/>distruzione sicura di atti e documenti<\/h2><\/h3>\n<div class=\"siteorigin-widget-tinymce textwidget\">\n\t<p>La sostenibilit\u00e0 non si ferma all\u2019ambiente. Anche un uso responsabile dei dati sensibili fa parte della nostra strategia:<\/p>\n<p>&nbsp;<\/p>\n<ul>\n<li>Distruzione conforme a <strong>DIN 66399<\/strong> e <strong>ISO\/IEC 21964<\/strong><\/li>\n<li>Attuazione degli obblighi di cancellazione previsti dalla <strong>legge sulla protezione dei dati rivista (revLPD)<\/strong><\/li>\n<li><strong>Processi sicuri<\/strong> proteggono non solo i dati, ma anche la tua azienda da violazioni della protezione dei dati<\/li>\n<\/ul>\n<\/div>\n<\/div><\/div><\/div><\/div><div id=\"pgc-5448-4-1\"  class=\"panel-grid-cell\" ><div id=\"panel-5448-4-1-0\" class=\"so-panel widget widget_sow-image panel-first-child panel-last-child widgetopts-SO\" data-index=\"6\" ><div\n\t\t\t\n\t\t\tclass=\"so-widget-sow-image so-widget-sow-image-default-dbf295114b96-5448\"\n\t\t\t\n\t\t>\n<div class=\"sow-image-container\">\n\t\t<img loading=\"lazy\" \n\tsrc=\"https:\/\/www.reisswolf.ch\/wp-content\/uploads\/2025\/10\/sichere-aktenvernichtung-nachhaltiger-datenschutz-reisswolf-schweiz.jpg\" width=\"900\" height=\"598\" srcset=\"https:\/\/www.reisswolf.ch\/wp-content\/uploads\/2025\/10\/sichere-aktenvernichtung-nachhaltiger-datenschutz-reisswolf-schweiz.jpg 900w, https:\/\/www.reisswolf.ch\/wp-content\/uploads\/2025\/10\/sichere-aktenvernichtung-nachhaltiger-datenschutz-reisswolf-schweiz-300x199.jpg 300w, https:\/\/www.reisswolf.ch\/wp-content\/uploads\/2025\/10\/sichere-aktenvernichtung-nachhaltiger-datenschutz-reisswolf-schweiz-768x510.jpg 768w, https:\/\/www.reisswolf.ch\/wp-content\/uploads\/2025\/10\/sichere-aktenvernichtung-nachhaltiger-datenschutz-reisswolf-schweiz-272x182.jpg 272w\" sizes=\"auto, (max-width: 900px) 100vw, 900px\" title=\"Verantwortungsvoll vernichten \u2013 gesetzeskonform &amp; ressourcenschonend\" alt=\"Mitarbeiter von REISSWOLF Schweiz bei der sicheren Vernichtung sensibler Akten in der Recyclinganlage\" \t\tclass=\"so-widget-image\"\/>\n\t<\/div>\n\n<\/div><\/div><\/div><\/div><\/div><div id=\"pg-5448-5\"  class=\"panel-grid panel-has-style\" ><div class=\"is-has-overlay so-parallax siteorigin-panels-stretch panel-row-style panel-row-style-for-5448-5\" data-stretch-type=\"full-width-stretch\" ><img decoding=\"async\" loading=\"lazy\" width=\"1900\" height=\"934\" src=\"https:\/\/www.reisswolf.ch\/wp-content\/uploads\/2025\/10\/csr-strategie-nachhaltigkeit-paprec-reisswolf-schweiz.jpg\" class=\"attachment-full size-full\" alt=\"Zwei H\u00e4nde \u00fcbergeben eine Weltkugel \u2013 Symbol f\u00fcr generations\u00fcbergreifende Verantwortung im Sinne der Nachhaltigkeit.\" data-siteorigin-parallax=\"true\" loading=\"eager\" srcset=\"https:\/\/www.reisswolf.ch\/wp-content\/uploads\/2025\/10\/csr-strategie-nachhaltigkeit-paprec-reisswolf-schweiz.jpg 1900w, https:\/\/www.reisswolf.ch\/wp-content\/uploads\/2025\/10\/csr-strategie-nachhaltigkeit-paprec-reisswolf-schweiz-300x147.jpg 300w, https:\/\/www.reisswolf.ch\/wp-content\/uploads\/2025\/10\/csr-strategie-nachhaltigkeit-paprec-reisswolf-schweiz-1024x503.jpg 1024w, https:\/\/www.reisswolf.ch\/wp-content\/uploads\/2025\/10\/csr-strategie-nachhaltigkeit-paprec-reisswolf-schweiz-768x378.jpg 768w, https:\/\/www.reisswolf.ch\/wp-content\/uploads\/2025\/10\/csr-strategie-nachhaltigkeit-paprec-reisswolf-schweiz-1536x755.jpg 1536w\" sizes=\"auto, (max-width: 1900px) 100vw, 1900px\" \/><div id=\"pgc-5448-5-0\"  class=\"panel-grid-cell\" ><div id=\"panel-5448-5-0-0\" class=\"so-panel widget widget_sow-editor panel-first-child widgetopts-SO\" data-index=\"7\" ><div class=\"list-line-white panel-widget-style panel-widget-style-for-5448-5-0-0\" ><div\n\t\t\t\n\t\t\tclass=\"so-widget-sow-editor so-widget-sow-editor-base\"\n\t\t\t\n\t\t>\n<div class=\"siteorigin-widget-tinymce textwidget\">\n\t<h2><span style=\"color: #ffffff;\">Il nostro contributo alla strategia CSR del Gruppo Paprec<\/span><\/h2>\n<p class=\"p1\"><span style=\"color: #ffffff;\">In quanto parte del <strong>Gruppo Paprec<\/strong> con sede in Francia, contribuiamo attivamente alla sua ampia <strong>strategia CSR<\/strong>:<\/span><\/p>\n<ul>\n<li><span style=\"color: #ffffff;\">Decarbonizzazione mirata dell\u2019intera <strong>catena del valore<\/strong><\/span><\/li>\n<li><span style=\"color: #ffffff;\">Promozione di <strong>sistemi di economia circolare<\/strong> in tutte le aree aziendali<\/span><\/li>\n<li><span style=\"color: #ffffff;\">Elevati standard in materia di <strong>sicurezza sul lavoro, pari opportunit\u00e0 e responsabilit\u00e0 sociale<\/strong><\/span><\/li>\n<\/ul>\n<p>&nbsp;<\/p>\n<p class=\"p1\"><span style=\"color: #ffffff;\"><strong>REISSWOLF Svizzera porta questi valori in Svizzera \u2013 in modo concreto, misurabile e trasparente.<\/strong><\/span><\/p>\n<\/div>\n<\/div><\/div><\/div><div id=\"panel-5448-5-0-1\" class=\"so-panel widget widget_sow-button panel-last-child widgetopts-SO\" data-index=\"8\" ><div class=\"panel-widget-style panel-widget-style-for-5448-5-0-1\" ><div\n\t\t\t\n\t\t\tclass=\"so-widget-sow-button so-widget-sow-button-suloredsimple-70a284b28fe6-5448\"\n\t\t\t\n\t\t><div class=\"ow-button-base ow-button-align-left\"\n>\n\t\t\t<a\n\t\t\t\t\thref=\"https:\/\/www.paprec.com\/de\/unsere-vision-des-recyclings-der-zukunft\/\"\n\t\t\t\t\tclass=\"sowb-button ow-icon-placement-left ow-button-hover\" target=\"_blank\" rel=\"noopener noreferrer\" \t>\n\t\t<span>\n\t\t\t\n\t\t\tAlla strategia CSR di Paprec\t\t<\/span>\n\t\t\t<\/a>\n\t<\/div>\n<\/div><\/div><\/div><\/div><\/div><\/div><div id=\"pg-5448-6\"  class=\"panel-grid panel-no-style\" ><div id=\"pgc-5448-6-0\"  class=\"panel-grid-cell\" ><div id=\"panel-5448-6-0-0\" class=\"so-panel widget widget_sow-editor panel-first-child panel-last-child widgetopts-SO\" data-index=\"9\" ><div class=\"list-line-highlight panel-widget-style panel-widget-style-for-5448-6-0-0\" ><div\n\t\t\t\n\t\t\tclass=\"so-widget-sow-editor so-widget-sow-editor-base\"\n\t\t\t\n\t\t>\n<div class=\"siteorigin-widget-tinymce textwidget\">\n\t<h2>I tuoi vantaggi con REISSWOLF Svizzera<\/h2>\n<ul>\n<li>Distruzione sostenibile dei documenti con reintegrazione delle materie prime nell\u2019economia circolare<\/li>\n<li>Logistica a basse emissioni di CO\u2082 e tragitti brevi grazie alla presenza di sedi regionali<\/li>\n<li>Sicurezza certificata conforme alla LPD e alla DIN 66399<\/li>\n<li>Recupero dell\u2019argento come fattore di sostenibilit\u00e0<\/li>\n<li>Partner affidabile per aziende, amministrazioni, studi medici e istituzioni<\/li>\n<\/ul>\n<\/div>\n<\/div><\/div><\/div><\/div><\/div><div id=\"pg-5448-7\"  class=\"panel-grid panel-has-style\" ><div class=\"is-dark-ground siteorigin-panels-stretch animate-6a046e3fe0410853709321 panels-animation-hide panel-row-style panel-row-style-for-5448-7\" data-stretch-type=\"full\" data-so-animation=\"{&quot;selector&quot;:&quot;.animate-6a046e3fe0410853709321&quot;,&quot;animation&quot;:&quot;fadeInUp&quot;,&quot;breakpoint&quot;:&quot;780px&quot;,&quot;duration&quot;:1,&quot;repeat&quot;:0,&quot;hide&quot;:1,&quot;disableAnimationMobile&quot;:0,&quot;finalState&quot;:&quot;visible&quot;,&quot;delay&quot;:0,&quot;debounce&quot;:0.1,&quot;event&quot;:&quot;enter&quot;,&quot;offset&quot;:0}\" ><div class=\"so-panels-full-wrapper\" ><div id=\"pgc-5448-7-0\"  class=\"panel-grid-cell\" ><div id=\"panel-5448-7-0-0\" class=\"so-panel widget widget_sow-editor panel-first-child panel-last-child widgetopts-SO\" data-index=\"10\" ><div class=\"panel-widget-style panel-widget-style-for-5448-7-0-0\" ><div\n\t\t\t\n\t\t\tclass=\"so-widget-sow-editor so-widget-sow-editor-base\"\n\t\t\t\n\t\t>\n<div class=\"siteorigin-widget-tinymce textwidget\">\n\t<p style=\"text-align: center; font-size: 1.2em;\">Distruggere i documenti in modo ecologico \u2013 <span style=\"color: #ffffff;\"><a style=\"color: #ffffff;\" href=\"https:\/\/offer.reisswolf.ch\/de\/type\">Richiedi un preventivo<\/a><\/span><\/p>\n<\/div>\n<\/div><\/div><\/div><\/div><\/div><\/div><\/div><div id=\"pg-5448-8\"  class=\"panel-grid panel-has-style\" ><div class=\"panel-row-style panel-row-style-for-5448-8\" ><div id=\"pgc-5448-8-0\"  class=\"panel-grid-cell\" ><div id=\"panel-5448-8-0-0\" class=\"so-panel widget widget_so-premium-mirror-widget panel-first-child panel-last-child\" data-index=\"11\" ><div\n\t\t\t\n\t\t\tclass=\"so-widget-so-premium-mirror-widget so-widget-so-premium-mirror-widget-default-d75171398898-5448\"\n\t\t\t\n\t\t><div id=\"pl-w6a046e3fe18d7\"  class=\"panel-layout\" ><div id=\"pg-w6a046e3fe18d7-0\"  class=\"panel-grid panel-has-style\" ><div class=\"is-contact-widget panel-row-style panel-row-style-for-w6a046e3fe18d7-0\" ><div id=\"pgc-w6a046e3fe18d7-0-0\"  class=\"panel-grid-cell\" ><div id=\"panel-w6a046e3fe18d7-0-0-0\" class=\"so-panel widget widget_sow-editor panel-first-child panel-last-child widgetopts-SO\" data-index=\"0\" ><div\n\t\t\t\n\t\t\tclass=\"so-widget-sow-editor so-widget-sow-editor-base\"\n\t\t\t\n\t\t>\n<div class=\"siteorigin-widget-tinymce textwidget\">\n\t<p>[cplz_contact_widget]<\/p>\n<\/div>\n<\/div><\/div><\/div><\/div><\/div><\/div><\/div><\/div><\/div><\/div><\/div><\/div>","protected":false},"excerpt":{"rendered":"<p>Sostenibilit\u00e0 da REISSWOLF in Svizzera Agire in modo responsabile. Usare le risorse con parsimonia. Chiudere i cerchi. La nostra concezione della sostenibilit\u00e0 nella distruzione documentale. &nbsp; La sostenibilit\u00e0 per REISSWOLF Svizzera non \u00e8 un\u2019aggiunta, bens\u00ec una componente fissa del nostro operato quotidiano. In quanto parte del Gruppo Paprec ci impegniamo a usare le risorse in [&hellip;]<\/p>\n","protected":false},"author":3,"featured_media":0,"parent":5394,"menu_order":0,"comment_status":"closed","ping_status":"closed","template":"","meta":{"inline_featured_image":false,"footnotes":""},"class_list":["post-5448","page","type-page","status-publish","hentry"],"yoast_head":"<!-- This site is optimized with the Yoast SEO plugin v26.3 - https:\/\/yoast.com\/wordpress\/plugins\/seo\/ -->\n<title>Sostenibilit\u00e0 nella distruzione documenti | REISSWOLF Svizzera<\/title>\n<meta name=\"description\" content=\"REISSWOLF Svizzera unisce distruzione sicura dei dati e sostenibilit\u00e0: riciclo della carta, recupero dell\u2019argento, logistica a basse emissioni.\" \/>\n<meta name=\"robots\" content=\"index, follow, max-snippet:-1, max-image-preview:large, max-video-preview:-1\" \/>\n<link rel=\"canonical\" href=\"https:\/\/www.reisswolf.ch\/it\/azienda\/sostenibilita\/\" \/>\n<meta property=\"og:locale\" content=\"it_IT\" \/>\n<meta property=\"og:type\" content=\"article\" \/>\n<meta property=\"og:title\" content=\"Sostenibilit\u00e0 nella distruzione documenti | REISSWOLF Svizzera\" \/>\n<meta property=\"og:description\" content=\"REISSWOLF Svizzera unisce distruzione sicura dei dati e sostenibilit\u00e0: riciclo della carta, recupero dell\u2019argento, logistica a basse emissioni.\" \/>\n<meta property=\"og:url\" content=\"https:\/\/www.reisswolf.ch\/it\/azienda\/sostenibilita\/\" \/>\n<meta property=\"og:site_name\" content=\"Reisswolf\" \/>\n<meta property=\"article:publisher\" content=\"https:\/\/www.linkedin.com\/showcase\/reisswolf-aktenvernichtung-schweiz\/\" \/>\n<meta property=\"article:modified_time\" content=\"2025-12-28T13:27:10+00:00\" \/>\n<meta property=\"og:image\" content=\"https:\/\/www.reisswolf.ch\/wp-content\/uploads\/2025\/10\/csr-strategie-nachhaltigkeit-paprec-reisswolf-schweiz.jpg\" \/>\n<meta name=\"twitter:card\" content=\"summary_large_image\" \/>\n<meta name=\"twitter:label1\" content=\"Tempo di lettura stimato\" \/>\n\t<meta name=\"twitter:data1\" content=\"3 minuti\" \/>\n<!-- \/ Yoast SEO plugin. -->","yoast_head_json":{"title":"Sostenibilit\u00e0 nella distruzione documenti | REISSWOLF Svizzera","description":"REISSWOLF Svizzera unisce distruzione sicura dei dati e sostenibilit\u00e0: riciclo della carta, recupero dell\u2019argento, logistica a basse emissioni.","robots":{"index":"index","follow":"follow","max-snippet":"max-snippet:-1","max-image-preview":"max-image-preview:large","max-video-preview":"max-video-preview:-1"},"canonical":"https:\/\/www.reisswolf.ch\/it\/azienda\/sostenibilita\/","og_locale":"it_IT","og_type":"article","og_title":"Sostenibilit\u00e0 nella distruzione documenti | REISSWOLF Svizzera","og_description":"REISSWOLF Svizzera unisce distruzione sicura dei dati e sostenibilit\u00e0: riciclo della carta, recupero dell\u2019argento, logistica a basse emissioni.","og_url":"https:\/\/www.reisswolf.ch\/it\/azienda\/sostenibilita\/","og_site_name":"Reisswolf","article_publisher":"https:\/\/www.linkedin.com\/showcase\/reisswolf-aktenvernichtung-schweiz\/","article_modified_time":"2025-12-28T13:27:10+00:00","og_image":[{"url":"https:\/\/www.reisswolf.ch\/wp-content\/uploads\/2025\/10\/csr-strategie-nachhaltigkeit-paprec-reisswolf-schweiz.jpg","type":"","width":"","height":""}],"twitter_card":"summary_large_image","twitter_misc":{"Tempo di lettura stimato":"3 minuti"},"schema":{"@context":"https:\/\/schema.org","@graph":[{"@type":"WebPage","@id":"https:\/\/www.reisswolf.ch\/it\/azienda\/sostenibilita\/","url":"https:\/\/www.reisswolf.ch\/it\/azienda\/sostenibilita\/","name":"Sostenibilit\u00e0 nella distruzione documenti | REISSWOLF Svizzera","isPartOf":{"@id":"https:\/\/www.reisswolf.ch\/#website"},"primaryImageOfPage":{"@id":"https:\/\/www.reisswolf.ch\/it\/azienda\/sostenibilita\/#primaryimage"},"image":{"@id":"https:\/\/www.reisswolf.ch\/it\/azienda\/sostenibilita\/#primaryimage"},"thumbnailUrl":"https:\/\/www.reisswolf.ch\/wp-content\/uploads\/2025\/10\/csr-strategie-nachhaltigkeit-paprec-reisswolf-schweiz.jpg","datePublished":"2023-06-28T09:57:49+00:00","dateModified":"2025-12-28T13:27:10+00:00","description":"REISSWOLF Svizzera unisce distruzione sicura dei dati e sostenibilit\u00e0: riciclo della carta, recupero dell\u2019argento, logistica a basse emissioni.","breadcrumb":{"@id":"https:\/\/www.reisswolf.ch\/it\/azienda\/sostenibilita\/#breadcrumb"},"inLanguage":"it-IT","potentialAction":[{"@type":"ReadAction","target":["https:\/\/www.reisswolf.ch\/it\/azienda\/sostenibilita\/"]}]},{"@type":"ImageObject","inLanguage":"it-IT","@id":"https:\/\/www.reisswolf.ch\/it\/azienda\/sostenibilita\/#primaryimage","url":"https:\/\/www.reisswolf.ch\/wp-content\/uploads\/2025\/10\/csr-strategie-nachhaltigkeit-paprec-reisswolf-schweiz.jpg","contentUrl":"https:\/\/www.reisswolf.ch\/wp-content\/uploads\/2025\/10\/csr-strategie-nachhaltigkeit-paprec-reisswolf-schweiz.jpg"},{"@type":"BreadcrumbList","@id":"https:\/\/www.reisswolf.ch\/it\/azienda\/sostenibilita\/#breadcrumb","itemListElement":[{"@type":"ListItem","position":1,"name":"Startseite","item":"https:\/\/www.reisswolf.ch\/it\/"},{"@type":"ListItem","position":2,"name":"L\u2019azienda","item":"https:\/\/www.reisswolf.ch\/it\/azienda\/"},{"@type":"ListItem","position":3,"name":"Sostenibilit\u00e0"}]},{"@type":"WebSite","@id":"https:\/\/www.reisswolf.ch\/#website","url":"https:\/\/www.reisswolf.ch\/","name":"Reisswolf","description":"Reisswolf","publisher":{"@id":"https:\/\/www.reisswolf.ch\/#organization"},"potentialAction":[{"@type":"SearchAction","target":{"@type":"EntryPoint","urlTemplate":"https:\/\/www.reisswolf.ch\/?s={search_term_string}"},"query-input":{"@type":"PropertyValueSpecification","valueRequired":true,"valueName":"search_term_string"}}],"inLanguage":"it-IT"},{"@type":"Organization","@id":"https:\/\/www.reisswolf.ch\/#organization","name":"REISSWOLF Schweiz AG","url":"https:\/\/www.reisswolf.ch\/","logo":{"@type":"ImageObject","inLanguage":"it-IT","@id":"https:\/\/www.reisswolf.ch\/#\/schema\/logo\/image\/","url":"https:\/\/www.reisswolf.ch\/wp-content\/uploads\/2025\/10\/logo-reisswolf.svg","contentUrl":"https:\/\/www.reisswolf.ch\/wp-content\/uploads\/2025\/10\/logo-reisswolf.svg","width":"1024","height":"1024","caption":"REISSWOLF Schweiz AG"},"image":{"@id":"https:\/\/www.reisswolf.ch\/#\/schema\/logo\/image\/"},"sameAs":["https:\/\/www.linkedin.com\/showcase\/reisswolf-aktenvernichtung-schweiz\/"]}]}},"_links":{"self":[{"href":"https:\/\/www.reisswolf.ch\/it\/wp-json\/wp\/v2\/pages\/5448","targetHints":{"allow":["GET"]}}],"collection":[{"href":"https:\/\/www.reisswolf.ch\/it\/wp-json\/wp\/v2\/pages"}],"about":[{"href":"https:\/\/www.reisswolf.ch\/it\/wp-json\/wp\/v2\/types\/page"}],"author":[{"embeddable":true,"href":"https:\/\/www.reisswolf.ch\/it\/wp-json\/wp\/v2\/users\/3"}],"replies":[{"embeddable":true,"href":"https:\/\/www.reisswolf.ch\/it\/wp-json\/wp\/v2\/comments?post=5448"}],"version-history":[{"count":11,"href":"https:\/\/www.reisswolf.ch\/it\/wp-json\/wp\/v2\/pages\/5448\/revisions"}],"predecessor-version":[{"id":10541,"href":"https:\/\/www.reisswolf.ch\/it\/wp-json\/wp\/v2\/pages\/5448\/revisions\/10541"}],"up":[{"embeddable":true,"href":"https:\/\/www.reisswolf.ch\/it\/wp-json\/wp\/v2\/pages\/5394"}],"wp:attachment":[{"href":"https:\/\/www.reisswolf.ch\/it\/wp-json\/wp\/v2\/media?parent=5448"}],"curies":[{"name":"wp","href":"https:\/\/api.w.org\/{rel}","templated":true}]}}