{"id":5397,"date":"2023-11-21T17:03:33","date_gmt":"2023-11-21T16:03:33","guid":{"rendered":"https:\/\/preprod.reisswolf.ch\/zertifikate-iq-net-und-sqs\/"},"modified":"2025-12-28T14:24:11","modified_gmt":"2025-12-28T13:24:11","slug":"smaltimento-certificato-svizzera","status":"publish","type":"page","link":"https:\/\/www.reisswolf.ch\/it\/sicurezza\/smaltimento-certificato-svizzera\/","title":{"rendered":"Certificati SQS e P\u00dcG"},"content":{"rendered":"<div id=\"pl-5397\"  class=\"panel-layout\" ><div id=\"pg-5397-0\"  class=\"panel-grid panel-has-style\" ><div class=\"hero-row-flex siteorigin-panels-stretch panel-row-style panel-row-style-for-5397-0\" data-stretch-type=\"full-width-stretch\" ><div id=\"pgc-5397-0-0\"  class=\"panel-grid-cell panel-grid-cell-mobile-last\" ><div id=\"panel-5397-0-0-0\" class=\"so-panel widget widget_sow-editor panel-first-child panel-last-child widgetopts-SO\" data-index=\"0\" ><div class=\"panel-widget-style panel-widget-style-for-5397-0-0-0\" ><div\n\t\t\t\n\t\t\tclass=\"so-widget-sow-editor so-widget-sow-editor-base\"\n\t\t\t\n\t\t>\n<div class=\"siteorigin-widget-tinymce textwidget\">\n\t<h1>Smaltimento certificato<\/h1>\n<\/div>\n<\/div><\/div><\/div><\/div><div id=\"pgc-5397-0-1\"  class=\"panel-grid-cell panel-grid-cell-empty\" ><\/div><\/div><\/div><div id=\"pg-5397-1\"  class=\"panel-grid panel-has-style\" ><div class=\"animate-69de4a54462a6520657980 panels-animation-hide panel-row-style panel-row-style-for-5397-1\" data-so-animation=\"{&quot;selector&quot;:&quot;.animate-69de4a54462a6520657980&quot;,&quot;animation&quot;:&quot;fadeIn&quot;,&quot;breakpoint&quot;:&quot;780px&quot;,&quot;duration&quot;:1,&quot;repeat&quot;:0,&quot;hide&quot;:1,&quot;disableAnimationMobile&quot;:0,&quot;finalState&quot;:&quot;visible&quot;,&quot;delay&quot;:0,&quot;debounce&quot;:0.1,&quot;event&quot;:&quot;enter&quot;,&quot;offset&quot;:0}\" ><div id=\"pgc-5397-1-0\"  class=\"panel-grid-cell\" ><div id=\"panel-5397-1-0-0\" class=\"so-panel widget widget_sow-editor panel-first-child panel-last-child widgetopts-SO\" data-index=\"1\" ><div\n\t\t\t\n\t\t\tclass=\"so-widget-sow-editor so-widget-sow-editor-base\"\n\t\t\t\n\t\t>\n<div class=\"siteorigin-widget-tinymce textwidget\">\n\t<h2 style=\"text-align: center;\">La nostra competenza \u00e8 la tua garanzia<\/h2>\n<p>&nbsp;<\/p>\n<p style=\"text-align: center;\">REISSWOLF Svizzera \u00e8 sinonimo di massimi standard di qualit\u00e0 nella distruzione dei dati. In quanto specialisti nello smaltimento di documenti cartacei, supporti digitali e archivi contenenti dati sensibili nel rispetto della legge svizzera sulla protezione dei dati (LPD), puntiamo su una sicurezza comprovata. I nostri processi, oltre a essere conformi alla normativa in materia, sono ampiamente certificati e controllati da enti indipendenti. Questo nostro modus operandi crea un clima di fiducia in aziende, amministrazioni, cliniche e studi legali a livello nazionale.<\/p>\n<p style=\"text-align: center;\"><strong>Il nostro obiettivo: non scendere a compromessi in fatto di protezione dei dati, qualit\u00e0 e tracciabilit\u00e0.<\/strong><\/p>\n<\/div>\n<\/div><\/div><\/div><\/div><\/div><div id=\"pg-5397-2\"  class=\"panel-grid panel-has-style\" ><div class=\"is-has-overlay so-parallax siteorigin-panels-stretch panel-row-style panel-row-style-for-5397-2\" data-stretch-type=\"full-width-stretch\" ><img decoding=\"async\" loading=\"lazy\" width=\"2000\" height=\"848\" src=\"https:\/\/www.reisswolf.ch\/wp-content\/uploads\/2025\/10\/reisswolf-alles-aus-einer-hand-datenschutz.jpg\" class=\"attachment-full size-full\" alt=\"REISSWOLF Mitarbeitender mit Sicherheitsjacke \u2013 Symbol f\u00fcr zertifizierten Datenschutz und professionelle Entsorgungsl\u00f6sungen in der Schweiz\" data-siteorigin-parallax=\"true\" loading=\"eager\" srcset=\"https:\/\/www.reisswolf.ch\/wp-content\/uploads\/2025\/10\/reisswolf-alles-aus-einer-hand-datenschutz.jpg 2000w, https:\/\/www.reisswolf.ch\/wp-content\/uploads\/2025\/10\/reisswolf-alles-aus-einer-hand-datenschutz-300x127.jpg 300w, https:\/\/www.reisswolf.ch\/wp-content\/uploads\/2025\/10\/reisswolf-alles-aus-einer-hand-datenschutz-1024x434.jpg 1024w, https:\/\/www.reisswolf.ch\/wp-content\/uploads\/2025\/10\/reisswolf-alles-aus-einer-hand-datenschutz-768x326.jpg 768w, https:\/\/www.reisswolf.ch\/wp-content\/uploads\/2025\/10\/reisswolf-alles-aus-einer-hand-datenschutz-1536x651.jpg 1536w\" sizes=\"auto, (max-width: 2000px) 100vw, 2000px\" \/><div id=\"pgc-5397-2-0\"  class=\"panel-grid-cell\" ><div id=\"panel-5397-2-0-0\" class=\"so-panel widget widget_sow-editor panel-first-child panel-last-child widgetopts-SO\" data-index=\"2\" ><div class=\"list-line-white panel-widget-style panel-widget-style-for-5397-2-0-0\" ><div\n\t\t\t\n\t\t\tclass=\"so-widget-sow-editor so-widget-sow-editor-base\"\n\t\t\t\n\t\t>\n<div class=\"siteorigin-widget-tinymce textwidget\">\n\t<h2><span style=\"color: #ffffff;\">Sicurezza certificata, dall\u2019inizio alla fine<\/span><\/h2>\n<p class=\"p1\"><span style=\"color: #ffffff;\">I NOSTRI STANDARD, LA TUA FIDUCIA<\/span><\/p>\n<p>&nbsp;<\/p>\n<p style=\"text-align: left; line-height: 1.8;\"><span style=\"color: #ffffff;\">\u2714 Processi certificati in conformit\u00e0 a ISO 9001, 14001 e 45001<\/span><br \/>\n<span style=\"color: #ffffff;\">\u2714 Distruzione di supporti dati a norma ISO\/IEC 21964 e DIN 66399<\/span><br \/>\n<span style=\"color: #ffffff;\">\u2714 Certificazione delle sedi di Basilea, Zurigo, Lucerna e Ginevra<\/span><br \/>\n<span style=\"color: #ffffff;\">\u2714 Marchio PZERT per impianti fissi e mobili<\/span><br \/>\n<span style=\"color: #ffffff;\">\u2714 Audit annuali da parte di enti indipendenti<\/span><\/p>\n<p>&nbsp;<\/p>\n<\/div>\n<\/div><\/div><\/div><\/div><\/div><\/div><div id=\"pg-5397-3\"  class=\"panel-grid panel-has-style\" ><div class=\"animate-69de4a5446892049215637 panel-row-style panel-row-style-for-5397-3\" data-so-animation=\"{&quot;selector&quot;:&quot;.animate-69de4a5446892049215637&quot;,&quot;animation&quot;:&quot;fadeIn&quot;,&quot;breakpoint&quot;:&quot;780px&quot;,&quot;duration&quot;:1,&quot;repeat&quot;:0,&quot;hide&quot;:0,&quot;disableAnimationMobile&quot;:0,&quot;finalState&quot;:&quot;visible&quot;,&quot;delay&quot;:0,&quot;debounce&quot;:0.1,&quot;event&quot;:&quot;enter&quot;,&quot;offset&quot;:0}\" ><div id=\"pgc-5397-3-0\"  class=\"panel-grid-cell\" ><div id=\"panel-5397-3-0-0\" class=\"so-panel widget widget_sow-editor panel-first-child panel-last-child widgetopts-SO\" data-index=\"3\" ><div class=\"list-line-highlight panel-widget-style panel-widget-style-for-5397-3-0-0\" ><div\n\t\t\t\n\t\t\tclass=\"so-widget-sow-editor so-widget-sow-editor-base\"\n\t\t\t\n\t\t>\n<div class=\"siteorigin-widget-tinymce textwidget\">\n\t<p style=\"margin-bottom: 24px;\">Quest\u2019impegno costante viene garantito mediante un sistema di gestione per la qualit\u00e0 integrato, che comprende dipendenti qualificati ed esperti, impianti e macchinari moderni e perfettamente messi a punto e strumenti interni per il controllo continuo dei processi. La qualit\u00e0 viene inoltre monitorata periodicamente da istituti esterni e indipendenti.<\/p>\n<h4 style=\"margin-top: 40px; margin-bottom: 12px;\"><strong>SQS<\/strong><\/h4>\n<ul style=\"margin-bottom: 24px;\">\n<li>ISO 9001:2015 \/ Sistema di gestione della qualit\u00e0<\/li>\n<li>ISO 14001:2015 \/ Sistema di gestione ambientale<\/li>\n<li>ISO 45001:2018 \/ Sistema di gestione della salute e sicurezza sul lavoro<\/li>\n<\/ul>\n<ul style=\"margin-bottom: 48px;\">\n<li><a href=\"https:\/\/www.reisswolf.ch\/wp-content\/uploads\/2025\/07\/Zertifikat-Basel_de.pdf\" target=\"_blank\" rel=\"noopener noreferrer\">Certificato Basilea (PDF)<\/a><\/li>\n<li><a href=\"https:\/\/www.reisswolf.ch\/wp-content\/uploads\/2025\/07\/Zertifikat-Genf_de.pdf\" target=\"_blank\" rel=\"noopener noreferrer\">Certificato Ginevra (PDF)<\/a><\/li>\n<li><a href=\"https:\/\/www.reisswolf.ch\/wp-content\/uploads\/2025\/07\/Zertifikat-Luzern_de.pdf\" target=\"_blank\" rel=\"noopener noreferrer\">Certificato Lucerna (PDF)<\/a><\/li>\n<li><a href=\"https:\/\/www.reisswolf.ch\/wp-content\/uploads\/2025\/07\/Zertifikat-Zuerich_de.pdf\" target=\"_blank\" rel=\"noopener noreferrer\">Certificato Zurigo (PDF)<\/a><\/li>\n<\/ul>\n<h4 style=\"margin-top: 40px; margin-bottom: 12px;\">PZERT<\/h4>\n<p style=\"margin-bottom: 16px;\">PZERT DIN 66399 livelli 1, 2, 3 e ISO\/IEC 21964-1:2018-08, -2:2018-08, -3:2018-08<\/p>\n<ul style=\"margin-bottom: 48px;\">\n<li><a href=\"https:\/\/www.reisswolf.ch\/wp-content\/uploads\/2025\/07\/Zertifikat-PCERT-Reisswolf-Basel-DE_PDF-Variante-3-\u2013-Datentraegervernichtung-durch-stationaere-Anlage.pdf\" target=\"_blank\" rel=\"noopener\">Certificato Basilea (PDF)<\/a><\/li>\n<li><a href=\"https:\/\/www.reisswolf.ch\/wp-content\/uploads\/2025\/07\/Zertifikat-PCERT-Reisswolf-Genf-DE_PDF-Variante-3-\u2013-Datentraegervernichtung-durch-stationaere-Anlage.pdf\" target=\"_blank\" rel=\"noopener\">Certificato Ginevra (PDF)<\/a><\/li>\n<li><a href=\"https:\/\/www.reisswolf.ch\/wp-content\/uploads\/2025\/07\/Zertifikat-PCERT-Reisswolf-Luzern-DE_PDF-Variante-3-\u2013-Datentraegervernichtung-durch-stationaere-Anlage.pdf\" target=\"_blank\" rel=\"noopener\">Certificato Lucerna (PDF)<\/a><\/li>\n<li><a href=\"https:\/\/www.reisswolf.ch\/wp-content\/uploads\/2025\/07\/Zertifikat-PZERT-Reisswolf-Zuerich-DE_PDF-Variante-3-\u2013-Datentraegervernichtung-durch-stationaere-Anlage.pdf\" target=\"_blank\" rel=\"noopener\">Certificato Zurigo (PDF)<\/a><\/li>\n<li><a href=\"https:\/\/www.reisswolf.ch\/wp-content\/uploads\/2025\/07\/Zertifikat-PZERT-Reisswolf-Zuerich-DE_PDF-Variante-3-\u2013-Datentraegervernichtung-durch-mobile-Anlage.pdf\" target=\"_blank\" rel=\"noopener\">Trituratore mobile: certificato REISSWOLF Zurigo (PDF)<\/a><\/li>\n<\/ul>\n<h3 style=\"margin-top: 40px; margin-bottom: 16px;\">CG<\/h3>\n<ul style=\"margin-bottom: 32px;\">\n<li><a href=\"https:\/\/www.reisswolf.ch\/wp-content\/uploads\/2024\/08\/AGB-Reisswolf.pdf\" target=\"_blank\" rel=\"noopener noreferrer\">Condizioni generali di contratto (PDF)<\/a><\/li>\n<\/ul>\n<\/div>\n<\/div><\/div><\/div><\/div><\/div><\/div><div id=\"pg-5397-4\"  class=\"panel-grid panel-has-style\" ><div class=\"panel-row-style panel-row-style-for-5397-4\" ><div id=\"pgc-5397-4-0\"  class=\"panel-grid-cell\" ><div id=\"panel-5397-4-0-0\" class=\"so-panel widget widget_so-premium-mirror-widget panel-first-child panel-last-child\" data-index=\"4\" ><div\n\t\t\t\n\t\t\tclass=\"so-widget-so-premium-mirror-widget so-widget-so-premium-mirror-widget-default-d75171398898-5397\"\n\t\t\t\n\t\t><div id=\"pl-w69de4a5447ddf\"  class=\"panel-layout\" ><div id=\"pg-w69de4a5447ddf-0\"  class=\"panel-grid panel-has-style\" ><div class=\"is-contact-widget panel-row-style panel-row-style-for-w69de4a5447ddf-0\" ><div id=\"pgc-w69de4a5447ddf-0-0\"  class=\"panel-grid-cell\" ><div id=\"panel-w69de4a5447ddf-0-0-0\" class=\"so-panel widget widget_sow-editor panel-first-child panel-last-child widgetopts-SO\" data-index=\"0\" ><div\n\t\t\t\n\t\t\tclass=\"so-widget-sow-editor so-widget-sow-editor-base\"\n\t\t\t\n\t\t>\n<div class=\"siteorigin-widget-tinymce textwidget\">\n\t<p>[cplz_contact_widget]<\/p>\n<\/div>\n<\/div><\/div><\/div><\/div><\/div><\/div><\/div><\/div><\/div><\/div><\/div><\/div>","protected":false},"excerpt":{"rendered":"<p>Smaltimento certificato La nostra competenza \u00e8 la tua garanzia &nbsp; REISSWOLF Svizzera \u00e8 sinonimo di massimi standard di qualit\u00e0 nella distruzione dei dati. In quanto specialisti nello smaltimento di documenti cartacei, supporti digitali e archivi contenenti dati sensibili nel rispetto della legge svizzera sulla protezione dei dati (LPD), puntiamo su una sicurezza comprovata. I nostri [&hellip;]<\/p>\n","protected":false},"author":1,"featured_media":0,"parent":5403,"menu_order":0,"comment_status":"closed","ping_status":"closed","template":"","meta":{"inline_featured_image":false,"footnotes":""},"class_list":["post-5397","page","type-page","status-publish","hentry"],"yoast_head":"<!-- This site is optimized with the Yoast SEO plugin v26.3 - https:\/\/yoast.com\/wordpress\/plugins\/seo\/ -->\n<title>Smaltimento certificato in Svizzera | Qualit\u00e0 e sicurezza dati<\/title>\n<meta name=\"description\" content=\"Smaltimento certificato di documenti e supporti dati in Svizzera. Processi conformi a LPD, DIN 66399 e ISO\/IEC 21964. Qualit\u00e0 REISSWOLF.\" \/>\n<meta name=\"robots\" content=\"index, follow, max-snippet:-1, max-image-preview:large, max-video-preview:-1\" \/>\n<link rel=\"canonical\" href=\"https:\/\/www.reisswolf.ch\/it\/sicurezza\/smaltimento-certificato-svizzera\/\" \/>\n<meta property=\"og:locale\" content=\"it_IT\" \/>\n<meta property=\"og:type\" content=\"article\" \/>\n<meta property=\"og:title\" content=\"Smaltimento certificato in Svizzera | Qualit\u00e0 e sicurezza dati\" \/>\n<meta property=\"og:description\" content=\"Smaltimento certificato di documenti e supporti dati in Svizzera. Processi conformi a LPD, DIN 66399 e ISO\/IEC 21964. Qualit\u00e0 REISSWOLF.\" \/>\n<meta property=\"og:url\" content=\"https:\/\/www.reisswolf.ch\/it\/sicurezza\/smaltimento-certificato-svizzera\/\" \/>\n<meta property=\"og:site_name\" content=\"Reisswolf\" \/>\n<meta property=\"article:publisher\" content=\"https:\/\/www.linkedin.com\/showcase\/reisswolf-aktenvernichtung-schweiz\/\" \/>\n<meta property=\"article:modified_time\" content=\"2025-12-28T13:24:11+00:00\" \/>\n<meta property=\"og:image\" content=\"https:\/\/www.reisswolf.ch\/wp-content\/uploads\/2025\/10\/reisswolf-alles-aus-einer-hand-datenschutz.jpg\" \/>\n<meta name=\"twitter:card\" content=\"summary_large_image\" \/>\n<meta name=\"twitter:label1\" content=\"Tempo di lettura stimato\" \/>\n\t<meta name=\"twitter:data1\" content=\"2 minuti\" \/>\n<!-- \/ Yoast SEO plugin. -->","yoast_head_json":{"title":"Smaltimento certificato in Svizzera | Qualit\u00e0 e sicurezza dati","description":"Smaltimento certificato di documenti e supporti dati in Svizzera. Processi conformi a LPD, DIN 66399 e ISO\/IEC 21964. Qualit\u00e0 REISSWOLF.","robots":{"index":"index","follow":"follow","max-snippet":"max-snippet:-1","max-image-preview":"max-image-preview:large","max-video-preview":"max-video-preview:-1"},"canonical":"https:\/\/www.reisswolf.ch\/it\/sicurezza\/smaltimento-certificato-svizzera\/","og_locale":"it_IT","og_type":"article","og_title":"Smaltimento certificato in Svizzera | Qualit\u00e0 e sicurezza dati","og_description":"Smaltimento certificato di documenti e supporti dati in Svizzera. Processi conformi a LPD, DIN 66399 e ISO\/IEC 21964. Qualit\u00e0 REISSWOLF.","og_url":"https:\/\/www.reisswolf.ch\/it\/sicurezza\/smaltimento-certificato-svizzera\/","og_site_name":"Reisswolf","article_publisher":"https:\/\/www.linkedin.com\/showcase\/reisswolf-aktenvernichtung-schweiz\/","article_modified_time":"2025-12-28T13:24:11+00:00","og_image":[{"url":"https:\/\/www.reisswolf.ch\/wp-content\/uploads\/2025\/10\/reisswolf-alles-aus-einer-hand-datenschutz.jpg","type":"","width":"","height":""}],"twitter_card":"summary_large_image","twitter_misc":{"Tempo di lettura stimato":"2 minuti"},"schema":{"@context":"https:\/\/schema.org","@graph":[{"@type":"WebPage","@id":"https:\/\/www.reisswolf.ch\/it\/sicurezza\/smaltimento-certificato-svizzera\/","url":"https:\/\/www.reisswolf.ch\/it\/sicurezza\/smaltimento-certificato-svizzera\/","name":"Smaltimento certificato in Svizzera | Qualit\u00e0 e sicurezza dati","isPartOf":{"@id":"https:\/\/www.reisswolf.ch\/#website"},"primaryImageOfPage":{"@id":"https:\/\/www.reisswolf.ch\/it\/sicurezza\/smaltimento-certificato-svizzera\/#primaryimage"},"image":{"@id":"https:\/\/www.reisswolf.ch\/it\/sicurezza\/smaltimento-certificato-svizzera\/#primaryimage"},"thumbnailUrl":"https:\/\/www.reisswolf.ch\/wp-content\/uploads\/2025\/10\/reisswolf-alles-aus-einer-hand-datenschutz.jpg","datePublished":"2023-11-21T16:03:33+00:00","dateModified":"2025-12-28T13:24:11+00:00","description":"Smaltimento certificato di documenti e supporti dati in Svizzera. Processi conformi a LPD, DIN 66399 e ISO\/IEC 21964. Qualit\u00e0 REISSWOLF.","breadcrumb":{"@id":"https:\/\/www.reisswolf.ch\/it\/sicurezza\/smaltimento-certificato-svizzera\/#breadcrumb"},"inLanguage":"it-IT","potentialAction":[{"@type":"ReadAction","target":["https:\/\/www.reisswolf.ch\/it\/sicurezza\/smaltimento-certificato-svizzera\/"]}]},{"@type":"ImageObject","inLanguage":"it-IT","@id":"https:\/\/www.reisswolf.ch\/it\/sicurezza\/smaltimento-certificato-svizzera\/#primaryimage","url":"https:\/\/www.reisswolf.ch\/wp-content\/uploads\/2025\/10\/reisswolf-alles-aus-einer-hand-datenschutz.jpg","contentUrl":"https:\/\/www.reisswolf.ch\/wp-content\/uploads\/2025\/10\/reisswolf-alles-aus-einer-hand-datenschutz.jpg"},{"@type":"BreadcrumbList","@id":"https:\/\/www.reisswolf.ch\/it\/sicurezza\/smaltimento-certificato-svizzera\/#breadcrumb","itemListElement":[{"@type":"ListItem","position":1,"name":"Startseite","item":"https:\/\/www.reisswolf.ch\/it\/"},{"@type":"ListItem","position":2,"name":"Sicurezza","item":"https:\/\/www.reisswolf.ch\/it\/sicurezza\/"},{"@type":"ListItem","position":3,"name":"Certificati SQS e P\u00dcG"}]},{"@type":"WebSite","@id":"https:\/\/www.reisswolf.ch\/#website","url":"https:\/\/www.reisswolf.ch\/","name":"Reisswolf","description":"Reisswolf","publisher":{"@id":"https:\/\/www.reisswolf.ch\/#organization"},"potentialAction":[{"@type":"SearchAction","target":{"@type":"EntryPoint","urlTemplate":"https:\/\/www.reisswolf.ch\/?s={search_term_string}"},"query-input":{"@type":"PropertyValueSpecification","valueRequired":true,"valueName":"search_term_string"}}],"inLanguage":"it-IT"},{"@type":"Organization","@id":"https:\/\/www.reisswolf.ch\/#organization","name":"REISSWOLF Schweiz AG","url":"https:\/\/www.reisswolf.ch\/","logo":{"@type":"ImageObject","inLanguage":"it-IT","@id":"https:\/\/www.reisswolf.ch\/#\/schema\/logo\/image\/","url":"https:\/\/www.reisswolf.ch\/wp-content\/uploads\/2025\/10\/logo-reisswolf.svg","contentUrl":"https:\/\/www.reisswolf.ch\/wp-content\/uploads\/2025\/10\/logo-reisswolf.svg","width":"1024","height":"1024","caption":"REISSWOLF Schweiz AG"},"image":{"@id":"https:\/\/www.reisswolf.ch\/#\/schema\/logo\/image\/"},"sameAs":["https:\/\/www.linkedin.com\/showcase\/reisswolf-aktenvernichtung-schweiz\/"]}]}},"_links":{"self":[{"href":"https:\/\/www.reisswolf.ch\/it\/wp-json\/wp\/v2\/pages\/5397","targetHints":{"allow":["GET"]}}],"collection":[{"href":"https:\/\/www.reisswolf.ch\/it\/wp-json\/wp\/v2\/pages"}],"about":[{"href":"https:\/\/www.reisswolf.ch\/it\/wp-json\/wp\/v2\/types\/page"}],"author":[{"embeddable":true,"href":"https:\/\/www.reisswolf.ch\/it\/wp-json\/wp\/v2\/users\/1"}],"replies":[{"embeddable":true,"href":"https:\/\/www.reisswolf.ch\/it\/wp-json\/wp\/v2\/comments?post=5397"}],"version-history":[{"count":11,"href":"https:\/\/www.reisswolf.ch\/it\/wp-json\/wp\/v2\/pages\/5397\/revisions"}],"predecessor-version":[{"id":10539,"href":"https:\/\/www.reisswolf.ch\/it\/wp-json\/wp\/v2\/pages\/5397\/revisions\/10539"}],"up":[{"embeddable":true,"href":"https:\/\/www.reisswolf.ch\/it\/wp-json\/wp\/v2\/pages\/5403"}],"wp:attachment":[{"href":"https:\/\/www.reisswolf.ch\/it\/wp-json\/wp\/v2\/media?parent=5397"}],"curies":[{"name":"wp","href":"https:\/\/api.w.org\/{rel}","templated":true}]}}