{"id":6138,"date":"2023-12-01T08:17:42","date_gmt":"2023-12-01T07:17:42","guid":{"rendered":"https:\/\/preprod.reisswolf.ch\/?page_id=6138"},"modified":"2023-12-01T08:41:00","modified_gmt":"2023-12-01T07:41:00","slug":"mentions-legales","status":"publish","type":"page","link":"https:\/\/www.reisswolf.ch\/fr\/mentions-legales\/","title":{"rendered":"Mentions l\u00e9gales"},"content":{"rendered":"<div id=\"pl-6138\"  class=\"panel-layout\" ><div id=\"pg-6138-0\"  class=\"panel-grid panel-has-style\" ><div class=\"siteorigin-panels-stretch panel-row-style panel-row-style-for-6138-0\" data-stretch-type=\"full-stretched\" ><div id=\"pgc-6138-0-0\"  class=\"panel-grid-cell\" ><div id=\"panel-6138-0-0-0\" class=\"so-panel widget widget_sow-hero panel-first-child panel-last-child\" data-index=\"0\" ><div class=\"is-content-header panel-widget-style panel-widget-style-for-6138-0-0-0\" ><div\n\t\t\t\n\t\t\tclass=\"so-widget-sow-hero so-widget-sow-hero-default-3ce139164ae8-6138 so-widget-fittext-wrapper\"\n\t\t\t\n\t\t>\t\t\t\t<div class=\"sow-slider-base\" style=\"display: none\" tabindex=\"0\">\n\t\t\t\t\t<ul\n\t\t\t\t\tclass=\"sow-slider-images\"\n\t\t\t\t\tdata-settings=\"{&quot;pagination&quot;:true,&quot;speed&quot;:800,&quot;timeout&quot;:8000,&quot;paused&quot;:false,&quot;pause_on_hover&quot;:false,&quot;swipe&quot;:true,&quot;nav_always_show_desktop&quot;:&quot;&quot;,&quot;nav_always_show_mobile&quot;:&quot;&quot;,&quot;breakpoint&quot;:&quot;780px&quot;,&quot;unmute&quot;:false,&quot;anchor&quot;:null}\"\n\t\t\t\t\t\t\t\t\t\tdata-anchor-id=\"\"\n\t\t\t\t>\t\t<li class=\"sow-slider-image  sow-slider-image-cover\" style=\"visibility: visible;;background-image: url(https:\/\/www.reisswolf.ch\/wp-content\/uploads\/2023\/11\/Geschaeftsleitung-Reisswolf-Schweiz-2000x400-1.jpg)\" >\n\t\t\t\t\t<div class=\"sow-slider-image-container\">\n\t\t\t<div class=\"sow-slider-image-wrapper\">\n\t\t\t\t\t\t\t<\/div>\n\t\t<\/div>\n\t\t\t\t<\/li>\n\t\t<\/ul>\t\t\t\t<ol class=\"sow-slider-pagination\">\n\t\t\t\t\t\t\t\t\t\t\t<li><a href=\"#\" data-goto=\"0\" aria-label=\"Display slide 1\"><\/a><\/li>\n\t\t\t\t\t\t\t\t\t<\/ol>\n\n\t\t\t\t<div class=\"sow-slide-nav sow-slide-nav-next\">\n\t\t\t\t\t<a href=\"#\" data-goto=\"next\" aria-label=\"Next slide\" data-action=\"next\">\n\t\t\t\t\t\t<em class=\"sow-sld-icon-thin-right\"><\/em>\n\t\t\t\t\t<\/a>\n\t\t\t\t<\/div>\n\n\t\t\t\t<div class=\"sow-slide-nav sow-slide-nav-prev\">\n\t\t\t\t\t<a href=\"#\" data-goto=\"previous\" aria-label=\"Previous slide\" data-action=\"prev\">\n\t\t\t\t\t\t<em class=\"sow-sld-icon-thin-left\"><\/em>\n\t\t\t\t\t<\/a>\n\t\t\t\t<\/div>\n\t\t\t\t<\/div><\/div><\/div><\/div><\/div><\/div><\/div><div id=\"pg-6138-1\"  class=\"panel-grid panel-has-style\" ><div id=\"vertrieb-dach\" class=\"panel-row-style panel-row-style-for-6138-1\" ><div id=\"pgc-6138-1-0\"  class=\"panel-grid-cell\" ><div id=\"panel-6138-1-0-0\" class=\"so-panel widget widget_sow-editor panel-first-child panel-last-child\" data-index=\"1\" ><div\n\t\t\t\n\t\t\tclass=\"so-widget-sow-editor so-widget-sow-editor-base\"\n\t\t\t\n\t\t><h3 class=\"widget-title\"><h1>Mentions l\u00e9gales<\/h1><\/h3>\n<div class=\"siteorigin-widget-tinymce textwidget\">\n\t<h4>INFORMATIONS SUR L\u2019ENTREPRISE<\/h4>\n<p><strong>Adresse de contact<br \/>\n<\/strong>Reisswolf Aktenvernichtungs-AG<br \/>\nLindenstrasse 3<br \/>\n8108 D\u00e4llikon<br \/>\n+41 44 844 24 04<\/p>\n<p>&nbsp;<\/p>\n<p><strong>Repr\u00e9sentants l\u00e9gaux<br \/>\n<\/strong>Christophe Gence, Administrateur D\u00e9l\u00e9gu\u00e9 et CEO<strong><br \/>\n<\/strong>Saskia Strahberger, CFO \/ Commissaire charg\u00e9 de la protection des donn\u00e9es<\/p>\n<p>&nbsp;<\/p>\n<p><strong>Inscription au registre du commerce\u00a0<\/strong><br \/>\nRaison sociale : Reisswolf Aktenvernichtungs-AG<br \/>\nCHE-108.731.326<br \/>\nBureau du registre de commerce de Zurich<\/p>\n<p>&nbsp;<\/p>\n<p><strong>Num\u00e9ro TVA<\/strong><br \/>\nCHE-108.731.326 TVA<\/p>\n<\/div>\n<\/div><\/div><\/div><\/div><\/div><div id=\"pg-6138-2\"  class=\"panel-grid panel-has-style\" ><div class=\"panel-row-style panel-row-style-for-6138-2\" ><div id=\"pgc-6138-2-0\"  class=\"panel-grid-cell\" ><div id=\"panel-6138-2-0-0\" class=\"so-panel widget widget_so-premium-mirror-widget panel-first-child panel-last-child\" data-index=\"2\" ><div\n\t\t\t\n\t\t\tclass=\"so-widget-so-premium-mirror-widget so-widget-so-premium-mirror-widget-default-d75171398898-6138\"\n\t\t\t\n\t\t><div id=\"pl-w69e06fba0dabd\"  class=\"panel-layout\" ><div id=\"pg-w69e06fba0dabd-0\"  class=\"panel-grid panel-has-style\" ><div class=\"is-contact-widget panel-row-style panel-row-style-for-w69e06fba0dabd-0\" ><div id=\"pgc-w69e06fba0dabd-0-0\"  class=\"panel-grid-cell\" ><div id=\"panel-w69e06fba0dabd-0-0-0\" class=\"so-panel widget widget_sow-editor panel-first-child panel-last-child widgetopts-SO\" data-index=\"0\" ><div\n\t\t\t\n\t\t\tclass=\"so-widget-sow-editor so-widget-sow-editor-base\"\n\t\t\t\n\t\t>\n<div class=\"siteorigin-widget-tinymce textwidget\">\n\t<p>[cplz_contact_widget]<\/p>\n<\/div>\n<\/div><\/div><\/div><\/div><\/div><\/div><\/div><\/div><\/div><\/div><\/div><\/div>","protected":false},"excerpt":{"rendered":"<p>INFORMATIONS SUR L\u2019ENTREPRISE Adresse de contact Reisswolf Aktenvernichtungs-AG Lindenstrasse 3 8108 D\u00e4llikon +41 44 844 24 04 &nbsp; Repr\u00e9sentants l\u00e9gaux Christophe Gence, Administrateur D\u00e9l\u00e9gu\u00e9 et CEO Saskia Strahberger, CFO \/ Commissaire charg\u00e9 de la protection des donn\u00e9es &nbsp; Inscription au registre du commerce\u00a0 Raison sociale : Reisswolf Aktenvernichtungs-AG CHE-108.731.326 Bureau du registre de commerce de [&hellip;]<\/p>\n","protected":false},"author":1,"featured_media":0,"parent":0,"menu_order":0,"comment_status":"closed","ping_status":"closed","template":"","meta":{"inline_featured_image":false,"footnotes":""},"class_list":["post-6138","page","type-page","status-publish","hentry"],"yoast_head":"<!-- This site is optimized with the Yoast SEO plugin v26.3 - https:\/\/yoast.com\/wordpress\/plugins\/seo\/ -->\n<title>\u25b7 Mentions l\u00e9gales | Informations sur l&#039;entreprise \u00bb reisswolf.ch \u00bb Destruction de documents, proc\u00e9d\u00e9s s\u00e9curis\u00e9s, confidentialit\u00e9<\/title>\n<meta name=\"description\" content=\"Mentions l\u00e9gales de Reisswolf Suisse. Votre partenaire pour la destruction de documents confidentiels depuis 25 ans. \u25b7 En savoir plus !\" \/>\n<meta name=\"robots\" content=\"index, follow, max-snippet:-1, max-image-preview:large, max-video-preview:-1\" \/>\n<link rel=\"canonical\" href=\"https:\/\/www.reisswolf.ch\/fr\/mentions-legales\/\" \/>\n<meta property=\"og:locale\" content=\"fr_FR\" \/>\n<meta property=\"og:type\" content=\"article\" \/>\n<meta property=\"og:title\" content=\"\u25b7 Mentions l\u00e9gales | Informations sur l&#039;entreprise \u00bb reisswolf.ch \u00bb Destruction de documents, proc\u00e9d\u00e9s s\u00e9curis\u00e9s, confidentialit\u00e9\" \/>\n<meta property=\"og:description\" content=\"Mentions l\u00e9gales de Reisswolf Suisse. Votre partenaire pour la destruction de documents confidentiels depuis 25 ans. \u25b7 En savoir plus !\" \/>\n<meta property=\"og:url\" content=\"https:\/\/www.reisswolf.ch\/fr\/mentions-legales\/\" \/>\n<meta property=\"og:site_name\" content=\"Reisswolf\" \/>\n<meta property=\"article:publisher\" content=\"https:\/\/www.linkedin.com\/showcase\/reisswolf-aktenvernichtung-schweiz\/\" \/>\n<meta property=\"article:modified_time\" content=\"2023-12-01T07:41:00+00:00\" \/>\n<meta name=\"twitter:card\" content=\"summary_large_image\" \/>\n<meta name=\"twitter:label1\" content=\"Dur\u00e9e de lecture estim\u00e9e\" \/>\n\t<meta name=\"twitter:data1\" content=\"1 minute\" \/>\n<!-- \/ Yoast SEO plugin. -->","yoast_head_json":{"title":"\u25b7 Mentions l\u00e9gales | Informations sur l'entreprise \u00bb reisswolf.ch \u00bb Destruction de documents, proc\u00e9d\u00e9s s\u00e9curis\u00e9s, confidentialit\u00e9","description":"Mentions l\u00e9gales de Reisswolf Suisse. Votre partenaire pour la destruction de documents confidentiels depuis 25 ans. \u25b7 En savoir plus !","robots":{"index":"index","follow":"follow","max-snippet":"max-snippet:-1","max-image-preview":"max-image-preview:large","max-video-preview":"max-video-preview:-1"},"canonical":"https:\/\/www.reisswolf.ch\/fr\/mentions-legales\/","og_locale":"fr_FR","og_type":"article","og_title":"\u25b7 Mentions l\u00e9gales | Informations sur l'entreprise \u00bb reisswolf.ch \u00bb Destruction de documents, proc\u00e9d\u00e9s s\u00e9curis\u00e9s, confidentialit\u00e9","og_description":"Mentions l\u00e9gales de Reisswolf Suisse. Votre partenaire pour la destruction de documents confidentiels depuis 25 ans. \u25b7 En savoir plus !","og_url":"https:\/\/www.reisswolf.ch\/fr\/mentions-legales\/","og_site_name":"Reisswolf","article_publisher":"https:\/\/www.linkedin.com\/showcase\/reisswolf-aktenvernichtung-schweiz\/","article_modified_time":"2023-12-01T07:41:00+00:00","twitter_card":"summary_large_image","twitter_misc":{"Dur\u00e9e de lecture estim\u00e9e":"1 minute"},"schema":{"@context":"https:\/\/schema.org","@graph":[{"@type":"WebPage","@id":"https:\/\/www.reisswolf.ch\/fr\/mentions-legales\/","url":"https:\/\/www.reisswolf.ch\/fr\/mentions-legales\/","name":"\u25b7 Mentions l\u00e9gales | Informations sur l'entreprise \u00bb reisswolf.ch \u00bb Destruction de documents, proc\u00e9d\u00e9s s\u00e9curis\u00e9s, confidentialit\u00e9","isPartOf":{"@id":"https:\/\/www.reisswolf.ch\/#website"},"datePublished":"2023-12-01T07:17:42+00:00","dateModified":"2023-12-01T07:41:00+00:00","description":"Mentions l\u00e9gales de Reisswolf Suisse. Votre partenaire pour la destruction de documents confidentiels depuis 25 ans. \u25b7 En savoir plus !","breadcrumb":{"@id":"https:\/\/www.reisswolf.ch\/fr\/mentions-legales\/#breadcrumb"},"inLanguage":"fr-FR","potentialAction":[{"@type":"ReadAction","target":["https:\/\/www.reisswolf.ch\/fr\/mentions-legales\/"]}]},{"@type":"BreadcrumbList","@id":"https:\/\/www.reisswolf.ch\/fr\/mentions-legales\/#breadcrumb","itemListElement":[{"@type":"ListItem","position":1,"name":"Startseite","item":"https:\/\/www.reisswolf.ch\/fr\/"},{"@type":"ListItem","position":2,"name":"Mentions l\u00e9gales"}]},{"@type":"WebSite","@id":"https:\/\/www.reisswolf.ch\/#website","url":"https:\/\/www.reisswolf.ch\/","name":"Reisswolf","description":"Reisswolf","publisher":{"@id":"https:\/\/www.reisswolf.ch\/#organization"},"potentialAction":[{"@type":"SearchAction","target":{"@type":"EntryPoint","urlTemplate":"https:\/\/www.reisswolf.ch\/?s={search_term_string}"},"query-input":{"@type":"PropertyValueSpecification","valueRequired":true,"valueName":"search_term_string"}}],"inLanguage":"fr-FR"},{"@type":"Organization","@id":"https:\/\/www.reisswolf.ch\/#organization","name":"REISSWOLF Schweiz AG","url":"https:\/\/www.reisswolf.ch\/","logo":{"@type":"ImageObject","inLanguage":"fr-FR","@id":"https:\/\/www.reisswolf.ch\/#\/schema\/logo\/image\/","url":"https:\/\/www.reisswolf.ch\/wp-content\/uploads\/2025\/10\/logo-reisswolf.svg","contentUrl":"https:\/\/www.reisswolf.ch\/wp-content\/uploads\/2025\/10\/logo-reisswolf.svg","width":"1024","height":"1024","caption":"REISSWOLF Schweiz AG"},"image":{"@id":"https:\/\/www.reisswolf.ch\/#\/schema\/logo\/image\/"},"sameAs":["https:\/\/www.linkedin.com\/showcase\/reisswolf-aktenvernichtung-schweiz\/"]}]}},"_links":{"self":[{"href":"https:\/\/www.reisswolf.ch\/fr\/wp-json\/wp\/v2\/pages\/6138","targetHints":{"allow":["GET"]}}],"collection":[{"href":"https:\/\/www.reisswolf.ch\/fr\/wp-json\/wp\/v2\/pages"}],"about":[{"href":"https:\/\/www.reisswolf.ch\/fr\/wp-json\/wp\/v2\/types\/page"}],"author":[{"embeddable":true,"href":"https:\/\/www.reisswolf.ch\/fr\/wp-json\/wp\/v2\/users\/1"}],"replies":[{"embeddable":true,"href":"https:\/\/www.reisswolf.ch\/fr\/wp-json\/wp\/v2\/comments?post=6138"}],"version-history":[{"count":4,"href":"https:\/\/www.reisswolf.ch\/fr\/wp-json\/wp\/v2\/pages\/6138\/revisions"}],"predecessor-version":[{"id":6169,"href":"https:\/\/www.reisswolf.ch\/fr\/wp-json\/wp\/v2\/pages\/6138\/revisions\/6169"}],"wp:attachment":[{"href":"https:\/\/www.reisswolf.ch\/fr\/wp-json\/wp\/v2\/media?parent=6138"}],"curies":[{"name":"wp","href":"https:\/\/api.w.org\/{rel}","templated":true}]}}