{"id":5468,"date":"2023-06-26T20:25:45","date_gmt":"2023-06-26T18:25:45","guid":{"rendered":"https:\/\/preprod.reisswolf.ch\/prozesse\/vernichtung-standard\/"},"modified":"2023-12-01T09:08:38","modified_gmt":"2023-12-01T08:08:38","slug":"destruction-standard","status":"publish","type":"page","link":"https:\/\/www.reisswolf.ch\/fr\/procedes\/destruction-standard\/","title":{"rendered":"Destruction standard"},"content":{"rendered":"<div id=\"pl-5468\"  class=\"panel-layout\" ><div id=\"pg-5468-0\"  class=\"panel-grid panel-has-style\" ><div class=\"siteorigin-panels-stretch panel-row-style panel-row-style-for-5468-0\" data-stretch-type=\"full-stretched\" ><div id=\"pgc-5468-0-0\"  class=\"panel-grid-cell\" ><div id=\"panel-5468-0-0-0\" class=\"so-panel widget widget_sow-hero panel-first-child panel-last-child\" data-index=\"0\" ><div class=\"is-content-header panel-widget-style panel-widget-style-for-5468-0-0-0\" ><div\n\t\t\t\n\t\t\tclass=\"so-widget-sow-hero so-widget-sow-hero-default-7b2691242cc3-5468 so-widget-fittext-wrapper\"\n\t\t\t\n\t\t>\t\t\t\t<div class=\"sow-slider-base\" style=\"display: none\" tabindex=\"0\">\n\t\t\t\t\t<ul\n\t\t\t\t\tclass=\"sow-slider-images\"\n\t\t\t\t\tdata-settings=\"{&quot;pagination&quot;:true,&quot;speed&quot;:800,&quot;timeout&quot;:8000,&quot;paused&quot;:false,&quot;pause_on_hover&quot;:false,&quot;swipe&quot;:true,&quot;nav_always_show_desktop&quot;:&quot;&quot;,&quot;nav_always_show_mobile&quot;:&quot;&quot;,&quot;breakpoint&quot;:&quot;780px&quot;,&quot;unmute&quot;:false,&quot;anchor&quot;:null}\"\n\t\t\t\t\t\t\t\t\t\tdata-anchor-id=\"\"\n\t\t\t\t>\t\t<li class=\"sow-slider-image  sow-slider-image-cover\" style=\"visibility: visible;;background-image: url(https:\/\/www.reisswolf.ch\/wp-content\/uploads\/2023\/11\/reisswolf-header-vernichtung-standard-2000x400-1.jpg)\" >\n\t\t\t\t\t<div class=\"sow-slider-image-container\">\n\t\t\t<div class=\"sow-slider-image-wrapper\">\n\t\t\t\t\t\t\t<\/div>\n\t\t<\/div>\n\t\t\t\t<\/li>\n\t\t<\/ul>\t\t\t\t<ol class=\"sow-slider-pagination\">\n\t\t\t\t\t\t\t\t\t\t\t<li><a href=\"#\" data-goto=\"0\" aria-label=\"Display slide 1\"><\/a><\/li>\n\t\t\t\t\t\t\t\t\t<\/ol>\n\n\t\t\t\t<div class=\"sow-slide-nav sow-slide-nav-next\">\n\t\t\t\t\t<a href=\"#\" data-goto=\"next\" aria-label=\"Next slide\" data-action=\"next\">\n\t\t\t\t\t\t<em class=\"sow-sld-icon-thin-right\"><\/em>\n\t\t\t\t\t<\/a>\n\t\t\t\t<\/div>\n\n\t\t\t\t<div class=\"sow-slide-nav sow-slide-nav-prev\">\n\t\t\t\t\t<a href=\"#\" data-goto=\"previous\" aria-label=\"Previous slide\" data-action=\"prev\">\n\t\t\t\t\t\t<em class=\"sow-sld-icon-thin-left\"><\/em>\n\t\t\t\t\t<\/a>\n\t\t\t\t<\/div>\n\t\t\t\t<\/div><\/div><\/div><\/div><\/div><\/div><\/div><div id=\"pg-5468-1\"  class=\"panel-grid panel-has-style\" ><div class=\"animate-69f1f6bfb1bf8145158053 panel-row-style panel-row-style-for-5468-1\" data-so-animation=\"{&quot;selector&quot;:&quot;.animate-69f1f6bfb1bf8145158053&quot;,&quot;animation&quot;:&quot;fadeIn&quot;,&quot;breakpoint&quot;:&quot;780px&quot;,&quot;duration&quot;:1,&quot;repeat&quot;:0,&quot;hide&quot;:0,&quot;disableAnimationMobile&quot;:0,&quot;finalState&quot;:&quot;visible&quot;,&quot;delay&quot;:0,&quot;debounce&quot;:0.1,&quot;event&quot;:&quot;enter&quot;,&quot;offset&quot;:0}\" ><div id=\"pgc-5468-1-0\"  class=\"panel-grid-cell\" ><div id=\"panel-5468-1-0-0\" class=\"so-panel widget widget_sow-editor panel-first-child panel-last-child\" data-index=\"1\" ><div\n\t\t\t\n\t\t\tclass=\"so-widget-sow-editor so-widget-sow-editor-base\"\n\t\t\t\n\t\t><h3 class=\"widget-title\"><h1>Destruction de documents \u2013 sur mesure, s\u00fbre et confidentielle<\/h1><\/h3>\n<div class=\"siteorigin-widget-tinymce textwidget\">\n\t<p>Chacun de nos <a href=\"https:\/\/www.reisswolf.ch\/fr\/societe\/a-propos-de-reisswolf\/\">quatre sites<\/a> dispose d\u2019au moins deux broyeurs haute performance. Chaque site est \u00e9quip\u00e9 d\u2019un sas de s\u00e9curit\u00e9 et surveill\u00e9 en permanence par des cam\u00e9ras. Il va sans dire que l\u2019acc\u00e8s \u00e0 nos locaux est soumis \u00e0 un contr\u00f4le syst\u00e9matique et protocol\u00e9.<\/p>\n<\/div>\n<\/div><\/div><\/div><\/div><\/div><div id=\"pg-5468-2\"  class=\"panel-grid panel-has-style\" ><div class=\"siteorigin-panels-stretch panel-row-style panel-row-style-for-5468-2\" data-stretch-type=\"full\" ><div class=\"so-panels-full-wrapper\" ><div id=\"pgc-5468-2-0\"  class=\"panel-grid-cell\" ><div id=\"panel-5468-2-0-0\" class=\"so-panel widget widget_sow-editor panel-first-child panel-last-child\" data-index=\"2\" ><div\n\t\t\t\n\t\t\tclass=\"so-widget-sow-editor so-widget-sow-editor-base\"\n\t\t\t\n\t\t><h3 class=\"widget-title\"><h2>Aper\u00e7u de notre processus de destruction standard :<\/h2><\/h3>\n<div class=\"siteorigin-widget-tinymce textwidget\">\n\t<p><strong>1. CONSEIL<\/strong><\/p>\n<p>Nous commen\u00e7ons par vous rencontrer pour clarifier ensemble vos souhaits et besoins: type de d\u00e9sarchivage, de support num\u00e9rique, volume, exigences en termes de s\u00e9curit\u00e9 et de fr\u00e9quence des collectes \u2013 qu\u2019il s\u2019agisse du type de collecteur, du budget et de l\u2019assistance, nous vous proposons une solution enti\u00e8rement personnalis\u00e9e.<\/p>\n<p>&nbsp;<\/p>\n<p><strong>2. CONTRAT<\/strong><\/p>\n<p>Vous savez quels documents et supports num\u00e9riques vous souhaitez faire d\u00e9truire par Reisswolf et \u00e0 quelle fr\u00e9quence. Nous vous garantissons le plus haut niveau de s\u00e9curit\u00e9 dans le respect de la norme <a href=\"https:\/\/www.reisswolf.ch\/fr\/securite\/norme-din\/\">DIN 66399<\/a> de destruction des donn\u00e9es ainsi que de la loi sur la protection des donn\u00e9es. Vous pouvez nous faire enti\u00e8rement confiance.<\/p>\n<p>&nbsp;<\/p>\n<p><strong>3. LIVRAISON<\/strong><\/p>\n<p>Notre personnel vous livre les conteneurs correspondant \u00e0 vos besoins. Reisswolf se fait un plaisir de mettre \u00e0 votre disposition des mini-bennes, bennes ou conteneurs de grande taille pour le stockage ou le transport, tous verrouillables. Bien entendu, nous vous expliquons \u00e9galement comment fonctionne le syst\u00e8me de <a href=\"https:\/\/www.reisswolf.ch\/fr\/securite\/verrou-de-securite-elsy\/\">verrouillage e.l.sy.<\/a>.<\/p>\n<p>&nbsp;<\/p>\n<p><strong>4. REMPLISSAGE<\/strong><\/p>\n<p>Maintenant, \u00e0 vous de jouer, ou plut\u00f4t de remplir les collecteurs de dossiers et de supports num\u00e9riques. Vous pouvez m\u00eame y d\u00e9poser des classeurs entiers: pour le broyeur haute performance de Reisswolf, c\u2019est un jeu d\u2019enfant. Gr\u00e2ce \u00e0 e.l.sy., vous pouvez surveiller les collecteurs et \u00e9tablir si n\u00e9cessaire l\u2019historique de leur utilisation.<\/p>\n<p>&nbsp;<\/p>\n<p><strong>5. COLLECTE\/VIDAGE<\/strong><\/p>\n<p>Nos collaborateurs qualifi\u00e9s viennent chercher vos conteneurs m\u00e9talliques \u00e0 votre convenance. Les cartes \u00e0 puce RFID peuvent \u00eatre lues et analys\u00e9es lors de leur passage. Sur la base des donn\u00e9es de surveillance qu\u2019elles recueillent, des rapports et statistiques r\u00e9guliers peuvent \u00eatre \u00e9tablis au besoin.<\/p>\n<p>&nbsp;<\/p>\n<p><strong>6. TRANSPORT\/D\u00c9CHARGEMENT<\/strong><\/p>\n<p><a href=\"https:\/\/www.reisswolf.ch\/fr\/securite\/conteneurs-de-transport-securises\/\">Les collecteurs<\/a> sont transport\u00e9s dans le compartiment herm\u00e9tiquement ferm\u00e9 d\u2019un v\u00e9hicule sp\u00e9cial jusqu\u2019aux sites Reisswolf et d\u00e9charg\u00e9s \u00e0 huis clos par notre personnel \u2013 le tout sous surveillance vid\u00e9o et dans le respect des dispositions de la loi sur la protection des donn\u00e9es.<\/p>\n<p>&nbsp;<\/p>\n<p><strong>7. DESTRUCTION<\/strong><\/p>\n<p>Les supports num\u00e9riques et documents sont trait\u00e9s par des broyeurs sp\u00e9ciaux.<\/p>\n<p>&nbsp;<\/p>\n<p><strong>8. RECYCLAGE<\/strong><\/p>\n<p>Les supports num\u00e9riques sont transform\u00e9s en granulat r\u00e9utilisable. Les dossiers sont broy\u00e9s, m\u00e9lang\u00e9s et compact\u00e9s sous forme de cubes de papier qui seront recycl\u00e9s.<\/p>\n<\/div>\n<\/div><\/div><\/div><\/div><\/div><\/div><div id=\"pg-5468-3\"  class=\"panel-grid panel-has-style\" ><div class=\"panel-row-style panel-row-style-for-5468-3\" ><div id=\"pgc-5468-3-0\"  class=\"panel-grid-cell\" ><div id=\"panel-5468-3-0-0\" class=\"so-panel widget widget_sow-image panel-first-child panel-last-child\" data-index=\"3\" ><div\n\t\t\t\n\t\t\tclass=\"so-widget-sow-image so-widget-sow-image-default-dbf295114b96-5468\"\n\t\t\t\n\t\t>\n<div class=\"sow-image-container\">\n\t\t<img loading=\"lazy\" \n\tsrc=\"https:\/\/www.reisswolf.ch\/wp-content\/uploads\/2023\/06\/DataEx4000-Mobiler-Shredder-Zurich.jpg\" width=\"500\" height=\"333\" srcset=\"https:\/\/www.reisswolf.ch\/wp-content\/uploads\/2023\/06\/DataEx4000-Mobiler-Shredder-Zurich.jpg 500w, https:\/\/www.reisswolf.ch\/wp-content\/uploads\/2023\/06\/DataEx4000-Mobiler-Shredder-Zurich-300x200.jpg 300w, https:\/\/www.reisswolf.ch\/wp-content\/uploads\/2023\/06\/DataEx4000-Mobiler-Shredder-Zurich-272x182.jpg 272w\" sizes=\"auto, (max-width: 500px) 100vw, 500px\" alt=\"\" \t\tclass=\"so-widget-image\"\/>\n\t<\/div>\n\n<\/div><\/div><\/div><div id=\"pgc-5468-3-1\"  class=\"panel-grid-cell\" ><div id=\"panel-5468-3-1-0\" class=\"so-panel widget widget_sow-editor panel-first-child\" data-index=\"4\" ><div\n\t\t\t\n\t\t\tclass=\"so-widget-sow-editor so-widget-sow-editor-base\"\n\t\t\t\n\t\t><h3 class=\"widget-title\"><h2>Nous d\u00e9truisons aussi sur site<\/h2><\/h3>\n<div class=\"siteorigin-widget-tinymce textwidget\">\n\t<div class=\"group w-full text-gray-800 dark:text-gray-100 border-b border-black\/10 dark:border-gray-900\/50 bg-gray-50 dark:bg-[#444654]\">\n<div class=\"flex p-4 gap-4 text-base md:gap-6 md:max-w-2xl lg:max-w-[38rem] xl:max-w-3xl md:py-6 lg:px-0 m-auto\">\n<div class=\"relative flex w-[calc(100%-50px)] flex-col gap-1 md:gap-3 lg:w-[calc(100%-115px)]\">\n<div class=\"flex flex-grow flex-col gap-3\">\n<div class=\"min-h-[20px] flex items-start overflow-x-auto whitespace-pre-wrap break-words flex-col gap-4\">\n<div class=\"markdown prose w-full break-words dark:prose-invert light\">\n<p>Avec nos broyeurs mobiles, nous d\u00e9truisons aussi vos documents chez vous, rapidement et en toute s\u00e9curit\u00e9.<\/p>\n<\/div>\n<\/div>\n<\/div>\n<\/div>\n<\/div>\n<\/div>\n<\/div>\n<\/div><\/div><div id=\"panel-5468-3-1-1\" class=\"so-panel widget widget_sow-button panel-last-child\" data-index=\"5\" ><div\n\t\t\t\n\t\t\tclass=\"so-widget-sow-button so-widget-sow-button-suloredsimple-144c983c4712-5468\"\n\t\t\t\n\t\t><div class=\"ow-button-base ow-button-align-left\"\n>\n\t\t\t<a\n\t\t\t\t\thref=\"\"\n\t\t\t\t\tclass=\"sowb-button ow-icon-placement-left ow-button-hover\" \t>\n\t\t<span>\n\t\t\t\n\t\t\tEn savoir plus\t\t<\/span>\n\t\t\t<\/a>\n\t<\/div>\n<\/div><\/div><\/div><\/div><\/div><div id=\"pg-5468-4\"  class=\"panel-grid panel-has-style\" ><div class=\"panel-row-style panel-row-style-for-5468-4\" ><div id=\"pgc-5468-4-0\"  class=\"panel-grid-cell\" ><div id=\"panel-5468-4-0-0\" class=\"so-panel widget widget_so-premium-mirror-widget panel-first-child panel-last-child\" data-index=\"6\" ><div\n\t\t\t\n\t\t\tclass=\"so-widget-so-premium-mirror-widget so-widget-so-premium-mirror-widget-default-d75171398898-5468\"\n\t\t\t\n\t\t><div id=\"pl-w69f1f6bfb57a9\"  class=\"panel-layout\" ><div id=\"pg-w69f1f6bfb57a9-0\"  class=\"panel-grid panel-has-style\" ><div class=\"is-contact-widget panel-row-style panel-row-style-for-w69f1f6bfb57a9-0\" ><div id=\"pgc-w69f1f6bfb57a9-0-0\"  class=\"panel-grid-cell\" ><div id=\"panel-w69f1f6bfb57a9-0-0-0\" class=\"so-panel widget widget_sow-editor panel-first-child panel-last-child widgetopts-SO\" data-index=\"0\" ><div\n\t\t\t\n\t\t\tclass=\"so-widget-sow-editor so-widget-sow-editor-base\"\n\t\t\t\n\t\t>\n<div class=\"siteorigin-widget-tinymce textwidget\">\n\t<p>[cplz_contact_widget]<\/p>\n<\/div>\n<\/div><\/div><\/div><\/div><\/div><\/div><\/div><\/div><\/div><\/div><\/div><\/div>","protected":false},"excerpt":{"rendered":"<p>Chacun de nos quatre sites dispose d\u2019au moins deux broyeurs haute performance. Chaque site est \u00e9quip\u00e9 d\u2019un sas de s\u00e9curit\u00e9 et surveill\u00e9 en permanence par des cam\u00e9ras. Il va sans dire que l\u2019acc\u00e8s \u00e0 nos locaux est soumis \u00e0 un contr\u00f4le syst\u00e9matique et protocol\u00e9.<\/p>\n","protected":false},"author":3,"featured_media":0,"parent":5405,"menu_order":0,"comment_status":"closed","ping_status":"closed","template":"","meta":{"inline_featured_image":false,"footnotes":""},"class_list":["post-5468","page","type-page","status-publish","hentry"],"yoast_head":"<!-- This site is optimized with the Yoast SEO plugin v26.3 - https:\/\/yoast.com\/wordpress\/plugins\/seo\/ -->\n<title>Destruction standard | Nous cherchons vos documents &amp; les d\u00e9truisons chez nous \u00bb reisswolf.ch \u00bb Destruction de documents, proc\u00e9d\u00e9s s\u00e9curis\u00e9s, confidentialit\u00e9<\/title>\n<meta name=\"description\" content=\"Proc\u00e9d\u00e9s de Reisswolf Suisse. Votre partenaire pour la destruction de documents confidentiels depuis 25 ans. \u25b7 En savoir plus !\" \/>\n<meta name=\"robots\" content=\"index, follow, max-snippet:-1, max-image-preview:large, max-video-preview:-1\" \/>\n<link rel=\"canonical\" href=\"https:\/\/www.reisswolf.ch\/fr\/procedes\/destruction-standard\/\" \/>\n<meta property=\"og:locale\" content=\"fr_FR\" \/>\n<meta property=\"og:type\" content=\"article\" \/>\n<meta property=\"og:title\" content=\"Destruction standard | Nous cherchons vos documents &amp; les d\u00e9truisons chez nous \u00bb reisswolf.ch \u00bb Destruction de documents, proc\u00e9d\u00e9s s\u00e9curis\u00e9s, confidentialit\u00e9\" \/>\n<meta property=\"og:description\" content=\"Proc\u00e9d\u00e9s de Reisswolf Suisse. Votre partenaire pour la destruction de documents confidentiels depuis 25 ans. \u25b7 En savoir plus !\" \/>\n<meta property=\"og:url\" content=\"https:\/\/www.reisswolf.ch\/fr\/procedes\/destruction-standard\/\" \/>\n<meta property=\"og:site_name\" content=\"Reisswolf\" \/>\n<meta property=\"article:publisher\" content=\"https:\/\/www.linkedin.com\/showcase\/reisswolf-aktenvernichtung-schweiz\/\" \/>\n<meta property=\"article:modified_time\" content=\"2023-12-01T08:08:38+00:00\" \/>\n<meta name=\"twitter:card\" content=\"summary_large_image\" \/>\n<meta name=\"twitter:label1\" content=\"Dur\u00e9e de lecture estim\u00e9e\" \/>\n\t<meta name=\"twitter:data1\" content=\"3 minutes\" \/>\n<!-- \/ Yoast SEO plugin. -->","yoast_head_json":{"title":"Destruction standard | Nous cherchons vos documents & les d\u00e9truisons chez nous \u00bb reisswolf.ch \u00bb Destruction de documents, proc\u00e9d\u00e9s s\u00e9curis\u00e9s, confidentialit\u00e9","description":"Proc\u00e9d\u00e9s de Reisswolf Suisse. Votre partenaire pour la destruction de documents confidentiels depuis 25 ans. \u25b7 En savoir plus !","robots":{"index":"index","follow":"follow","max-snippet":"max-snippet:-1","max-image-preview":"max-image-preview:large","max-video-preview":"max-video-preview:-1"},"canonical":"https:\/\/www.reisswolf.ch\/fr\/procedes\/destruction-standard\/","og_locale":"fr_FR","og_type":"article","og_title":"Destruction standard | Nous cherchons vos documents & les d\u00e9truisons chez nous \u00bb reisswolf.ch \u00bb Destruction de documents, proc\u00e9d\u00e9s s\u00e9curis\u00e9s, confidentialit\u00e9","og_description":"Proc\u00e9d\u00e9s de Reisswolf Suisse. Votre partenaire pour la destruction de documents confidentiels depuis 25 ans. \u25b7 En savoir plus !","og_url":"https:\/\/www.reisswolf.ch\/fr\/procedes\/destruction-standard\/","og_site_name":"Reisswolf","article_publisher":"https:\/\/www.linkedin.com\/showcase\/reisswolf-aktenvernichtung-schweiz\/","article_modified_time":"2023-12-01T08:08:38+00:00","twitter_card":"summary_large_image","twitter_misc":{"Dur\u00e9e de lecture estim\u00e9e":"3 minutes"},"schema":{"@context":"https:\/\/schema.org","@graph":[{"@type":"WebPage","@id":"https:\/\/www.reisswolf.ch\/fr\/procedes\/destruction-standard\/","url":"https:\/\/www.reisswolf.ch\/fr\/procedes\/destruction-standard\/","name":"Destruction standard | Nous cherchons vos documents & les d\u00e9truisons chez nous \u00bb reisswolf.ch \u00bb Destruction de documents, proc\u00e9d\u00e9s s\u00e9curis\u00e9s, confidentialit\u00e9","isPartOf":{"@id":"https:\/\/www.reisswolf.ch\/#website"},"datePublished":"2023-06-26T18:25:45+00:00","dateModified":"2023-12-01T08:08:38+00:00","description":"Proc\u00e9d\u00e9s de Reisswolf Suisse. Votre partenaire pour la destruction de documents confidentiels depuis 25 ans. \u25b7 En savoir plus !","breadcrumb":{"@id":"https:\/\/www.reisswolf.ch\/fr\/procedes\/destruction-standard\/#breadcrumb"},"inLanguage":"fr-FR","potentialAction":[{"@type":"ReadAction","target":["https:\/\/www.reisswolf.ch\/fr\/procedes\/destruction-standard\/"]}]},{"@type":"BreadcrumbList","@id":"https:\/\/www.reisswolf.ch\/fr\/procedes\/destruction-standard\/#breadcrumb","itemListElement":[{"@type":"ListItem","position":1,"name":"Startseite","item":"https:\/\/www.reisswolf.ch\/fr\/"},{"@type":"ListItem","position":2,"name":"Processus de destruction","item":"https:\/\/www.reisswolf.ch\/fr\/procedes\/"},{"@type":"ListItem","position":3,"name":"Destruction standard"}]},{"@type":"WebSite","@id":"https:\/\/www.reisswolf.ch\/#website","url":"https:\/\/www.reisswolf.ch\/","name":"Reisswolf","description":"Reisswolf","publisher":{"@id":"https:\/\/www.reisswolf.ch\/#organization"},"potentialAction":[{"@type":"SearchAction","target":{"@type":"EntryPoint","urlTemplate":"https:\/\/www.reisswolf.ch\/?s={search_term_string}"},"query-input":{"@type":"PropertyValueSpecification","valueRequired":true,"valueName":"search_term_string"}}],"inLanguage":"fr-FR"},{"@type":"Organization","@id":"https:\/\/www.reisswolf.ch\/#organization","name":"REISSWOLF Schweiz AG","url":"https:\/\/www.reisswolf.ch\/","logo":{"@type":"ImageObject","inLanguage":"fr-FR","@id":"https:\/\/www.reisswolf.ch\/#\/schema\/logo\/image\/","url":"https:\/\/www.reisswolf.ch\/wp-content\/uploads\/2025\/10\/logo-reisswolf.svg","contentUrl":"https:\/\/www.reisswolf.ch\/wp-content\/uploads\/2025\/10\/logo-reisswolf.svg","width":"1024","height":"1024","caption":"REISSWOLF Schweiz AG"},"image":{"@id":"https:\/\/www.reisswolf.ch\/#\/schema\/logo\/image\/"},"sameAs":["https:\/\/www.linkedin.com\/showcase\/reisswolf-aktenvernichtung-schweiz\/"]}]}},"_links":{"self":[{"href":"https:\/\/www.reisswolf.ch\/fr\/wp-json\/wp\/v2\/pages\/5468","targetHints":{"allow":["GET"]}}],"collection":[{"href":"https:\/\/www.reisswolf.ch\/fr\/wp-json\/wp\/v2\/pages"}],"about":[{"href":"https:\/\/www.reisswolf.ch\/fr\/wp-json\/wp\/v2\/types\/page"}],"author":[{"embeddable":true,"href":"https:\/\/www.reisswolf.ch\/fr\/wp-json\/wp\/v2\/users\/3"}],"replies":[{"embeddable":true,"href":"https:\/\/www.reisswolf.ch\/fr\/wp-json\/wp\/v2\/comments?post=5468"}],"version-history":[{"count":7,"href":"https:\/\/www.reisswolf.ch\/fr\/wp-json\/wp\/v2\/pages\/5468\/revisions"}],"predecessor-version":[{"id":6190,"href":"https:\/\/www.reisswolf.ch\/fr\/wp-json\/wp\/v2\/pages\/5468\/revisions\/6190"}],"up":[{"embeddable":true,"href":"https:\/\/www.reisswolf.ch\/fr\/wp-json\/wp\/v2\/pages\/5405"}],"wp:attachment":[{"href":"https:\/\/www.reisswolf.ch\/fr\/wp-json\/wp\/v2\/media?parent=5468"}],"curies":[{"name":"wp","href":"https:\/\/api.w.org\/{rel}","templated":true}]}}