{"id":5459,"date":"2023-06-26T21:42:10","date_gmt":"2023-06-26T19:42:10","guid":{"rendered":"https:\/\/preprod.reisswolf.ch\/sicherheit\/din-norm\/"},"modified":"2025-08-11T14:34:24","modified_gmt":"2025-08-11T12:34:24","slug":"norme-din","status":"publish","type":"page","link":"https:\/\/www.reisswolf.ch\/fr\/securite\/norme-din\/","title":{"rendered":"Norme DIN 66399"},"content":{"rendered":"<div id=\"pl-5459\"  class=\"panel-layout\" ><div id=\"pg-5459-0\"  class=\"panel-grid panel-has-style\" ><div class=\"siteorigin-panels-stretch panel-row-style panel-row-style-for-5459-0\" data-stretch-type=\"full-width-stretch\" ><div id=\"pgc-5459-0-0\"  class=\"panel-grid-cell\" ><div id=\"panel-5459-0-0-0\" class=\"so-panel widget widget_sow-hero panel-first-child panel-last-child\" data-index=\"0\" ><div class=\"is-content-header panel-widget-style panel-widget-style-for-5459-0-0-0\" ><div\n\t\t\t\n\t\t\tclass=\"so-widget-sow-hero so-widget-sow-hero-default-7b2691242cc3-5459 so-widget-fittext-wrapper\"\n\t\t\t\n\t\t>\t\t\t\t<div class=\"sow-slider-base\" style=\"display: none\" tabindex=\"0\">\n\t\t\t\t\t<ul\n\t\t\t\t\tclass=\"sow-slider-images\"\n\t\t\t\t\tdata-settings=\"{&quot;pagination&quot;:true,&quot;speed&quot;:800,&quot;timeout&quot;:8000,&quot;paused&quot;:false,&quot;pause_on_hover&quot;:false,&quot;swipe&quot;:true,&quot;nav_always_show_desktop&quot;:&quot;&quot;,&quot;nav_always_show_mobile&quot;:&quot;&quot;,&quot;breakpoint&quot;:&quot;780px&quot;,&quot;unmute&quot;:false,&quot;anchor&quot;:null}\"\n\t\t\t\t\t\t\t\t\t\tdata-anchor-id=\"\"\n\t\t\t\t>\t\t<li class=\"sow-slider-image  sow-slider-image-cover\" style=\"visibility: visible;;background-image: url(https:\/\/www.reisswolf.ch\/wp-content\/uploads\/2023\/11\/DIN-Norm-Reisswolf-Schweiz-2000x400-1.jpg)\" >\n\t\t\t\t\t<div class=\"sow-slider-image-container\">\n\t\t\t<div class=\"sow-slider-image-wrapper\">\n\t\t\t\t\t\t\t<\/div>\n\t\t<\/div>\n\t\t\t\t<\/li>\n\t\t<\/ul>\t\t\t\t<ol class=\"sow-slider-pagination\">\n\t\t\t\t\t\t\t\t\t\t\t<li><a href=\"#\" data-goto=\"0\" aria-label=\"Display slide 1\"><\/a><\/li>\n\t\t\t\t\t\t\t\t\t<\/ol>\n\n\t\t\t\t<div class=\"sow-slide-nav sow-slide-nav-next\">\n\t\t\t\t\t<a href=\"#\" data-goto=\"next\" aria-label=\"Next slide\" data-action=\"next\">\n\t\t\t\t\t\t<em class=\"sow-sld-icon-thin-right\"><\/em>\n\t\t\t\t\t<\/a>\n\t\t\t\t<\/div>\n\n\t\t\t\t<div class=\"sow-slide-nav sow-slide-nav-prev\">\n\t\t\t\t\t<a href=\"#\" data-goto=\"previous\" aria-label=\"Previous slide\" data-action=\"prev\">\n\t\t\t\t\t\t<em class=\"sow-sld-icon-thin-left\"><\/em>\n\t\t\t\t\t<\/a>\n\t\t\t\t<\/div>\n\t\t\t\t<\/div><\/div><\/div><\/div><\/div><\/div><\/div><div id=\"pg-5459-1\"  class=\"panel-grid panel-has-style\" ><div class=\"animate-69ee3a93aad4a404537218 panel-row-style panel-row-style-for-5459-1\" data-so-animation=\"{&quot;selector&quot;:&quot;.animate-69ee3a93aad4a404537218&quot;,&quot;animation&quot;:&quot;fadeIn&quot;,&quot;breakpoint&quot;:&quot;780px&quot;,&quot;duration&quot;:1,&quot;repeat&quot;:0,&quot;hide&quot;:0,&quot;disableAnimationMobile&quot;:0,&quot;finalState&quot;:&quot;visible&quot;,&quot;delay&quot;:0,&quot;debounce&quot;:0.1,&quot;event&quot;:&quot;enter&quot;,&quot;offset&quot;:0}\" ><div id=\"pgc-5459-1-0\"  class=\"panel-grid-cell\" ><div id=\"panel-5459-1-0-0\" class=\"so-panel widget widget_sow-editor panel-first-child panel-last-child\" data-index=\"1\" ><div\n\t\t\t\n\t\t\tclass=\"so-widget-sow-editor so-widget-sow-editor-base\"\n\t\t\t\n\t\t><h3 class=\"widget-title\"><h1>Reisswolf contribue \u00e0 l\u2019\u00e9laboration de la norme 66399 \u2013 notre objectif, obtenir le meilleur pour notre client\u00e8le<\/h1><\/h3>\n<div class=\"siteorigin-widget-tinymce textwidget\">\n\t<p>La nouvelle norme 66399 vous donne le cadre d\u2019une s\u00e9curit\u00e9 des proc\u00e9dures sans faille lors de la destruction de vos donn\u00e9es. Am\u00e9liorer l\u2019efficacit\u00e9 et l\u2019efficience des processus internes de votre entreprise vous permet d\u2019\u00e9conomiser du temps et surtout de l\u2019argent. Par ailleurs, la nouvelle norme DIN est encore plus protectrice de vos donn\u00e9es comme de vos ressources.<\/p>\n<p>&nbsp;<\/p>\n<p>En tant que membre actif du comit\u00e9 en charge de la norme 66399, REISSWOLF a activement influenc\u00e9 le nouveau syst\u00e8me de normalisation pour qu\u2019il r\u00e9ponde aux int\u00e9r\u00eats de ses clients. Cela est d\u2019autant plus important que l\u2019ancienne norme DIN 32757 ne r\u00e9pondait pas aux besoins des entreprises de prestation de services. Elle correspondait plut\u00f4t \u00e0 une normalisation d\u00e9taill\u00e9e de la destruction de supports num\u00e9riques pour les fabricants de petits appareils. Elle \u00e9tait n\u00e9anmoins indispensable puisqu\u2019il n\u2019existait pas, \u00e0 l\u2019\u00e9poque, d\u2019alternative dans le domaine de la protection des donn\u00e9es. La nouvelle norme DIN s\u00e9duit par son exhaustivit\u00e9. REISSWOLF s\u2019occupe de mettre en \u0153uvre cette norme et garde en permanence en t\u00eate les int\u00e9r\u00eats de sa client\u00e8le.<\/p>\n<p>&nbsp;<\/p>\n<p>Ici vous des informations compl\u00e9mentaires sur la <a href=\"https:\/\/www.reisswolf.ch\/wp-content\/downloads\/Reisswolf-DIN66399-Hier-zaehlt-nur-Kompetenz.pdf\" target=\"_blank\" rel=\"noopener\">norme DIN relative \u00e0 la destruction des supports de donn\u00e9es<\/a>: structure, classes de protection et niveaux de s\u00e9curit\u00e9.<\/p>\n<\/div>\n<\/div><\/div><\/div><\/div><\/div><div id=\"pg-5459-2\"  class=\"panel-grid panel-has-style\" ><div class=\"is-dark-ground siteorigin-panels-stretch panel-row-style panel-row-style-for-5459-2\" data-stretch-type=\"full\" ><div class=\"so-panels-full-wrapper\" ><div id=\"pgc-5459-2-0\"  class=\"panel-grid-cell\" ><div id=\"panel-5459-2-0-0\" class=\"so-panel widget widget_sow-editor panel-first-child panel-last-child\" data-index=\"2\" ><div class=\"list-line-white panel-widget-style panel-widget-style-for-5459-2-0-0\" ><div\n\t\t\t\n\t\t\tclass=\"so-widget-sow-editor so-widget-sow-editor-base\"\n\t\t\t\n\t\t>\n<div class=\"siteorigin-widget-tinymce textwidget\">\n\t<h3><span style=\"color: #ffffff;\">Nos sites sont certifi\u00e9s:<\/span><\/h3>\n<ul>\n<li class=\"p1\"><span style=\"color: #ffffff;\"><a style=\"color: #ffffff;\" href=\"https:\/\/www.reisswolf.ch\/wp-content\/uploads\/2025\/07\/Certificat-PCERT-Reisswolf-Basel-FR_PDF-Variante-3-\u2013-destruction-de-supports-de-donnees-par-une-installation-fixe.pdf\" target=\"_blank\" rel=\"noopener\"><span class=\"s1\">DIN 66399: Certificat B\u00e2le (PDF)<\/span><\/a><\/span><\/li>\n<li class=\"p1\"><span style=\"color: #ffffff;\"><a style=\"color: #ffffff;\" href=\"https:\/\/www.reisswolf.ch\/wp-content\/uploads\/2025\/07\/Certificat-PCERT-Reisswolf-Lucerne-FR_PDF-Variante-3-\u2013-destruction-de-supports-de-donnees-par-une-installation-fixe.pdf\" target=\"_blank\" rel=\"noopener\">DIN 66399: Certificat Lucerne (PDF)<\/a><\/span><\/li>\n<li class=\"p1\"><span style=\"color: #ffffff;\"><a style=\"color: #ffffff;\" href=\"https:\/\/www.reisswolf.ch\/wp-content\/uploads\/2025\/07\/Certificat-PCERT-Reisswolf-Zuerich-FR_PDF-Variante-3-\u2013-destruction-de-supports-de-donnees-par-une-installation-fixe.pdf\" target=\"_blank\" rel=\"noopener\">DIN 66399: Certificat Zurich (PDF)<\/a><\/span><\/li>\n<li><span style=\"color: #ffffff;\"><a style=\"color: #ffffff;\" href=\"https:\/\/www.reisswolf.ch\/wp-content\/uploads\/2025\/07\/Certificat-PCERT-Reisswolf-Geneve-FR_PDF-Variante-3-\u2013-destruction-de-supports-de-donnees-par-une-installation-fixe.pdf\" target=\"_blank\" rel=\"noopener\">DIN 66399: Certificat Gen\u00e8ve (PDF)<\/a><\/span><\/li>\n<li><span style=\"color: #ffffff;\"><a style=\"color: #ffffff;\" href=\"https:\/\/www.reisswolf.ch\/wp-content\/uploads\/2025\/07\/Certificat-PCERT-Reisswolf-Zuerich-FR_PDF-Variante-2-\u2013-destruction-de-supports-de-donnees-par-une-installation-mobile.pdf\" target=\"_blank\" rel=\"noopener\">DIN 66399 Mobil Shredder: Certificat Reisswolf SA (PDF)<\/a><\/span><\/li>\n<\/ul>\n<\/div>\n<\/div><\/div><\/div><\/div><\/div><\/div><\/div><div id=\"pg-5459-3\"  class=\"panel-grid panel-has-style\" ><div class=\"panel-row-style panel-row-style-for-5459-3\" ><div id=\"pgc-5459-3-0\"  class=\"panel-grid-cell\" ><div id=\"panel-5459-3-0-0\" class=\"so-panel widget widget_sow-image panel-first-child panel-last-child\" data-index=\"3\" ><div\n\t\t\t\n\t\t\tclass=\"so-widget-sow-image so-widget-sow-image-default-dbf295114b96-5459\"\n\t\t\t\n\t\t>\n<div class=\"sow-image-container\">\n\t\t<img loading=\"lazy\" \n\tsrc=\"https:\/\/www.reisswolf.ch\/wp-content\/uploads\/2023\/11\/reisswolf-kacheln-unterseiten-din-norm-500x350-1.jpg\" width=\"500\" height=\"350\" srcset=\"https:\/\/www.reisswolf.ch\/wp-content\/uploads\/2023\/11\/reisswolf-kacheln-unterseiten-din-norm-500x350-1.jpg 500w, https:\/\/www.reisswolf.ch\/wp-content\/uploads\/2023\/11\/reisswolf-kacheln-unterseiten-din-norm-500x350-1-300x210.jpg 300w\" sizes=\"auto, (max-width: 500px) 100vw, 500px\" title=\"reisswolf-kacheln-unterseiten-din-norm-500&#215;350-1\" alt=\"\" \t\tclass=\"so-widget-image\"\/>\n\t<\/div>\n\n<\/div><\/div><\/div><div id=\"pgc-5459-3-1\"  class=\"panel-grid-cell\" ><div id=\"panel-5459-3-1-0\" class=\"so-panel widget widget_sow-editor panel-first-child\" data-index=\"4\" ><div\n\t\t\t\n\t\t\tclass=\"so-widget-sow-editor so-widget-sow-editor-base\"\n\t\t\t\n\t\t><h3 class=\"widget-title\"><h2>Les processus de destruction de documents chez Reisswolf<\/h2><\/h3>\n<div class=\"siteorigin-widget-tinymce textwidget\">\n\t<p>Chez nous, la s\u00e9curit\u00e9 est primordiale. Nous vous en disons plus sur le d\u00e9roulement de notre processus de destruction.<\/p>\n<\/div>\n<\/div><\/div><div id=\"panel-5459-3-1-1\" class=\"so-panel widget widget_sow-button panel-last-child\" data-index=\"5\" ><div\n\t\t\t\n\t\t\tclass=\"so-widget-sow-button so-widget-sow-button-suloredsimple-144c983c4712-5459\"\n\t\t\t\n\t\t><div class=\"ow-button-base ow-button-align-left\"\n>\n\t\t\t<a\n\t\t\t\t\thref=\"\"\n\t\t\t\t\tclass=\"sowb-button ow-icon-placement-left ow-button-hover\" \t>\n\t\t<span>\n\t\t\t\n\t\t\tEn savoir plus\t\t<\/span>\n\t\t\t<\/a>\n\t<\/div>\n<\/div><\/div><\/div><\/div><\/div><div id=\"pg-5459-4\"  class=\"panel-grid panel-has-style\" ><div class=\"panel-row-style panel-row-style-for-5459-4\" ><div id=\"pgc-5459-4-0\"  class=\"panel-grid-cell\" ><div id=\"panel-5459-4-0-0\" class=\"so-panel widget widget_so-premium-mirror-widget panel-first-child panel-last-child\" data-index=\"6\" ><div\n\t\t\t\n\t\t\tclass=\"so-widget-so-premium-mirror-widget so-widget-so-premium-mirror-widget-default-d75171398898-5459\"\n\t\t\t\n\t\t><div id=\"pl-w69ee3a93ad577\"  class=\"panel-layout\" ><div id=\"pg-w69ee3a93ad577-0\"  class=\"panel-grid panel-has-style\" ><div class=\"is-contact-widget panel-row-style panel-row-style-for-w69ee3a93ad577-0\" ><div id=\"pgc-w69ee3a93ad577-0-0\"  class=\"panel-grid-cell\" ><div id=\"panel-w69ee3a93ad577-0-0-0\" class=\"so-panel widget widget_sow-editor panel-first-child panel-last-child widgetopts-SO\" data-index=\"0\" ><div\n\t\t\t\n\t\t\tclass=\"so-widget-sow-editor so-widget-sow-editor-base\"\n\t\t\t\n\t\t>\n<div class=\"siteorigin-widget-tinymce textwidget\">\n\t<p>[cplz_contact_widget]<\/p>\n<\/div>\n<\/div><\/div><\/div><\/div><\/div><\/div><\/div><\/div><\/div><\/div><\/div><\/div>","protected":false},"excerpt":{"rendered":"<p>La nouvelle norme 66399 vous donne le cadre d\u2019une s\u00e9curit\u00e9 des proc\u00e9dures sans faille lors de la destruction de vos donn\u00e9es. Am\u00e9liorer l\u2019efficacit\u00e9 et l\u2019efficience des processus internes de votre entreprise vous permet d\u2019\u00e9conomiser du temps et surtout de l\u2019argent. Par ailleurs, la nouvelle norme DIN est encore plus protectrice de vos donn\u00e9es comme de [&hellip;]<\/p>\n","protected":false},"author":3,"featured_media":0,"parent":5402,"menu_order":0,"comment_status":"closed","ping_status":"closed","template":"","meta":{"inline_featured_image":false,"footnotes":""},"class_list":["post-5459","page","type-page","status-publish","hentry"],"yoast_head":"<!-- This site is optimized with the Yoast SEO plugin v26.3 - https:\/\/yoast.com\/wordpress\/plugins\/seo\/ -->\n<title>Norme DIN 66399 | Notre garatie de s\u00e9curit\u00e9 de vos donn\u00e9es \u00bb reisswolf.ch \u00bb Destruction de documents, proc\u00e9d\u00e9s s\u00e9curis\u00e9s, confidentialit\u00e9<\/title>\n<meta name=\"description\" content=\"S\u00e9curit\u00e9 chez Reisswolf Suisse. Votre partenaire pour la destruction de documents confidentiels depuis 25 ans. \u25b7 En savoir plus !\" \/>\n<meta name=\"robots\" content=\"index, follow, max-snippet:-1, max-image-preview:large, max-video-preview:-1\" \/>\n<link rel=\"canonical\" href=\"https:\/\/www.reisswolf.ch\/fr\/securite\/norme-din\/\" \/>\n<meta property=\"og:locale\" content=\"fr_FR\" \/>\n<meta property=\"og:type\" content=\"article\" \/>\n<meta property=\"og:title\" content=\"Norme DIN 66399 | Notre garatie de s\u00e9curit\u00e9 de vos donn\u00e9es \u00bb reisswolf.ch \u00bb Destruction de documents, proc\u00e9d\u00e9s s\u00e9curis\u00e9s, confidentialit\u00e9\" \/>\n<meta property=\"og:description\" content=\"S\u00e9curit\u00e9 chez Reisswolf Suisse. Votre partenaire pour la destruction de documents confidentiels depuis 25 ans. \u25b7 En savoir plus !\" \/>\n<meta property=\"og:url\" content=\"https:\/\/www.reisswolf.ch\/fr\/securite\/norme-din\/\" \/>\n<meta property=\"og:site_name\" content=\"Reisswolf\" \/>\n<meta property=\"article:publisher\" content=\"https:\/\/www.linkedin.com\/showcase\/reisswolf-aktenvernichtung-schweiz\/\" \/>\n<meta property=\"article:modified_time\" content=\"2025-08-11T12:34:24+00:00\" \/>\n<meta name=\"twitter:card\" content=\"summary_large_image\" \/>\n<meta name=\"twitter:label1\" content=\"Dur\u00e9e de lecture estim\u00e9e\" \/>\n\t<meta name=\"twitter:data1\" content=\"3 minutes\" \/>\n<!-- \/ Yoast SEO plugin. -->","yoast_head_json":{"title":"Norme DIN 66399 | Notre garatie de s\u00e9curit\u00e9 de vos donn\u00e9es \u00bb reisswolf.ch \u00bb Destruction de documents, proc\u00e9d\u00e9s s\u00e9curis\u00e9s, confidentialit\u00e9","description":"S\u00e9curit\u00e9 chez Reisswolf Suisse. Votre partenaire pour la destruction de documents confidentiels depuis 25 ans. \u25b7 En savoir plus !","robots":{"index":"index","follow":"follow","max-snippet":"max-snippet:-1","max-image-preview":"max-image-preview:large","max-video-preview":"max-video-preview:-1"},"canonical":"https:\/\/www.reisswolf.ch\/fr\/securite\/norme-din\/","og_locale":"fr_FR","og_type":"article","og_title":"Norme DIN 66399 | Notre garatie de s\u00e9curit\u00e9 de vos donn\u00e9es \u00bb reisswolf.ch \u00bb Destruction de documents, proc\u00e9d\u00e9s s\u00e9curis\u00e9s, confidentialit\u00e9","og_description":"S\u00e9curit\u00e9 chez Reisswolf Suisse. Votre partenaire pour la destruction de documents confidentiels depuis 25 ans. \u25b7 En savoir plus !","og_url":"https:\/\/www.reisswolf.ch\/fr\/securite\/norme-din\/","og_site_name":"Reisswolf","article_publisher":"https:\/\/www.linkedin.com\/showcase\/reisswolf-aktenvernichtung-schweiz\/","article_modified_time":"2025-08-11T12:34:24+00:00","twitter_card":"summary_large_image","twitter_misc":{"Dur\u00e9e de lecture estim\u00e9e":"3 minutes"},"schema":{"@context":"https:\/\/schema.org","@graph":[{"@type":"WebPage","@id":"https:\/\/www.reisswolf.ch\/fr\/securite\/norme-din\/","url":"https:\/\/www.reisswolf.ch\/fr\/securite\/norme-din\/","name":"Norme DIN 66399 | Notre garatie de s\u00e9curit\u00e9 de vos donn\u00e9es \u00bb reisswolf.ch \u00bb Destruction de documents, proc\u00e9d\u00e9s s\u00e9curis\u00e9s, confidentialit\u00e9","isPartOf":{"@id":"https:\/\/www.reisswolf.ch\/#website"},"datePublished":"2023-06-26T19:42:10+00:00","dateModified":"2025-08-11T12:34:24+00:00","description":"S\u00e9curit\u00e9 chez Reisswolf Suisse. Votre partenaire pour la destruction de documents confidentiels depuis 25 ans. \u25b7 En savoir plus !","breadcrumb":{"@id":"https:\/\/www.reisswolf.ch\/fr\/securite\/norme-din\/#breadcrumb"},"inLanguage":"fr-FR","potentialAction":[{"@type":"ReadAction","target":["https:\/\/www.reisswolf.ch\/fr\/securite\/norme-din\/"]}]},{"@type":"BreadcrumbList","@id":"https:\/\/www.reisswolf.ch\/fr\/securite\/norme-din\/#breadcrumb","itemListElement":[{"@type":"ListItem","position":1,"name":"Startseite","item":"https:\/\/www.reisswolf.ch\/fr\/"},{"@type":"ListItem","position":2,"name":"S\u00e9curit\u00e9","item":"https:\/\/www.reisswolf.ch\/fr\/securite\/"},{"@type":"ListItem","position":3,"name":"Norme DIN 66399"}]},{"@type":"WebSite","@id":"https:\/\/www.reisswolf.ch\/#website","url":"https:\/\/www.reisswolf.ch\/","name":"Reisswolf","description":"Reisswolf","publisher":{"@id":"https:\/\/www.reisswolf.ch\/#organization"},"potentialAction":[{"@type":"SearchAction","target":{"@type":"EntryPoint","urlTemplate":"https:\/\/www.reisswolf.ch\/?s={search_term_string}"},"query-input":{"@type":"PropertyValueSpecification","valueRequired":true,"valueName":"search_term_string"}}],"inLanguage":"fr-FR"},{"@type":"Organization","@id":"https:\/\/www.reisswolf.ch\/#organization","name":"REISSWOLF Schweiz AG","url":"https:\/\/www.reisswolf.ch\/","logo":{"@type":"ImageObject","inLanguage":"fr-FR","@id":"https:\/\/www.reisswolf.ch\/#\/schema\/logo\/image\/","url":"https:\/\/www.reisswolf.ch\/wp-content\/uploads\/2025\/10\/logo-reisswolf.svg","contentUrl":"https:\/\/www.reisswolf.ch\/wp-content\/uploads\/2025\/10\/logo-reisswolf.svg","width":"1024","height":"1024","caption":"REISSWOLF Schweiz AG"},"image":{"@id":"https:\/\/www.reisswolf.ch\/#\/schema\/logo\/image\/"},"sameAs":["https:\/\/www.linkedin.com\/showcase\/reisswolf-aktenvernichtung-schweiz\/"]}]}},"_links":{"self":[{"href":"https:\/\/www.reisswolf.ch\/fr\/wp-json\/wp\/v2\/pages\/5459","targetHints":{"allow":["GET"]}}],"collection":[{"href":"https:\/\/www.reisswolf.ch\/fr\/wp-json\/wp\/v2\/pages"}],"about":[{"href":"https:\/\/www.reisswolf.ch\/fr\/wp-json\/wp\/v2\/types\/page"}],"author":[{"embeddable":true,"href":"https:\/\/www.reisswolf.ch\/fr\/wp-json\/wp\/v2\/users\/3"}],"replies":[{"embeddable":true,"href":"https:\/\/www.reisswolf.ch\/fr\/wp-json\/wp\/v2\/comments?post=5459"}],"version-history":[{"count":12,"href":"https:\/\/www.reisswolf.ch\/fr\/wp-json\/wp\/v2\/pages\/5459\/revisions"}],"predecessor-version":[{"id":6991,"href":"https:\/\/www.reisswolf.ch\/fr\/wp-json\/wp\/v2\/pages\/5459\/revisions\/6991"}],"up":[{"embeddable":true,"href":"https:\/\/www.reisswolf.ch\/fr\/wp-json\/wp\/v2\/pages\/5402"}],"wp:attachment":[{"href":"https:\/\/www.reisswolf.ch\/fr\/wp-json\/wp\/v2\/media?parent=5459"}],"curies":[{"name":"wp","href":"https:\/\/api.w.org\/{rel}","templated":true}]}}