{"id":5456,"date":"2023-06-26T21:46:14","date_gmt":"2023-06-26T19:46:14","guid":{"rendered":"https:\/\/preprod.reisswolf.ch\/sicherheit\/sicherheit-und-datenschutz-bei-der-vernichtung\/"},"modified":"2023-12-01T09:11:14","modified_gmt":"2023-12-01T08:11:14","slug":"destruction-de-documents-protection-des-donnees","status":"publish","type":"page","link":"https:\/\/www.reisswolf.ch\/fr\/securite\/destruction-de-documents-protection-des-donnees\/","title":{"rendered":"Destruction de documents \u2013 protection des donn\u00e9es"},"content":{"rendered":"<div id=\"pl-5456\"  class=\"panel-layout\" ><div id=\"pg-5456-0\"  class=\"panel-grid panel-has-style\" ><div class=\"siteorigin-panels-stretch panel-row-style panel-row-style-for-5456-0\" data-stretch-type=\"full-stretched\" ><div id=\"pgc-5456-0-0\"  class=\"panel-grid-cell\" ><div id=\"panel-5456-0-0-0\" class=\"so-panel widget widget_sow-hero panel-first-child panel-last-child\" data-index=\"0\" ><div class=\"is-content-header panel-widget-style panel-widget-style-for-5456-0-0-0\" ><div\n\t\t\t\n\t\t\tclass=\"so-widget-sow-hero so-widget-sow-hero-default-7b2691242cc3-5456 so-widget-fittext-wrapper\"\n\t\t\t\n\t\t>\t\t\t\t<div class=\"sow-slider-base\" style=\"display: none\" tabindex=\"0\">\n\t\t\t\t\t<ul\n\t\t\t\t\tclass=\"sow-slider-images\"\n\t\t\t\t\tdata-settings=\"{&quot;pagination&quot;:true,&quot;speed&quot;:800,&quot;timeout&quot;:8000,&quot;paused&quot;:false,&quot;pause_on_hover&quot;:false,&quot;swipe&quot;:true,&quot;nav_always_show_desktop&quot;:&quot;&quot;,&quot;nav_always_show_mobile&quot;:&quot;&quot;,&quot;breakpoint&quot;:&quot;780px&quot;,&quot;unmute&quot;:false,&quot;anchor&quot;:null}\"\n\t\t\t\t\t\t\t\t\t\tdata-anchor-id=\"\"\n\t\t\t\t>\t\t<li class=\"sow-slider-image  sow-slider-image-cover\" style=\"visibility: visible;;background-image: url(https:\/\/www.reisswolf.ch\/wp-content\/uploads\/2023\/11\/reisswolf-header-sicherheitsschloss-2000x400-1.jpg)\" >\n\t\t\t\t\t<div class=\"sow-slider-image-container\">\n\t\t\t<div class=\"sow-slider-image-wrapper\">\n\t\t\t\t\t\t\t<\/div>\n\t\t<\/div>\n\t\t\t\t<\/li>\n\t\t<\/ul>\t\t\t\t<ol class=\"sow-slider-pagination\">\n\t\t\t\t\t\t\t\t\t\t\t<li><a href=\"#\" data-goto=\"0\" aria-label=\"Display slide 1\"><\/a><\/li>\n\t\t\t\t\t\t\t\t\t<\/ol>\n\n\t\t\t\t<div class=\"sow-slide-nav sow-slide-nav-next\">\n\t\t\t\t\t<a href=\"#\" data-goto=\"next\" aria-label=\"Next slide\" data-action=\"next\">\n\t\t\t\t\t\t<em class=\"sow-sld-icon-thin-right\"><\/em>\n\t\t\t\t\t<\/a>\n\t\t\t\t<\/div>\n\n\t\t\t\t<div class=\"sow-slide-nav sow-slide-nav-prev\">\n\t\t\t\t\t<a href=\"#\" data-goto=\"previous\" aria-label=\"Previous slide\" data-action=\"prev\">\n\t\t\t\t\t\t<em class=\"sow-sld-icon-thin-left\"><\/em>\n\t\t\t\t\t<\/a>\n\t\t\t\t<\/div>\n\t\t\t\t<\/div><\/div><\/div><\/div><\/div><\/div><\/div><div id=\"pg-5456-1\"  class=\"panel-grid panel-has-style\" ><div class=\"animate-69f16c3dc0ad4226629442 panel-row-style panel-row-style-for-5456-1\" data-so-animation=\"{&quot;selector&quot;:&quot;.animate-69f16c3dc0ad4226629442&quot;,&quot;animation&quot;:&quot;fadeIn&quot;,&quot;breakpoint&quot;:&quot;780px&quot;,&quot;duration&quot;:1,&quot;repeat&quot;:0,&quot;hide&quot;:0,&quot;disableAnimationMobile&quot;:0,&quot;finalState&quot;:&quot;visible&quot;,&quot;delay&quot;:0,&quot;debounce&quot;:0.1,&quot;event&quot;:&quot;enter&quot;,&quot;offset&quot;:0}\" ><div id=\"pgc-5456-1-0\"  class=\"panel-grid-cell\" ><div id=\"panel-5456-1-0-0\" class=\"so-panel widget widget_sow-editor panel-first-child panel-last-child\" data-index=\"1\" ><div\n\t\t\t\n\t\t\tclass=\"so-widget-sow-editor so-widget-sow-editor-base\"\n\t\t\t\n\t\t><h3 class=\"widget-title\"><h1>Securit\u00e9 et protection des donn\u00e9es pour la destruction de documents<\/h1><\/h3>\n<div class=\"siteorigin-widget-tinymce textwidget\">\n\t<p>La s\u00e9curit\u00e9 ne souffre aucun compromis. La majorit\u00e9 des documents et donn\u00e9es qui se trouvent \u00e0 votre bureau contiennent des informations confidentielles qui ne devraient pas tomber dans les mains de tiers. Il est donc imp\u00e9ratif de garantir en permanence leur s\u00e9curit\u00e9. Et c\u2019est justement cela la promesse REISSWOLF, dans la droite ligne de ce qui constitue depuis des ann\u00e9es notre mot d\u2019ordre: secret. service.<\/p>\n<p>&nbsp;<\/p>\n<p>Notre concept de s\u00e9curit\u00e9 \u2013 que ce soit lors de la destruction de dossiers ou de supports num\u00e9riques selon la LPD ou encore du stockage ou de l\u2019archivage de documents sensibles \u2013 confirme que nous prenons cette promesse tr\u00e8s au s\u00e9rieux. Et nous investissons dans ce concept. Afin de maintenir nos services \u00e0 leur niveau d\u2019excellence et de conserver notre longueur d\u2019avance.<\/p>\n<\/div>\n<\/div><\/div><\/div><\/div><\/div><div id=\"pg-5456-2\"  class=\"panel-grid panel-has-style\" ><div class=\"is-dark-ground siteorigin-panels-stretch animate-69f16c3dc1049805081458 panels-animation-hide panel-row-style panel-row-style-for-5456-2\" data-stretch-type=\"full\" data-so-animation=\"{&quot;selector&quot;:&quot;.animate-69f16c3dc1049805081458&quot;,&quot;animation&quot;:&quot;fadeInUp&quot;,&quot;breakpoint&quot;:&quot;780px&quot;,&quot;duration&quot;:1,&quot;repeat&quot;:0,&quot;hide&quot;:1,&quot;disableAnimationMobile&quot;:0,&quot;finalState&quot;:&quot;visible&quot;,&quot;delay&quot;:0,&quot;debounce&quot;:0.1,&quot;event&quot;:&quot;enter&quot;,&quot;offset&quot;:0}\" ><div class=\"so-panels-full-wrapper\" ><div id=\"pgc-5456-2-0\"  class=\"panel-grid-cell\" ><div id=\"panel-5456-2-0-0\" class=\"so-panel widget widget_sow-editor panel-first-child panel-last-child\" data-index=\"2\" ><div class=\"list-line-white panel-widget-style panel-widget-style-for-5456-2-0-0\" ><div\n\t\t\t\n\t\t\tclass=\"so-widget-sow-editor so-widget-sow-editor-base\"\n\t\t\t\n\t\t>\n<div class=\"siteorigin-widget-tinymce textwidget\">\n\t<p style=\"font-size: 18px; line-height: 3;\">Reisswolf \u2013 secret. service.<\/p>\n<h2><span style=\"color: #ffffff;\">VOTRE PARTENAIRE POUR UNE DESTRUCTION EN TOUTE S\u00c9CURIT\u00c9<\/span><\/h2>\n<p>REISSWOLF Suisse SA est la pr\u00e8miere entreprise suisse \u00e0 vous garantir une s\u00e9curit\u00e9 irr\u00e9prochable de tous ses processus gr\u00e2ce \u00e0 la certification selon la norme <strong><span style=\"color: #ffffff;\"><a style=\"color: #ffffff;\" href=\"https:\/\/www.reisswolf.ch\/fr\/securite\/norme-din\/\">DIN 66399, classe de protection 3<\/a>.<\/span><\/strong><\/p>\n<\/div>\n<\/div><\/div><\/div><\/div><\/div><\/div><\/div><div id=\"pg-5456-3\"  class=\"panel-grid panel-has-style\" ><div class=\"siteorigin-panels-stretch panel-row-style panel-row-style-for-5456-3\" data-stretch-type=\"full\" ><div class=\"so-panels-full-wrapper\" ><div id=\"pgc-5456-3-0\"  class=\"panel-grid-cell\" ><div id=\"panel-5456-3-0-0\" class=\"so-panel widget widget_sow-editor panel-first-child panel-last-child\" data-index=\"3\" ><div class=\"list-line-highlight panel-widget-style panel-widget-style-for-5456-3-0-0\" ><div\n\t\t\t\n\t\t\tclass=\"so-widget-sow-editor so-widget-sow-editor-base\"\n\t\t\t\n\t\t><h3 class=\"widget-title\"><h2>Aucun compromis lors de la protection de vos documents et donn\u00e9es<\/h2><\/h3>\n<div class=\"siteorigin-widget-tinymce textwidget\">\n\t<ul>\n<li>REISSWOLF est la seule entreprise en Suisse \u00e0 pouvoir d\u00e9truire vos documents et supports num\u00e9riques selon la norme DIN 66399, classe de protection 3.<\/li>\n<li>Proc\u00e9dure s\u00e9curis\u00e9e enti\u00e8rement certifi\u00e9e par la norme DIN EN ISO 9001 \u2013 depuis la collecte de vos documents et donn\u00e9es sensibles jusqu\u2019\u00e0 leur destruction finale<\/li>\n<li>Des experts en mati\u00e8re de s\u00e9curit\u00e9 enti\u00e8rement \u00e0 votre service<\/li>\n<li>Proc\u00e9dures de protection des donn\u00e9es encore plus exigeantes que les dispositions l\u00e9gales en vigueur<\/li>\n<li>Conseil approfondi dans toutes les questions de protection des donn\u00e9es, y compris de nature juridique<\/li>\n<li>Mise \u00e0 disposition de <a href=\"https:\/\/www.reisswolf.ch\/fr\/securite\/conteneurs-de-transport-securises\/\">conteneurs et collecteurs de s\u00e9curit\u00e9<\/a> pouvant accueillir des classeurs complets, chemises, dossiers suspendus, supports num\u00e9riques, etc.<\/li>\n<li>Proc\u00e8s-verbal attestant de la collecte et de la destruction des donn\u00e9es<\/li>\n<li>Transport assur\u00e9 par les v\u00e9hicules sp\u00e9ciaux haute s\u00e9curit\u00e9 REISSWOLF<\/li>\n<li>Sas de d\u00e9chargement s\u00e9curis\u00e9<\/li>\n<li>Disques durs d\u2019ordinateurs broy\u00e9s en infimes particules selon la norme DIN 66399 \u2013 il est techniquement impossible de reconstruire des donn\u00e9es coh\u00e9rentes<\/li>\n<li>\u00c9change et collecte des collecteurs par le personnel REISSWOLF<\/li>\n<li>Qualit\u00e9 garantie et proc\u00e9dures optimis\u00e9es en permanence gr\u00e2ce aux contr\u00f4les de s\u00e9curit\u00e9 et aux audits internes et externes<\/li>\n<\/ul>\n<\/div>\n<\/div><\/div><\/div><\/div><\/div><\/div><\/div><div id=\"pg-5456-4\"  class=\"panel-grid panel-has-style\" ><div class=\"panel-row-style panel-row-style-for-5456-4\" ><div id=\"pgc-5456-4-0\"  class=\"panel-grid-cell\" ><div id=\"panel-5456-4-0-0\" class=\"so-panel widget widget_sow-image panel-first-child panel-last-child\" data-index=\"4\" ><div\n\t\t\t\n\t\t\tclass=\"so-widget-sow-image so-widget-sow-image-default-dbf295114b96-5456\"\n\t\t\t\n\t\t>\n<div class=\"sow-image-container\">\n\t\t<img loading=\"lazy\" \n\tsrc=\"https:\/\/www.reisswolf.ch\/wp-content\/uploads\/2023\/11\/Aktenvernichtung-Reisswolf-Schweiz-klein-500x350-1.jpg\" width=\"500\" height=\"350\" srcset=\"https:\/\/www.reisswolf.ch\/wp-content\/uploads\/2023\/11\/Aktenvernichtung-Reisswolf-Schweiz-klein-500x350-1.jpg 500w, https:\/\/www.reisswolf.ch\/wp-content\/uploads\/2023\/11\/Aktenvernichtung-Reisswolf-Schweiz-klein-500x350-1-300x210.jpg 300w\" sizes=\"auto, (max-width: 500px) 100vw, 500px\" title=\"Aktenvernichtung-Reisswolf-Schweiz-klein-500&#215;350-1\" alt=\"\" \t\tclass=\"so-widget-image\"\/>\n\t<\/div>\n\n<\/div><\/div><\/div><div id=\"pgc-5456-4-1\"  class=\"panel-grid-cell\" ><div id=\"panel-5456-4-1-0\" class=\"so-panel widget widget_sow-editor panel-first-child\" data-index=\"5\" ><div\n\t\t\t\n\t\t\tclass=\"so-widget-sow-editor so-widget-sow-editor-base\"\n\t\t\t\n\t\t><h3 class=\"widget-title\"><h2>Destruction sur mesure de vos documents<\/h2><\/h3>\n<div class=\"siteorigin-widget-tinymce textwidget\">\n\t<p>Renseignez-vous sur nos services de destruction de documents s\u00e9curis\u00e9s et jugez par vous-m\u00eame.<\/p>\n<\/div>\n<\/div><\/div><div id=\"panel-5456-4-1-1\" class=\"so-panel widget widget_sow-button panel-last-child\" data-index=\"6\" ><div\n\t\t\t\n\t\t\tclass=\"so-widget-sow-button so-widget-sow-button-suloredsimple-144c983c4712-5456\"\n\t\t\t\n\t\t><div class=\"ow-button-base ow-button-align-left\"\n>\n\t\t\t<a\n\t\t\t\t\thref=\"\"\n\t\t\t\t\tclass=\"sowb-button ow-icon-placement-left ow-button-hover\" \t>\n\t\t<span>\n\t\t\t\n\t\t\tEn savoir plus\t\t<\/span>\n\t\t\t<\/a>\n\t<\/div>\n<\/div><\/div><\/div><\/div><\/div><div id=\"pg-5456-5\"  class=\"panel-grid panel-has-style\" ><div class=\"panel-row-style panel-row-style-for-5456-5\" ><div id=\"pgc-5456-5-0\"  class=\"panel-grid-cell\" ><div id=\"panel-5456-5-0-0\" class=\"so-panel widget widget_so-premium-mirror-widget panel-first-child panel-last-child\" data-index=\"7\" ><div\n\t\t\t\n\t\t\tclass=\"so-widget-so-premium-mirror-widget so-widget-so-premium-mirror-widget-default-d75171398898-5456\"\n\t\t\t\n\t\t><div id=\"pl-w69f16c3dc3b5b\"  class=\"panel-layout\" ><div id=\"pg-w69f16c3dc3b5b-0\"  class=\"panel-grid panel-has-style\" ><div class=\"is-contact-widget panel-row-style panel-row-style-for-w69f16c3dc3b5b-0\" ><div id=\"pgc-w69f16c3dc3b5b-0-0\"  class=\"panel-grid-cell\" ><div id=\"panel-w69f16c3dc3b5b-0-0-0\" class=\"so-panel widget widget_sow-editor panel-first-child panel-last-child widgetopts-SO\" data-index=\"0\" ><div\n\t\t\t\n\t\t\tclass=\"so-widget-sow-editor so-widget-sow-editor-base\"\n\t\t\t\n\t\t>\n<div class=\"siteorigin-widget-tinymce textwidget\">\n\t<p>[cplz_contact_widget]<\/p>\n<\/div>\n<\/div><\/div><\/div><\/div><\/div><\/div><\/div><\/div><\/div><\/div><\/div><\/div>","protected":false},"excerpt":{"rendered":"<p>La s\u00e9curit\u00e9 ne souffre aucun compromis. La majorit\u00e9 des documents et donn\u00e9es qui se trouvent \u00e0 votre bureau contiennent des informations confidentielles qui ne devraient pas tomber dans les mains de tiers. Il est donc imp\u00e9ratif de garantir en permanence leur s\u00e9curit\u00e9. Et c\u2019est justement cela la promesse REISSWOLF, dans la droite ligne de ce [&hellip;]<\/p>\n","protected":false},"author":3,"featured_media":0,"parent":5402,"menu_order":0,"comment_status":"closed","ping_status":"closed","template":"","meta":{"inline_featured_image":false,"footnotes":""},"class_list":["post-5456","page","type-page","status-publish","hentry"],"yoast_head":"<!-- This site is optimized with the Yoast SEO plugin v26.3 - https:\/\/yoast.com\/wordpress\/plugins\/seo\/ -->\n<title>Protection des donn\u00e9es | La garantie Reisswolf | \u00bb reisswolf.ch \u00bb Destruction de documents, proc\u00e9d\u00e9s s\u00e9curis\u00e9s, confidentialit\u00e9<\/title>\n<meta name=\"description\" content=\"S\u00e9curit\u00e9 chez Reisswolf Suisse. Votre partenaire pour la destruction de documents confidentiels depuis 25 ans. \u25b7 En savoir plus !\" \/>\n<meta name=\"robots\" content=\"index, follow, max-snippet:-1, max-image-preview:large, max-video-preview:-1\" \/>\n<link rel=\"canonical\" href=\"https:\/\/www.reisswolf.ch\/fr\/securite\/destruction-de-documents-protection-des-donnees\/\" \/>\n<meta property=\"og:locale\" content=\"fr_FR\" \/>\n<meta property=\"og:type\" content=\"article\" \/>\n<meta property=\"og:title\" content=\"Protection des donn\u00e9es | La garantie Reisswolf | \u00bb reisswolf.ch \u00bb Destruction de documents, proc\u00e9d\u00e9s s\u00e9curis\u00e9s, confidentialit\u00e9\" \/>\n<meta property=\"og:description\" content=\"S\u00e9curit\u00e9 chez Reisswolf Suisse. Votre partenaire pour la destruction de documents confidentiels depuis 25 ans. \u25b7 En savoir plus !\" \/>\n<meta property=\"og:url\" content=\"https:\/\/www.reisswolf.ch\/fr\/securite\/destruction-de-documents-protection-des-donnees\/\" \/>\n<meta property=\"og:site_name\" content=\"Reisswolf\" \/>\n<meta property=\"article:publisher\" content=\"https:\/\/www.linkedin.com\/showcase\/reisswolf-aktenvernichtung-schweiz\/\" \/>\n<meta property=\"article:modified_time\" content=\"2023-12-01T08:11:14+00:00\" \/>\n<meta name=\"twitter:card\" content=\"summary_large_image\" \/>\n<meta name=\"twitter:label1\" content=\"Dur\u00e9e de lecture estim\u00e9e\" \/>\n\t<meta name=\"twitter:data1\" content=\"3 minutes\" \/>\n<!-- \/ Yoast SEO plugin. -->","yoast_head_json":{"title":"Protection des donn\u00e9es | La garantie Reisswolf | \u00bb reisswolf.ch \u00bb Destruction de documents, proc\u00e9d\u00e9s s\u00e9curis\u00e9s, confidentialit\u00e9","description":"S\u00e9curit\u00e9 chez Reisswolf Suisse. Votre partenaire pour la destruction de documents confidentiels depuis 25 ans. \u25b7 En savoir plus !","robots":{"index":"index","follow":"follow","max-snippet":"max-snippet:-1","max-image-preview":"max-image-preview:large","max-video-preview":"max-video-preview:-1"},"canonical":"https:\/\/www.reisswolf.ch\/fr\/securite\/destruction-de-documents-protection-des-donnees\/","og_locale":"fr_FR","og_type":"article","og_title":"Protection des donn\u00e9es | La garantie Reisswolf | \u00bb reisswolf.ch \u00bb Destruction de documents, proc\u00e9d\u00e9s s\u00e9curis\u00e9s, confidentialit\u00e9","og_description":"S\u00e9curit\u00e9 chez Reisswolf Suisse. Votre partenaire pour la destruction de documents confidentiels depuis 25 ans. \u25b7 En savoir plus !","og_url":"https:\/\/www.reisswolf.ch\/fr\/securite\/destruction-de-documents-protection-des-donnees\/","og_site_name":"Reisswolf","article_publisher":"https:\/\/www.linkedin.com\/showcase\/reisswolf-aktenvernichtung-schweiz\/","article_modified_time":"2023-12-01T08:11:14+00:00","twitter_card":"summary_large_image","twitter_misc":{"Dur\u00e9e de lecture estim\u00e9e":"3 minutes"},"schema":{"@context":"https:\/\/schema.org","@graph":[{"@type":"WebPage","@id":"https:\/\/www.reisswolf.ch\/fr\/securite\/destruction-de-documents-protection-des-donnees\/","url":"https:\/\/www.reisswolf.ch\/fr\/securite\/destruction-de-documents-protection-des-donnees\/","name":"Protection des donn\u00e9es | La garantie Reisswolf | \u00bb reisswolf.ch \u00bb Destruction de documents, proc\u00e9d\u00e9s s\u00e9curis\u00e9s, confidentialit\u00e9","isPartOf":{"@id":"https:\/\/www.reisswolf.ch\/#website"},"datePublished":"2023-06-26T19:46:14+00:00","dateModified":"2023-12-01T08:11:14+00:00","description":"S\u00e9curit\u00e9 chez Reisswolf Suisse. Votre partenaire pour la destruction de documents confidentiels depuis 25 ans. \u25b7 En savoir plus !","breadcrumb":{"@id":"https:\/\/www.reisswolf.ch\/fr\/securite\/destruction-de-documents-protection-des-donnees\/#breadcrumb"},"inLanguage":"fr-FR","potentialAction":[{"@type":"ReadAction","target":["https:\/\/www.reisswolf.ch\/fr\/securite\/destruction-de-documents-protection-des-donnees\/"]}]},{"@type":"BreadcrumbList","@id":"https:\/\/www.reisswolf.ch\/fr\/securite\/destruction-de-documents-protection-des-donnees\/#breadcrumb","itemListElement":[{"@type":"ListItem","position":1,"name":"Startseite","item":"https:\/\/www.reisswolf.ch\/fr\/"},{"@type":"ListItem","position":2,"name":"S\u00e9curit\u00e9","item":"https:\/\/www.reisswolf.ch\/fr\/securite\/"},{"@type":"ListItem","position":3,"name":"Destruction de documents \u2013 protection des donn\u00e9es"}]},{"@type":"WebSite","@id":"https:\/\/www.reisswolf.ch\/#website","url":"https:\/\/www.reisswolf.ch\/","name":"Reisswolf","description":"Reisswolf","publisher":{"@id":"https:\/\/www.reisswolf.ch\/#organization"},"potentialAction":[{"@type":"SearchAction","target":{"@type":"EntryPoint","urlTemplate":"https:\/\/www.reisswolf.ch\/?s={search_term_string}"},"query-input":{"@type":"PropertyValueSpecification","valueRequired":true,"valueName":"search_term_string"}}],"inLanguage":"fr-FR"},{"@type":"Organization","@id":"https:\/\/www.reisswolf.ch\/#organization","name":"REISSWOLF Schweiz AG","url":"https:\/\/www.reisswolf.ch\/","logo":{"@type":"ImageObject","inLanguage":"fr-FR","@id":"https:\/\/www.reisswolf.ch\/#\/schema\/logo\/image\/","url":"https:\/\/www.reisswolf.ch\/wp-content\/uploads\/2025\/10\/logo-reisswolf.svg","contentUrl":"https:\/\/www.reisswolf.ch\/wp-content\/uploads\/2025\/10\/logo-reisswolf.svg","width":"1024","height":"1024","caption":"REISSWOLF Schweiz AG"},"image":{"@id":"https:\/\/www.reisswolf.ch\/#\/schema\/logo\/image\/"},"sameAs":["https:\/\/www.linkedin.com\/showcase\/reisswolf-aktenvernichtung-schweiz\/"]}]}},"_links":{"self":[{"href":"https:\/\/www.reisswolf.ch\/fr\/wp-json\/wp\/v2\/pages\/5456","targetHints":{"allow":["GET"]}}],"collection":[{"href":"https:\/\/www.reisswolf.ch\/fr\/wp-json\/wp\/v2\/pages"}],"about":[{"href":"https:\/\/www.reisswolf.ch\/fr\/wp-json\/wp\/v2\/types\/page"}],"author":[{"embeddable":true,"href":"https:\/\/www.reisswolf.ch\/fr\/wp-json\/wp\/v2\/users\/3"}],"replies":[{"embeddable":true,"href":"https:\/\/www.reisswolf.ch\/fr\/wp-json\/wp\/v2\/comments?post=5456"}],"version-history":[{"count":7,"href":"https:\/\/www.reisswolf.ch\/fr\/wp-json\/wp\/v2\/pages\/5456\/revisions"}],"predecessor-version":[{"id":6193,"href":"https:\/\/www.reisswolf.ch\/fr\/wp-json\/wp\/v2\/pages\/5456\/revisions\/6193"}],"up":[{"embeddable":true,"href":"https:\/\/www.reisswolf.ch\/fr\/wp-json\/wp\/v2\/pages\/5402"}],"wp:attachment":[{"href":"https:\/\/www.reisswolf.ch\/fr\/wp-json\/wp\/v2\/media?parent=5456"}],"curies":[{"name":"wp","href":"https:\/\/api.w.org\/{rel}","templated":true}]}}