{"id":5447,"date":"2023-06-28T11:57:49","date_gmt":"2023-06-28T09:57:49","guid":{"rendered":"https:\/\/preprod.reisswolf.ch\/unternehmen\/nachhaltigkeit\/"},"modified":"2026-01-01T20:32:39","modified_gmt":"2026-01-01T19:32:39","slug":"durabilite","status":"publish","type":"page","link":"https:\/\/www.reisswolf.ch\/fr\/societe\/durabilite\/","title":{"rendered":"Durabilit\u00e9"},"content":{"rendered":"<div id=\"pl-5447\"  class=\"panel-layout\" ><div id=\"pg-5447-0\"  class=\"panel-grid panel-has-style\" ><div class=\"hero-row-flex siteorigin-panels-stretch panel-row-style panel-row-style-for-5447-0\" data-stretch-type=\"full-width-stretch\" ><div id=\"pgc-5447-0-0\"  class=\"panel-grid-cell panel-grid-cell-mobile-last\" ><div id=\"panel-5447-0-0-0\" class=\"so-panel widget widget_sow-editor panel-first-child panel-last-child widgetopts-SO\" data-index=\"0\" ><div class=\"panel-widget-style panel-widget-style-for-5447-0-0-0\" ><div\n\t\t\t\n\t\t\tclass=\"so-widget-sow-editor so-widget-sow-editor-base\"\n\t\t\t\n\t\t>\n<div class=\"siteorigin-widget-tinymce textwidget\">\n\t<h1>Le d\u00e9veloppement durable chez REISSWOLF Suisse<\/h1>\n<p class=\"hero-subtext\"><strong>Agir de mani\u00e8re responsable. Pr\u00e9server les ressources. Favoriser l\u2019\u00e9conomie circulaire.<\/strong><\/p>\n<\/div>\n<\/div><\/div><\/div><\/div><div id=\"pgc-5447-0-1\"  class=\"panel-grid-cell panel-grid-cell-empty\" ><\/div><\/div><\/div><div id=\"pg-5447-1\"  class=\"panel-grid panel-has-style\" ><div class=\"animate-69f30df50b5b0136942465 panel-row-style panel-row-style-for-5447-1\" data-so-animation=\"{&quot;selector&quot;:&quot;.animate-69f30df50b5b0136942465&quot;,&quot;animation&quot;:&quot;fadeIn&quot;,&quot;breakpoint&quot;:&quot;780px&quot;,&quot;duration&quot;:1,&quot;repeat&quot;:0,&quot;hide&quot;:0,&quot;disableAnimationMobile&quot;:0,&quot;finalState&quot;:&quot;visible&quot;,&quot;delay&quot;:0,&quot;debounce&quot;:0.1,&quot;event&quot;:&quot;enter&quot;,&quot;offset&quot;:0}\" ><div id=\"pgc-5447-1-0\"  class=\"panel-grid-cell\" ><div id=\"panel-5447-1-0-0\" class=\"so-panel widget widget_sow-editor panel-first-child panel-last-child widgetopts-SO\" data-index=\"1\" ><div\n\t\t\t\n\t\t\tclass=\"so-widget-sow-editor so-widget-sow-editor-base\"\n\t\t\t\n\t\t>\n<div class=\"siteorigin-widget-tinymce textwidget\">\n\t<h2 style=\"text-align: center;\">Notre vision de la durabilit\u00e9 en mati\u00e8re de destruction de documents<\/h2>\n<p>&nbsp;<\/p>\n<p style=\"text-align: center;\">Chez REISSWOLF Suisse, la durabilit\u00e9 n\u2019est pas un suppl\u00e9ment, mais une composante essentielle de notre activit\u00e9 quotidienne.<br \/>\nEn tant que membre du groupe Paprec, nous nous engageons \u00e0 g\u00e9rer les ressources de mani\u00e8re responsable, \u00e0 utiliser l\u2019\u00e9nergie avec parcimonie<br \/>\net \u00e0 garantir une \u00e9limination s\u00fbre et conforme \u00e0 la LPD de toutes les donn\u00e9es \u2013 qu\u2019il s\u2019agisse de documents papier, de radiographies ou de supports \u00e9lectroniques.<\/p>\n<p>&nbsp;<\/p>\n<h3 style=\"text-align: center;\"><strong>Recyclage du papier : une valorisation circulaire des mati\u00e8res<\/strong><\/h3>\n<p style=\"text-align: center; line-height: 1.8;\">\u2714 100\u00a0% des documents d\u00e9truits sont int\u00e9gr\u00e9s dans le <strong>circuit du recyclage papier<\/strong><br \/>\n\u2714 R\u00e9duction de l\u2019utilisation de <strong>mati\u00e8res premi\u00e8res vierges<\/strong> telles que la p\u00e2te \u00e0 papier et l\u2019eau<br \/>\n\u2714 Partenariats avec des recycleurs r\u00e9gionaux afin de limiter les <strong>\u00e9missions de CO\u2082<\/strong><\/p>\n<p>&nbsp;<\/p>\n<h3 style=\"text-align: center; line-height: 1.8;\"><strong>R\u00e9cup\u00e9ration de l\u2019argent contenu dans les radiographies<\/strong><\/h3>\n<p style=\"text-align: center;\">\u2714 Les films radiologiques contiennent de l\u2019<strong>argent valorisable<\/strong>, r\u00e9cup\u00e9r\u00e9 lors du traitement<br \/>\n\u2714 Une d\u00e9marche durable doublement profitable\u00a0: <strong>protection des donn\u00e9es et pr\u00e9servation des ressources<\/strong><\/p>\n<\/div>\n<\/div><\/div><\/div><\/div><\/div><div id=\"pg-5447-2\"  class=\"panel-grid panel-has-style\" ><div class=\"is-dark-ground siteorigin-panels-stretch animate-69f30df50b89b638365476 panels-animation-hide panel-row-style panel-row-style-for-5447-2\" data-stretch-type=\"full\" data-so-animation=\"{&quot;selector&quot;:&quot;.animate-69f30df50b89b638365476&quot;,&quot;animation&quot;:&quot;fadeInUp&quot;,&quot;breakpoint&quot;:&quot;780px&quot;,&quot;duration&quot;:1,&quot;repeat&quot;:0,&quot;hide&quot;:1,&quot;disableAnimationMobile&quot;:0,&quot;finalState&quot;:&quot;visible&quot;,&quot;delay&quot;:0,&quot;debounce&quot;:0.1,&quot;event&quot;:&quot;enter&quot;,&quot;offset&quot;:0}\" ><div class=\"so-panels-full-wrapper\" ><div id=\"pgc-5447-2-0\"  class=\"panel-grid-cell\" ><div id=\"panel-5447-2-0-0\" class=\"so-panel widget widget_sow-editor panel-first-child panel-last-child widgetopts-SO\" data-index=\"2\" ><div class=\"panel-widget-style panel-widget-style-for-5447-2-0-0\" ><div\n\t\t\t\n\t\t\tclass=\"so-widget-sow-editor so-widget-sow-editor-base\"\n\t\t\t\n\t\t>\n<div class=\"siteorigin-widget-tinymce textwidget\">\n\t<p style=\"text-align: center; font-size: 1.2em;\">D\u00e9truire de mani\u00e8re durable \u2013 avec REISSWOLF Suisse<\/p>\n<\/div>\n<\/div><\/div><\/div><\/div><\/div><\/div><\/div><div id=\"pg-5447-3\"  class=\"panel-grid panel-has-style\" ><div class=\"panel-row-style panel-row-style-for-5447-3\" ><div id=\"pgc-5447-3-0\"  class=\"panel-grid-cell\" ><div id=\"panel-5447-3-0-0\" class=\"so-panel widget widget_sow-image panel-first-child panel-last-child widgetopts-SO\" data-index=\"3\" ><div\n\t\t\t\n\t\t\tclass=\"so-widget-sow-image so-widget-sow-image-default-dbf295114b96-5447\"\n\t\t\t\n\t\t>\n<div class=\"sow-image-container\">\n\t\t<img loading=\"lazy\" \n\tsrc=\"https:\/\/www.reisswolf.ch\/wp-content\/uploads\/2025\/10\/co2-arme-logistik-aktenvernichtung-reisswolf-schweiz.jpg\" width=\"1000\" height=\"667\" srcset=\"https:\/\/www.reisswolf.ch\/wp-content\/uploads\/2025\/10\/co2-arme-logistik-aktenvernichtung-reisswolf-schweiz.jpg 1000w, https:\/\/www.reisswolf.ch\/wp-content\/uploads\/2025\/10\/co2-arme-logistik-aktenvernichtung-reisswolf-schweiz-300x200.jpg 300w, https:\/\/www.reisswolf.ch\/wp-content\/uploads\/2025\/10\/co2-arme-logistik-aktenvernichtung-reisswolf-schweiz-768x512.jpg 768w, https:\/\/www.reisswolf.ch\/wp-content\/uploads\/2025\/10\/co2-arme-logistik-aktenvernichtung-reisswolf-schweiz-272x182.jpg 272w, https:\/\/www.reisswolf.ch\/wp-content\/uploads\/2025\/10\/co2-arme-logistik-aktenvernichtung-reisswolf-schweiz-720x480.jpg 720w\" sizes=\"auto, (max-width: 1000px) 100vw, 1000px\" title=\"Nachhaltig unterwegs mit modernen Sicherheitsfahrzeugen\" alt=\"Sicherheitsfahrer von REISSWOLF Schweiz in einem emissionsarmen Fahrzeug bei der Aktenvernichtung\" \t\tclass=\"so-widget-image\"\/>\n\t<\/div>\n\n<\/div><\/div><\/div><div id=\"pgc-5447-3-1\"  class=\"panel-grid-cell\" ><div id=\"panel-5447-3-1-0\" class=\"so-panel widget widget_sow-editor panel-first-child panel-last-child widgetopts-SO\" data-index=\"4\" ><div class=\"list-line-highlight panel-widget-style panel-widget-style-for-5447-3-1-0\" ><div\n\t\t\t\n\t\t\tclass=\"so-widget-sow-editor so-widget-sow-editor-base\"\n\t\t\t\n\t\t><h3 class=\"widget-title\"><h2>Une logistique \u00e0 faibles  <br \/>\u00e9missions efficace et respectueuse de l\u2019environnement<\/h2><\/h3>\n<div class=\"siteorigin-widget-tinymce textwidget\">\n\t<p>Nos v\u00e9hicules de s\u00e9curit\u00e9 sp\u00e9cialement \u00e9quip\u00e9s r\u00e9pondent aux normes environnementales les plus r\u00e9centes&nbsp;:<br \/>\n&nbsp;<\/p>\n<ul>\n<li><strong>R\u00e9duction de la consommation de carburant<\/strong> gr\u00e2ce \u00e0 une planification optimis\u00e9e des tourn\u00e9es<\/li>\n<li><strong>Suivi GPS<\/strong> et documentation num\u00e9rique afin d\u2019\u00e9viter les impressions papier<\/li>\n<li><strong>Trajets courts<\/strong> gr\u00e2ce \u00e0 nos centres de destruction r\u00e9gionaux en Suisse<\/li>\n<\/ul>\n<\/div>\n<\/div><\/div><\/div><\/div><\/div><\/div><div id=\"pg-5447-4\"  class=\"panel-grid panel-has-style\" ><div class=\"panel-row-style panel-row-style-for-5447-4\" ><div id=\"pgc-5447-4-0\"  class=\"panel-grid-cell\" ><div id=\"panel-5447-4-0-0\" class=\"so-panel widget widget_sow-editor panel-first-child panel-last-child widgetopts-SO\" data-index=\"5\" ><div class=\"list-line-highlight panel-widget-style panel-widget-style-for-5447-4-0-0\" ><div\n\t\t\t\n\t\t\tclass=\"so-widget-sow-editor so-widget-sow-editor-base\"\n\t\t\t\n\t\t><h3 class=\"widget-title\"><h2>Durabilit\u00e9 et protection des donn\u00e9es : <br \/>une destruction s\u00fbre au service de votre conformit\u00e9<\/h2><\/h3>\n<div class=\"siteorigin-widget-tinymce textwidget\">\n\t<p>Le d\u00e9veloppement durable ne se limite pas \u00e0 la protection de l\u2019environnement. La <strong>gestion responsable des donn\u00e9es sensibles<\/strong> fait pleinement partie de notre strat\u00e9gie&nbsp;:<br \/>\n&nbsp;<\/p>\n<ul>\n<li>Destruction conforme aux normes <strong>DIN 66399<\/strong> et <strong>ISO\/CEI 21964<\/strong><\/li>\n<li>Application des obligations de suppression pr\u00e9vues par la <strong>loi r\u00e9vis\u00e9e sur la protection des donn\u00e9es (nLPD)<\/strong><\/li>\n<li><strong>Des processus s\u00e9curis\u00e9s<\/strong> prot\u00e8gent non seulement les donn\u00e9es, mais aussi votre organisation contre les violations de la protection des donn\u00e9es<\/li>\n<\/ul>\n<\/div>\n<\/div><\/div><\/div><\/div><div id=\"pgc-5447-4-1\"  class=\"panel-grid-cell\" ><div id=\"panel-5447-4-1-0\" class=\"so-panel widget widget_sow-image panel-first-child panel-last-child widgetopts-SO\" data-index=\"6\" ><div\n\t\t\t\n\t\t\tclass=\"so-widget-sow-image so-widget-sow-image-default-dbf295114b96-5447\"\n\t\t\t\n\t\t>\n<div class=\"sow-image-container\">\n\t\t<img loading=\"lazy\" \n\tsrc=\"https:\/\/www.reisswolf.ch\/wp-content\/uploads\/2025\/10\/sichere-aktenvernichtung-nachhaltiger-datenschutz-reisswolf-schweiz.jpg\" width=\"900\" height=\"598\" srcset=\"https:\/\/www.reisswolf.ch\/wp-content\/uploads\/2025\/10\/sichere-aktenvernichtung-nachhaltiger-datenschutz-reisswolf-schweiz.jpg 900w, https:\/\/www.reisswolf.ch\/wp-content\/uploads\/2025\/10\/sichere-aktenvernichtung-nachhaltiger-datenschutz-reisswolf-schweiz-300x199.jpg 300w, https:\/\/www.reisswolf.ch\/wp-content\/uploads\/2025\/10\/sichere-aktenvernichtung-nachhaltiger-datenschutz-reisswolf-schweiz-768x510.jpg 768w, https:\/\/www.reisswolf.ch\/wp-content\/uploads\/2025\/10\/sichere-aktenvernichtung-nachhaltiger-datenschutz-reisswolf-schweiz-272x182.jpg 272w\" sizes=\"auto, (max-width: 900px) 100vw, 900px\" title=\"Verantwortungsvoll vernichten \u2013 gesetzeskonform &amp; ressourcenschonend\" alt=\"Mitarbeiter von REISSWOLF Schweiz bei der sicheren Vernichtung sensibler Akten in der Recyclinganlage\" \t\tclass=\"so-widget-image\"\/>\n\t<\/div>\n\n<\/div><\/div><\/div><\/div><\/div><div id=\"pg-5447-5\"  class=\"panel-grid panel-has-style\" ><div class=\"is-has-overlay so-parallax siteorigin-panels-stretch panel-row-style panel-row-style-for-5447-5\" data-stretch-type=\"full-width-stretch\" ><img decoding=\"async\" loading=\"lazy\" width=\"1900\" height=\"934\" src=\"https:\/\/www.reisswolf.ch\/wp-content\/uploads\/2025\/10\/csr-strategie-nachhaltigkeit-paprec-reisswolf-schweiz.jpg\" class=\"attachment-full size-full\" alt=\"Zwei H\u00e4nde \u00fcbergeben eine Weltkugel \u2013 Symbol f\u00fcr generations\u00fcbergreifende Verantwortung im Sinne der Nachhaltigkeit.\" data-siteorigin-parallax=\"true\" loading=\"eager\" srcset=\"https:\/\/www.reisswolf.ch\/wp-content\/uploads\/2025\/10\/csr-strategie-nachhaltigkeit-paprec-reisswolf-schweiz.jpg 1900w, https:\/\/www.reisswolf.ch\/wp-content\/uploads\/2025\/10\/csr-strategie-nachhaltigkeit-paprec-reisswolf-schweiz-300x147.jpg 300w, https:\/\/www.reisswolf.ch\/wp-content\/uploads\/2025\/10\/csr-strategie-nachhaltigkeit-paprec-reisswolf-schweiz-1024x503.jpg 1024w, https:\/\/www.reisswolf.ch\/wp-content\/uploads\/2025\/10\/csr-strategie-nachhaltigkeit-paprec-reisswolf-schweiz-768x378.jpg 768w, https:\/\/www.reisswolf.ch\/wp-content\/uploads\/2025\/10\/csr-strategie-nachhaltigkeit-paprec-reisswolf-schweiz-1536x755.jpg 1536w\" sizes=\"auto, (max-width: 1900px) 100vw, 1900px\" \/><div id=\"pgc-5447-5-0\"  class=\"panel-grid-cell\" ><div id=\"panel-5447-5-0-0\" class=\"so-panel widget widget_sow-editor panel-first-child widgetopts-SO\" data-index=\"7\" ><div class=\"list-line-white panel-widget-style panel-widget-style-for-5447-5-0-0\" ><div\n\t\t\t\n\t\t\tclass=\"so-widget-sow-editor so-widget-sow-editor-base\"\n\t\t\t\n\t\t>\n<div class=\"siteorigin-widget-tinymce textwidget\">\n\t<h2><span style=\"color: #ffffff;\">Notre contribution \u00e0 la strat\u00e9gie RSE du groupe Paprec<\/span><\/h2>\n<p class=\"p1\"><span style=\"color: #ffffff;\">En tant que membre du <strong>groupe Paprec<\/strong> en France, nous contribuons activement \u00e0 sa <strong>strat\u00e9gie RSE<\/strong> globale&nbsp;:<\/span><\/p>\n<ul>\n<li><span style=\"color: #ffffff;\"><strong>D\u00e9carbonation cibl\u00e9e<\/strong> de l\u2019ensemble de la cha\u00eene de valeur<\/span><\/li>\n<li><span style=\"color: #ffffff;\">Promotion de <strong>syst\u00e8mes \u00e9conomiques circulaires<\/strong> dans tous les domaines d\u2019activit\u00e9<\/span><\/li>\n<li><span style=\"color: #ffffff;\">Exigences \u00e9lev\u00e9es en mati\u00e8re de <strong>s\u00e9curit\u00e9 au travail, d\u2019\u00e9galit\u00e9 et de responsabilit\u00e9 soci\u00e9tale<\/strong><\/span><\/li>\n<\/ul>\n<p>&nbsp;<\/p>\n<p class=\"p1\"><span style=\"color: #ffffff;\"><strong>REISSWOLF Suisse transpose ces valeurs en Suisse \u2013 de mani\u00e8re concr\u00e8te, mesurable et transparente.<\/strong><\/span><\/p>\n<\/div>\n<\/div><\/div><\/div><div id=\"panel-5447-5-0-1\" class=\"so-panel widget widget_sow-button panel-last-child widgetopts-SO\" data-index=\"8\" ><div class=\"panel-widget-style panel-widget-style-for-5447-5-0-1\" ><div\n\t\t\t\n\t\t\tclass=\"so-widget-sow-button so-widget-sow-button-suloredsimple-70a284b28fe6-5447\"\n\t\t\t\n\t\t><div class=\"ow-button-base ow-button-align-left\"\n>\n\t\t\t<a\n\t\t\t\t\thref=\"https:\/\/www.paprec.com\/de\/unsere-vision-des-recyclings-der-zukunft\/\"\n\t\t\t\t\tclass=\"sowb-button ow-icon-placement-left ow-button-hover\" target=\"_blank\" rel=\"noopener noreferrer\" \t>\n\t\t<span>\n\t\t\t\n\t\t\tConsulter la strat\u00e9gie RSE de Paprec\t\t<\/span>\n\t\t\t<\/a>\n\t<\/div>\n<\/div><\/div><\/div><\/div><\/div><\/div><div id=\"pg-5447-6\"  class=\"panel-grid panel-no-style\" ><div id=\"pgc-5447-6-0\"  class=\"panel-grid-cell\" ><div id=\"panel-5447-6-0-0\" class=\"so-panel widget widget_sow-editor panel-first-child panel-last-child widgetopts-SO\" data-index=\"9\" ><div class=\"list-line-highlight panel-widget-style panel-widget-style-for-5447-6-0-0\" ><div\n\t\t\t\n\t\t\tclass=\"so-widget-sow-editor so-widget-sow-editor-base\"\n\t\t\t\n\t\t>\n<div class=\"siteorigin-widget-tinymce textwidget\">\n\t<h2>Vos avantages avec REISSWOLF Suisse<\/h2>\n<ul>\n<li>Destruction durable des documents avec r\u00e9int\u00e9gration dans le circuit des mati\u00e8res premi\u00e8res<\/li>\n<li>Logistique \u00e0 faibles \u00e9missions de CO\u2082 gr\u00e2ce \u00e0 des sites r\u00e9gionaux et des trajets courts<\/li>\n<li>S\u00e9curit\u00e9 certifi\u00e9e conforme \u00e0 la LPD et \u00e0 la norme DIN 66399<\/li>\n<li>R\u00e9cup\u00e9ration de l\u2019argent contenu dans les radiographies comme facteur de durabilit\u00e9<\/li>\n<li>Partenaire fiable pour les entreprises, administrations, cabinets m\u00e9dicaux et institutions<\/li>\n<\/ul>\n<\/div>\n<\/div><\/div><\/div><\/div><\/div><div id=\"pg-5447-7\"  class=\"panel-grid panel-has-style\" ><div class=\"is-dark-ground siteorigin-panels-stretch animate-69f30df50f032889084528 panels-animation-hide panel-row-style panel-row-style-for-5447-7\" data-stretch-type=\"full\" data-so-animation=\"{&quot;selector&quot;:&quot;.animate-69f30df50f032889084528&quot;,&quot;animation&quot;:&quot;fadeInUp&quot;,&quot;breakpoint&quot;:&quot;780px&quot;,&quot;duration&quot;:1,&quot;repeat&quot;:0,&quot;hide&quot;:1,&quot;disableAnimationMobile&quot;:0,&quot;finalState&quot;:&quot;visible&quot;,&quot;delay&quot;:0,&quot;debounce&quot;:0.1,&quot;event&quot;:&quot;enter&quot;,&quot;offset&quot;:0}\" ><div class=\"so-panels-full-wrapper\" ><div id=\"pgc-5447-7-0\"  class=\"panel-grid-cell\" ><div id=\"panel-5447-7-0-0\" class=\"so-panel widget widget_sow-editor panel-first-child panel-last-child widgetopts-SO\" data-index=\"10\" ><div class=\"panel-widget-style panel-widget-style-for-5447-7-0-0\" ><div\n\t\t\t\n\t\t\tclass=\"so-widget-sow-editor so-widget-sow-editor-base\"\n\t\t\t\n\t\t>\n<div class=\"siteorigin-widget-tinymce textwidget\">\n\t<p style=\"text-align: center; font-size: 1.2em;\">D\u00e9truire vos documents de mani\u00e8re responsable pour l\u2019environnement \u2013<br \/>\n<span style=\"color: #ffffff;\"><br \/>\n<a style=\"color: #ffffff;\" href=\"https:\/\/offer.reisswolf.ch\/de\/type\">Demander une offre<\/a><br \/>\n<\/span><\/p>\n<\/div>\n<\/div><\/div><\/div><\/div><\/div><\/div><\/div><div id=\"pg-5447-8\"  class=\"panel-grid panel-has-style\" ><div class=\"panel-row-style panel-row-style-for-5447-8\" ><div id=\"pgc-5447-8-0\"  class=\"panel-grid-cell\" ><div id=\"panel-5447-8-0-0\" class=\"so-panel widget widget_so-premium-mirror-widget panel-first-child panel-last-child\" data-index=\"11\" ><div\n\t\t\t\n\t\t\tclass=\"so-widget-so-premium-mirror-widget so-widget-so-premium-mirror-widget-default-d75171398898-5447\"\n\t\t\t\n\t\t><div id=\"pl-w69f30df51014e\"  class=\"panel-layout\" ><div id=\"pg-w69f30df51014e-0\"  class=\"panel-grid panel-has-style\" ><div class=\"is-contact-widget panel-row-style panel-row-style-for-w69f30df51014e-0\" ><div id=\"pgc-w69f30df51014e-0-0\"  class=\"panel-grid-cell\" ><div id=\"panel-w69f30df51014e-0-0-0\" class=\"so-panel widget widget_sow-editor panel-first-child panel-last-child widgetopts-SO\" data-index=\"0\" ><div\n\t\t\t\n\t\t\tclass=\"so-widget-sow-editor so-widget-sow-editor-base\"\n\t\t\t\n\t\t>\n<div class=\"siteorigin-widget-tinymce textwidget\">\n\t<p>[cplz_contact_widget]<\/p>\n<\/div>\n<\/div><\/div><\/div><\/div><\/div><\/div><\/div><\/div><\/div><\/div><\/div><\/div>","protected":false},"excerpt":{"rendered":"<p>Le d\u00e9veloppement durable chez REISSWOLF Suisse Agir de mani\u00e8re responsable. Pr\u00e9server les ressources. Favoriser l\u2019\u00e9conomie circulaire. Notre vision de la durabilit\u00e9 en mati\u00e8re de destruction de documents &nbsp; Chez REISSWOLF Suisse, la durabilit\u00e9 n\u2019est pas un suppl\u00e9ment, mais une composante essentielle de notre activit\u00e9 quotidienne. En tant que membre du groupe Paprec, nous nous engageons [&hellip;]<\/p>\n","protected":false},"author":3,"featured_media":0,"parent":5393,"menu_order":0,"comment_status":"closed","ping_status":"closed","template":"","meta":{"inline_featured_image":false,"footnotes":""},"class_list":["post-5447","page","type-page","status-publish","hentry"],"yoast_head":"<!-- This site is optimized with the Yoast SEO plugin v26.3 - https:\/\/yoast.com\/wordpress\/plugins\/seo\/ -->\n<title>Durabilit\u00e9 | Notre mission \u00bb reisswolf.ch \u00bb Destruction de documents, proc\u00e9d\u00e9s s\u00e9curis\u00e9s, confidentialit\u00e9<\/title>\n<meta name=\"description\" content=\"La soci\u00e9t\u00e9 Reisswolf Suisse. Votre partenaire pour la destruction de documents confidentiels depuis 25 ans. \u25b7 En savoir plus !\" \/>\n<meta name=\"robots\" content=\"index, follow, max-snippet:-1, max-image-preview:large, max-video-preview:-1\" \/>\n<link rel=\"canonical\" href=\"https:\/\/www.reisswolf.ch\/fr\/societe\/durabilite\/\" \/>\n<meta property=\"og:locale\" content=\"fr_FR\" \/>\n<meta property=\"og:type\" content=\"article\" \/>\n<meta property=\"og:title\" content=\"Durabilit\u00e9 | Notre mission \u00bb reisswolf.ch \u00bb Destruction de documents, proc\u00e9d\u00e9s s\u00e9curis\u00e9s, confidentialit\u00e9\" \/>\n<meta property=\"og:description\" content=\"La soci\u00e9t\u00e9 Reisswolf Suisse. Votre partenaire pour la destruction de documents confidentiels depuis 25 ans. \u25b7 En savoir plus !\" \/>\n<meta property=\"og:url\" content=\"https:\/\/www.reisswolf.ch\/fr\/societe\/durabilite\/\" \/>\n<meta property=\"og:site_name\" content=\"Reisswolf\" \/>\n<meta property=\"article:publisher\" content=\"https:\/\/www.linkedin.com\/showcase\/reisswolf-aktenvernichtung-schweiz\/\" \/>\n<meta property=\"article:modified_time\" content=\"2026-01-01T19:32:39+00:00\" \/>\n<meta property=\"og:image\" content=\"https:\/\/www.reisswolf.ch\/wp-content\/uploads\/2025\/10\/csr-strategie-nachhaltigkeit-paprec-reisswolf-schweiz.jpg\" \/>\n<meta name=\"twitter:card\" content=\"summary_large_image\" \/>\n<meta name=\"twitter:label1\" content=\"Dur\u00e9e de lecture estim\u00e9e\" \/>\n\t<meta name=\"twitter:data1\" content=\"4 minutes\" \/>\n<!-- \/ Yoast SEO plugin. -->","yoast_head_json":{"title":"Durabilit\u00e9 | Notre mission \u00bb reisswolf.ch \u00bb Destruction de documents, proc\u00e9d\u00e9s s\u00e9curis\u00e9s, confidentialit\u00e9","description":"La soci\u00e9t\u00e9 Reisswolf Suisse. Votre partenaire pour la destruction de documents confidentiels depuis 25 ans. \u25b7 En savoir plus !","robots":{"index":"index","follow":"follow","max-snippet":"max-snippet:-1","max-image-preview":"max-image-preview:large","max-video-preview":"max-video-preview:-1"},"canonical":"https:\/\/www.reisswolf.ch\/fr\/societe\/durabilite\/","og_locale":"fr_FR","og_type":"article","og_title":"Durabilit\u00e9 | Notre mission \u00bb reisswolf.ch \u00bb Destruction de documents, proc\u00e9d\u00e9s s\u00e9curis\u00e9s, confidentialit\u00e9","og_description":"La soci\u00e9t\u00e9 Reisswolf Suisse. Votre partenaire pour la destruction de documents confidentiels depuis 25 ans. \u25b7 En savoir plus !","og_url":"https:\/\/www.reisswolf.ch\/fr\/societe\/durabilite\/","og_site_name":"Reisswolf","article_publisher":"https:\/\/www.linkedin.com\/showcase\/reisswolf-aktenvernichtung-schweiz\/","article_modified_time":"2026-01-01T19:32:39+00:00","og_image":[{"url":"https:\/\/www.reisswolf.ch\/wp-content\/uploads\/2025\/10\/csr-strategie-nachhaltigkeit-paprec-reisswolf-schweiz.jpg","type":"","width":"","height":""}],"twitter_card":"summary_large_image","twitter_misc":{"Dur\u00e9e de lecture estim\u00e9e":"4 minutes"},"schema":{"@context":"https:\/\/schema.org","@graph":[{"@type":"WebPage","@id":"https:\/\/www.reisswolf.ch\/fr\/societe\/durabilite\/","url":"https:\/\/www.reisswolf.ch\/fr\/societe\/durabilite\/","name":"Durabilit\u00e9 | Notre mission \u00bb reisswolf.ch \u00bb Destruction de documents, proc\u00e9d\u00e9s s\u00e9curis\u00e9s, confidentialit\u00e9","isPartOf":{"@id":"https:\/\/www.reisswolf.ch\/#website"},"primaryImageOfPage":{"@id":"https:\/\/www.reisswolf.ch\/fr\/societe\/durabilite\/#primaryimage"},"image":{"@id":"https:\/\/www.reisswolf.ch\/fr\/societe\/durabilite\/#primaryimage"},"thumbnailUrl":"https:\/\/www.reisswolf.ch\/wp-content\/uploads\/2025\/10\/csr-strategie-nachhaltigkeit-paprec-reisswolf-schweiz.jpg","datePublished":"2023-06-28T09:57:49+00:00","dateModified":"2026-01-01T19:32:39+00:00","description":"La soci\u00e9t\u00e9 Reisswolf Suisse. Votre partenaire pour la destruction de documents confidentiels depuis 25 ans. \u25b7 En savoir plus !","breadcrumb":{"@id":"https:\/\/www.reisswolf.ch\/fr\/societe\/durabilite\/#breadcrumb"},"inLanguage":"fr-FR","potentialAction":[{"@type":"ReadAction","target":["https:\/\/www.reisswolf.ch\/fr\/societe\/durabilite\/"]}]},{"@type":"ImageObject","inLanguage":"fr-FR","@id":"https:\/\/www.reisswolf.ch\/fr\/societe\/durabilite\/#primaryimage","url":"https:\/\/www.reisswolf.ch\/wp-content\/uploads\/2025\/10\/csr-strategie-nachhaltigkeit-paprec-reisswolf-schweiz.jpg","contentUrl":"https:\/\/www.reisswolf.ch\/wp-content\/uploads\/2025\/10\/csr-strategie-nachhaltigkeit-paprec-reisswolf-schweiz.jpg"},{"@type":"BreadcrumbList","@id":"https:\/\/www.reisswolf.ch\/fr\/societe\/durabilite\/#breadcrumb","itemListElement":[{"@type":"ListItem","position":1,"name":"Startseite","item":"https:\/\/www.reisswolf.ch\/fr\/"},{"@type":"ListItem","position":2,"name":"La Soci\u00e9t\u00e9","item":"https:\/\/www.reisswolf.ch\/fr\/societe\/"},{"@type":"ListItem","position":3,"name":"Durabilit\u00e9"}]},{"@type":"WebSite","@id":"https:\/\/www.reisswolf.ch\/#website","url":"https:\/\/www.reisswolf.ch\/","name":"Reisswolf","description":"Reisswolf","publisher":{"@id":"https:\/\/www.reisswolf.ch\/#organization"},"potentialAction":[{"@type":"SearchAction","target":{"@type":"EntryPoint","urlTemplate":"https:\/\/www.reisswolf.ch\/?s={search_term_string}"},"query-input":{"@type":"PropertyValueSpecification","valueRequired":true,"valueName":"search_term_string"}}],"inLanguage":"fr-FR"},{"@type":"Organization","@id":"https:\/\/www.reisswolf.ch\/#organization","name":"REISSWOLF Schweiz AG","url":"https:\/\/www.reisswolf.ch\/","logo":{"@type":"ImageObject","inLanguage":"fr-FR","@id":"https:\/\/www.reisswolf.ch\/#\/schema\/logo\/image\/","url":"https:\/\/www.reisswolf.ch\/wp-content\/uploads\/2025\/10\/logo-reisswolf.svg","contentUrl":"https:\/\/www.reisswolf.ch\/wp-content\/uploads\/2025\/10\/logo-reisswolf.svg","width":"1024","height":"1024","caption":"REISSWOLF Schweiz AG"},"image":{"@id":"https:\/\/www.reisswolf.ch\/#\/schema\/logo\/image\/"},"sameAs":["https:\/\/www.linkedin.com\/showcase\/reisswolf-aktenvernichtung-schweiz\/"]}]}},"_links":{"self":[{"href":"https:\/\/www.reisswolf.ch\/fr\/wp-json\/wp\/v2\/pages\/5447","targetHints":{"allow":["GET"]}}],"collection":[{"href":"https:\/\/www.reisswolf.ch\/fr\/wp-json\/wp\/v2\/pages"}],"about":[{"href":"https:\/\/www.reisswolf.ch\/fr\/wp-json\/wp\/v2\/types\/page"}],"author":[{"embeddable":true,"href":"https:\/\/www.reisswolf.ch\/fr\/wp-json\/wp\/v2\/users\/3"}],"replies":[{"embeddable":true,"href":"https:\/\/www.reisswolf.ch\/fr\/wp-json\/wp\/v2\/comments?post=5447"}],"version-history":[{"count":12,"href":"https:\/\/www.reisswolf.ch\/fr\/wp-json\/wp\/v2\/pages\/5447\/revisions"}],"predecessor-version":[{"id":10943,"href":"https:\/\/www.reisswolf.ch\/fr\/wp-json\/wp\/v2\/pages\/5447\/revisions\/10943"}],"up":[{"embeddable":true,"href":"https:\/\/www.reisswolf.ch\/fr\/wp-json\/wp\/v2\/pages\/5393"}],"wp:attachment":[{"href":"https:\/\/www.reisswolf.ch\/fr\/wp-json\/wp\/v2\/media?parent=5447"}],"curies":[{"name":"wp","href":"https:\/\/api.w.org\/{rel}","templated":true}]}}