{"id":5417,"date":"2023-07-09T21:07:27","date_gmt":"2023-07-09T19:07:27","guid":{"rendered":"https:\/\/preprod.reisswolf.ch\/unternehmen\/downloadbereich\/"},"modified":"2025-09-02T10:29:12","modified_gmt":"2025-09-02T08:29:12","slug":"telechargement","status":"publish","type":"page","link":"https:\/\/www.reisswolf.ch\/fr\/societe\/telechargement\/","title":{"rendered":"T\u00e9l\u00e9chargement"},"content":{"rendered":"<div id=\"pl-5417\"  class=\"panel-layout\" ><div id=\"pg-5417-0\"  class=\"panel-grid panel-has-style\" ><div class=\"siteorigin-panels-stretch panel-row-style panel-row-style-for-5417-0\" data-stretch-type=\"full-width-stretch\" ><div id=\"pgc-5417-0-0\"  class=\"panel-grid-cell\" ><div id=\"panel-5417-0-0-0\" class=\"so-panel widget widget_sow-hero panel-first-child panel-last-child\" data-index=\"0\" ><div class=\"is-content-header panel-widget-style panel-widget-style-for-5417-0-0-0\" ><div\n\t\t\t\n\t\t\tclass=\"so-widget-sow-hero so-widget-sow-hero-default-7b2691242cc3-5417 so-widget-fittext-wrapper\"\n\t\t\t\n\t\t>\t\t\t\t<div class=\"sow-slider-base\" style=\"display: none\" tabindex=\"0\">\n\t\t\t\t\t<ul\n\t\t\t\t\tclass=\"sow-slider-images\"\n\t\t\t\t\tdata-settings=\"{&quot;pagination&quot;:true,&quot;speed&quot;:800,&quot;timeout&quot;:8000,&quot;paused&quot;:false,&quot;pause_on_hover&quot;:false,&quot;swipe&quot;:true,&quot;nav_always_show_desktop&quot;:&quot;&quot;,&quot;nav_always_show_mobile&quot;:&quot;&quot;,&quot;breakpoint&quot;:&quot;780px&quot;,&quot;unmute&quot;:false,&quot;anchor&quot;:null}\"\n\t\t\t\t\t\t\t\t\t\tdata-anchor-id=\"\"\n\t\t\t\t>\t\t<li class=\"sow-slider-image  sow-slider-image-cover\" style=\"visibility: visible;;background-image: url(https:\/\/www.reisswolf.ch\/wp-content\/uploads\/2023\/11\/reisswolf-header-din-norm-2000x400-1.jpg)\" >\n\t\t\t\t\t<div class=\"sow-slider-image-container\">\n\t\t\t<div class=\"sow-slider-image-wrapper\">\n\t\t\t\t\t\t\t<\/div>\n\t\t<\/div>\n\t\t\t\t<\/li>\n\t\t<\/ul>\t\t\t\t<ol class=\"sow-slider-pagination\">\n\t\t\t\t\t\t\t\t\t\t\t<li><a href=\"#\" data-goto=\"0\" aria-label=\"Display slide 1\"><\/a><\/li>\n\t\t\t\t\t\t\t\t\t<\/ol>\n\n\t\t\t\t<div class=\"sow-slide-nav sow-slide-nav-next\">\n\t\t\t\t\t<a href=\"#\" data-goto=\"next\" aria-label=\"Next slide\" data-action=\"next\">\n\t\t\t\t\t\t<em class=\"sow-sld-icon-thin-right\"><\/em>\n\t\t\t\t\t<\/a>\n\t\t\t\t<\/div>\n\n\t\t\t\t<div class=\"sow-slide-nav sow-slide-nav-prev\">\n\t\t\t\t\t<a href=\"#\" data-goto=\"previous\" aria-label=\"Previous slide\" data-action=\"prev\">\n\t\t\t\t\t\t<em class=\"sow-sld-icon-thin-left\"><\/em>\n\t\t\t\t\t<\/a>\n\t\t\t\t<\/div>\n\t\t\t\t<\/div><\/div><\/div><\/div><\/div><\/div><\/div><div id=\"pg-5417-1\"  class=\"panel-grid panel-has-style\" ><div class=\"animate-69f62283eb9a3475497791 panel-row-style panel-row-style-for-5417-1\" data-so-animation=\"{&quot;selector&quot;:&quot;.animate-69f62283eb9a3475497791&quot;,&quot;animation&quot;:&quot;fadeIn&quot;,&quot;breakpoint&quot;:&quot;780px&quot;,&quot;duration&quot;:1,&quot;repeat&quot;:0,&quot;hide&quot;:0,&quot;disableAnimationMobile&quot;:0,&quot;finalState&quot;:&quot;visible&quot;,&quot;delay&quot;:0,&quot;debounce&quot;:0.1,&quot;event&quot;:&quot;enter&quot;,&quot;offset&quot;:0}\" ><div id=\"pgc-5417-1-0\"  class=\"panel-grid-cell\" ><div id=\"panel-5417-1-0-0\" class=\"so-panel widget widget_sow-editor panel-first-child panel-last-child\" data-index=\"1\" ><div class=\"list-line-highlight panel-widget-style panel-widget-style-for-5417-1-0-0\" ><div\n\t\t\t\n\t\t\tclass=\"so-widget-sow-editor so-widget-sow-editor-base\"\n\t\t\t\n\t\t><h3 class=\"widget-title\"><h1>T\u00e9l\u00e9chargement<\/h1><\/h3>\n<div class=\"siteorigin-widget-tinymce textwidget\">\n\t<p>Dans cette rubrique, vous avez la possibilit\u00e9 de t\u00e9l\u00e9charger nos certificats, brochures et autres documents utiles.<\/p>\n<p>&nbsp;<\/p>\n<p>&nbsp;<\/p>\n<h3>Brochures<\/h3>\n<ul>\n<li class=\"p1\"><a href=\"https:\/\/www.reisswolf.ch\/wp-content\/downloads\/Reisswolf_Brochure_francais.pdf\" target=\"_blank\" rel=\"noopener\"><span class=\"s1\">Prospectus image Reisswolf (PDF)<\/span><\/a><\/li>\n<li class=\"p1\"><a href=\"https:\/\/www.reisswolf.ch\/wp-content\/downloads\/Flyer_collecte_des_radiographies_medicales.pdf\" target=\"_blank\" rel=\"noopener\"><span class=\"s1\">Prospectus recyclage des radiographies (PDF)<\/span><\/a><\/li>\n<li class=\"p1\"><a href=\"https:\/\/www.reisswolf.ch\/wp-content\/downloads\/Reisswolf-DIN66399-Hier-zaehlt-nur-Kompetenz.pdf\" target=\"_blank\" rel=\"noopener\"><span class=\"s1\">DIN 66399 \u2013 seule la comp\u00e9tence (PDF)<\/span><\/a><\/li>\n<li><a href=\"https:\/\/www.reisswolf.ch\/wp-content\/downloads\/20201027-RW-Behaelterliste-mit-Anzahl-Ordner-und-Gewicht_DE_V3.pdf\" target=\"_blank\" rel=\"noopener\">Liste de conteneurs (PDF)<\/a><\/li>\n<\/ul>\n<h3><\/h3>\n<p>&nbsp;<\/p>\n<h3 class=\"p1\"><span class=\"s1\">Certificats<\/span><\/h3>\n<p><strong>SQS<\/strong><br \/>\nISO 9001:2015 \/ Quality Management System<br \/>\nISO 14001:2015 \/ Environmental Management System<br \/>\nISO 45001:2018 \/ Occupational Health and Safety Management System<\/p>\n<p>&nbsp;<\/p>\n<ul>\n<li><a href=\"https:\/\/www.reisswolf.ch\/wp-content\/uploads\/2025\/07\/Certificate-Basel_fr-1.pdf\" target=\"_blank\" rel=\"noopener noreferrer\">Certificat B\u00e2le (PDF)<\/a><\/li>\n<li><a href=\"https:\/\/www.reisswolf.ch\/wp-content\/uploads\/2025\/07\/Certificate-Genf_fr.pdf\" target=\"_blank\" rel=\"noopener\">Certificat Gen\u00e8ve (PDF)<\/a><\/li>\n<li><a href=\"https:\/\/www.reisswolf.ch\/wp-content\/uploads\/2025\/07\/Zertifikat-Luzern_fr.pdf\" target=\"_blank\" rel=\"noopener noreferrer\">Certificat Lucerne (PDF)<\/a><\/li>\n<li><a href=\"https:\/\/www.reisswolf.ch\/wp-content\/uploads\/2025\/07\/Zertifikat-Zuerich_fr.pdf\" target=\"_blank\" rel=\"noopener noreferrer\">Certificat Zurich (PDF)<\/a><\/li>\n<\/ul>\n<h3><\/h3>\n<p>&nbsp;<\/p>\n<h3 class=\"p1\"><span class=\"s1\">PZert<br \/>\n<\/span><\/h3>\n<p>DIN 66399 1,2,3 et ISO\/IEC 21964-1:2018-08, ISO\/IEC 21964-2:2018-08, ISO\/IEC 21964-3:2018-08<\/p>\n<p>&nbsp;<\/p>\n<ul>\n<li class=\"p1\"><a href=\"https:\/\/www.reisswolf.ch\/wp-content\/uploads\/2024\/08\/2024-21964-V3-Zertifikat-Reisswolf-Basel-franzoesisch.pdf\"><span class=\"s1\">Certificat B\u00e2le (PDF)<\/span><\/a><\/li>\n<li><a href=\"https:\/\/www.reisswolf.ch\/wp-content\/uploads\/2024\/08\/2024-21964-V3-Zertifikat-Reisswolf-Genf-franzoesisch.pdf\">Certificat Gen\u00e8ve (PDF)<\/a><\/li>\n<li class=\"p1\"><a href=\"https:\/\/www.reisswolf.ch\/wp-content\/uploads\/2024\/08\/2024-21964-V3-Zertifikat-Reisswolf-Luzern-franzoesisch.pdf\">Certificat Lucerne (PDF)<\/a><\/li>\n<li class=\"p1\"><a href=\"https:\/\/www.reisswolf.ch\/wp-content\/uploads\/2024\/08\/2024-21964-V3-Zertifikat-Reisswolf-Genf-franzoesisch.pdf\">Certificat Zurich (PDF)<\/a><\/li>\n<li><a href=\"https:\/\/www.reisswolf.ch\/wp-content\/uploads\/2025\/07\/Certificat-PCERT-Reisswolf-Zuerich-FR_PDF-Variante-2-\u2013-destruction-de-supports-de-donnees-par-une-installation-mobile.pdf\" target=\"_blank\" rel=\"noopener\">Mobil Shredder: Certificat Reisswolf SA (PDF)<\/a><\/li>\n<\/ul>\n<h3><\/h3>\n<p>&nbsp;<\/p>\n<h3 class=\"p1\"><span class=\"s1\">CGV<\/span><\/h3>\n<p>&nbsp;<\/p>\n<ul>\n<li class=\"p1\"><a href=\"https:\/\/www.reisswolf.ch\/wp-content\/uploads\/2024\/08\/AGB-Reisswolf_FR.pdf\">Condition g\u00e9n\u00e9rales de vente (PDF)<\/a><\/li>\n<\/ul>\n<\/div>\n<\/div><\/div><\/div><\/div><\/div><\/div><div id=\"pg-5417-2\"  class=\"panel-grid panel-has-style\" ><div class=\"panel-row-style panel-row-style-for-5417-2\" ><div id=\"pgc-5417-2-0\"  class=\"panel-grid-cell\" ><div id=\"panel-5417-2-0-0\" class=\"so-panel widget widget_so-premium-mirror-widget panel-first-child panel-last-child\" data-index=\"2\" ><div\n\t\t\t\n\t\t\tclass=\"so-widget-so-premium-mirror-widget so-widget-so-premium-mirror-widget-default-d75171398898-5417\"\n\t\t\t\n\t\t><div id=\"pl-w69f62283ed116\"  class=\"panel-layout\" ><div id=\"pg-w69f62283ed116-0\"  class=\"panel-grid panel-has-style\" ><div class=\"is-contact-widget panel-row-style panel-row-style-for-w69f62283ed116-0\" ><div id=\"pgc-w69f62283ed116-0-0\"  class=\"panel-grid-cell\" ><div id=\"panel-w69f62283ed116-0-0-0\" class=\"so-panel widget widget_sow-editor panel-first-child panel-last-child widgetopts-SO\" data-index=\"0\" ><div\n\t\t\t\n\t\t\tclass=\"so-widget-sow-editor so-widget-sow-editor-base\"\n\t\t\t\n\t\t>\n<div class=\"siteorigin-widget-tinymce textwidget\">\n\t<p>[cplz_contact_widget]<\/p>\n<\/div>\n<\/div><\/div><\/div><\/div><\/div><\/div><\/div><\/div><\/div><\/div><\/div><\/div>","protected":false},"excerpt":{"rendered":"<p>Dans cette rubrique, vous avez la possibilit\u00e9 de t\u00e9l\u00e9charger nos certificats, brochures et autres documents utiles. &nbsp; &nbsp; Brochures Prospectus image Reisswolf (PDF) Prospectus recyclage des radiographies (PDF) DIN 66399 \u2013 seule la comp\u00e9tence (PDF) Liste de conteneurs (PDF) &nbsp; Certificats SQS ISO 9001:2015 \/ Quality Management System ISO 14001:2015 \/ Environmental Management System ISO [&hellip;]<\/p>\n","protected":false},"author":3,"featured_media":0,"parent":5393,"menu_order":0,"comment_status":"closed","ping_status":"closed","template":"","meta":{"inline_featured_image":false,"footnotes":""},"class_list":["post-5417","page","type-page","status-publish","hentry"],"yoast_head":"<!-- This site is optimized with the Yoast SEO plugin v26.3 - https:\/\/yoast.com\/wordpress\/plugins\/seo\/ -->\n<title>Brochures | Toute la documentation de Reisswolf \u00e0 t\u00e9l\u00e9charger \u00bb reisswolf.ch \u00bb Destruction de documents, proc\u00e9d\u00e9s s\u00e9curis\u00e9s, confidentialit\u00e9<\/title>\n<meta name=\"description\" content=\"La soci\u00e9t\u00e9 Reisswolf Suisse. Votre partenaire pour la destruction de documents confidentiels depuis 25 ans. \u25b7 En savoir plus !\" \/>\n<meta name=\"robots\" content=\"index, follow, max-snippet:-1, max-image-preview:large, max-video-preview:-1\" \/>\n<link rel=\"canonical\" href=\"https:\/\/www.reisswolf.ch\/fr\/societe\/telechargement\/\" \/>\n<meta property=\"og:locale\" content=\"fr_FR\" \/>\n<meta property=\"og:type\" content=\"article\" \/>\n<meta property=\"og:title\" content=\"Brochures | Toute la documentation de Reisswolf \u00e0 t\u00e9l\u00e9charger \u00bb reisswolf.ch \u00bb Destruction de documents, proc\u00e9d\u00e9s s\u00e9curis\u00e9s, confidentialit\u00e9\" \/>\n<meta property=\"og:description\" content=\"La soci\u00e9t\u00e9 Reisswolf Suisse. Votre partenaire pour la destruction de documents confidentiels depuis 25 ans. \u25b7 En savoir plus !\" \/>\n<meta property=\"og:url\" content=\"https:\/\/www.reisswolf.ch\/fr\/societe\/telechargement\/\" \/>\n<meta property=\"og:site_name\" content=\"Reisswolf\" \/>\n<meta property=\"article:publisher\" content=\"https:\/\/www.linkedin.com\/showcase\/reisswolf-aktenvernichtung-schweiz\/\" \/>\n<meta property=\"article:modified_time\" content=\"2025-09-02T08:29:12+00:00\" \/>\n<meta name=\"twitter:card\" content=\"summary_large_image\" \/>\n<meta name=\"twitter:label1\" content=\"Dur\u00e9e de lecture estim\u00e9e\" \/>\n\t<meta name=\"twitter:data1\" content=\"1 minute\" \/>\n<!-- \/ Yoast SEO plugin. -->","yoast_head_json":{"title":"Brochures | Toute la documentation de Reisswolf \u00e0 t\u00e9l\u00e9charger \u00bb reisswolf.ch \u00bb Destruction de documents, proc\u00e9d\u00e9s s\u00e9curis\u00e9s, confidentialit\u00e9","description":"La soci\u00e9t\u00e9 Reisswolf Suisse. Votre partenaire pour la destruction de documents confidentiels depuis 25 ans. \u25b7 En savoir plus !","robots":{"index":"index","follow":"follow","max-snippet":"max-snippet:-1","max-image-preview":"max-image-preview:large","max-video-preview":"max-video-preview:-1"},"canonical":"https:\/\/www.reisswolf.ch\/fr\/societe\/telechargement\/","og_locale":"fr_FR","og_type":"article","og_title":"Brochures | Toute la documentation de Reisswolf \u00e0 t\u00e9l\u00e9charger \u00bb reisswolf.ch \u00bb Destruction de documents, proc\u00e9d\u00e9s s\u00e9curis\u00e9s, confidentialit\u00e9","og_description":"La soci\u00e9t\u00e9 Reisswolf Suisse. Votre partenaire pour la destruction de documents confidentiels depuis 25 ans. \u25b7 En savoir plus !","og_url":"https:\/\/www.reisswolf.ch\/fr\/societe\/telechargement\/","og_site_name":"Reisswolf","article_publisher":"https:\/\/www.linkedin.com\/showcase\/reisswolf-aktenvernichtung-schweiz\/","article_modified_time":"2025-09-02T08:29:12+00:00","twitter_card":"summary_large_image","twitter_misc":{"Dur\u00e9e de lecture estim\u00e9e":"1 minute"},"schema":{"@context":"https:\/\/schema.org","@graph":[{"@type":"WebPage","@id":"https:\/\/www.reisswolf.ch\/fr\/societe\/telechargement\/","url":"https:\/\/www.reisswolf.ch\/fr\/societe\/telechargement\/","name":"Brochures | Toute la documentation de Reisswolf \u00e0 t\u00e9l\u00e9charger \u00bb reisswolf.ch \u00bb Destruction de documents, proc\u00e9d\u00e9s s\u00e9curis\u00e9s, confidentialit\u00e9","isPartOf":{"@id":"https:\/\/www.reisswolf.ch\/#website"},"datePublished":"2023-07-09T19:07:27+00:00","dateModified":"2025-09-02T08:29:12+00:00","description":"La soci\u00e9t\u00e9 Reisswolf Suisse. Votre partenaire pour la destruction de documents confidentiels depuis 25 ans. \u25b7 En savoir plus !","breadcrumb":{"@id":"https:\/\/www.reisswolf.ch\/fr\/societe\/telechargement\/#breadcrumb"},"inLanguage":"fr-FR","potentialAction":[{"@type":"ReadAction","target":["https:\/\/www.reisswolf.ch\/fr\/societe\/telechargement\/"]}]},{"@type":"BreadcrumbList","@id":"https:\/\/www.reisswolf.ch\/fr\/societe\/telechargement\/#breadcrumb","itemListElement":[{"@type":"ListItem","position":1,"name":"Startseite","item":"https:\/\/www.reisswolf.ch\/fr\/"},{"@type":"ListItem","position":2,"name":"La Soci\u00e9t\u00e9","item":"https:\/\/www.reisswolf.ch\/fr\/societe\/"},{"@type":"ListItem","position":3,"name":"T\u00e9l\u00e9chargement"}]},{"@type":"WebSite","@id":"https:\/\/www.reisswolf.ch\/#website","url":"https:\/\/www.reisswolf.ch\/","name":"Reisswolf","description":"Reisswolf","publisher":{"@id":"https:\/\/www.reisswolf.ch\/#organization"},"potentialAction":[{"@type":"SearchAction","target":{"@type":"EntryPoint","urlTemplate":"https:\/\/www.reisswolf.ch\/?s={search_term_string}"},"query-input":{"@type":"PropertyValueSpecification","valueRequired":true,"valueName":"search_term_string"}}],"inLanguage":"fr-FR"},{"@type":"Organization","@id":"https:\/\/www.reisswolf.ch\/#organization","name":"REISSWOLF Schweiz AG","url":"https:\/\/www.reisswolf.ch\/","logo":{"@type":"ImageObject","inLanguage":"fr-FR","@id":"https:\/\/www.reisswolf.ch\/#\/schema\/logo\/image\/","url":"https:\/\/www.reisswolf.ch\/wp-content\/uploads\/2025\/10\/logo-reisswolf.svg","contentUrl":"https:\/\/www.reisswolf.ch\/wp-content\/uploads\/2025\/10\/logo-reisswolf.svg","width":"1024","height":"1024","caption":"REISSWOLF Schweiz AG"},"image":{"@id":"https:\/\/www.reisswolf.ch\/#\/schema\/logo\/image\/"},"sameAs":["https:\/\/www.linkedin.com\/showcase\/reisswolf-aktenvernichtung-schweiz\/"]}]}},"_links":{"self":[{"href":"https:\/\/www.reisswolf.ch\/fr\/wp-json\/wp\/v2\/pages\/5417","targetHints":{"allow":["GET"]}}],"collection":[{"href":"https:\/\/www.reisswolf.ch\/fr\/wp-json\/wp\/v2\/pages"}],"about":[{"href":"https:\/\/www.reisswolf.ch\/fr\/wp-json\/wp\/v2\/types\/page"}],"author":[{"embeddable":true,"href":"https:\/\/www.reisswolf.ch\/fr\/wp-json\/wp\/v2\/users\/3"}],"replies":[{"embeddable":true,"href":"https:\/\/www.reisswolf.ch\/fr\/wp-json\/wp\/v2\/comments?post=5417"}],"version-history":[{"count":22,"href":"https:\/\/www.reisswolf.ch\/fr\/wp-json\/wp\/v2\/pages\/5417\/revisions"}],"predecessor-version":[{"id":7006,"href":"https:\/\/www.reisswolf.ch\/fr\/wp-json\/wp\/v2\/pages\/5417\/revisions\/7006"}],"up":[{"embeddable":true,"href":"https:\/\/www.reisswolf.ch\/fr\/wp-json\/wp\/v2\/pages\/5393"}],"wp:attachment":[{"href":"https:\/\/www.reisswolf.ch\/fr\/wp-json\/wp\/v2\/media?parent=5417"}],"curies":[{"name":"wp","href":"https:\/\/api.w.org\/{rel}","templated":true}]}}