{"id":5411,"date":"2023-07-17T09:41:23","date_gmt":"2023-07-17T07:41:23","guid":{"rendered":"https:\/\/preprod.reisswolf.ch\/prozesse\/vernichtung-mit-pressfahrzeug\/"},"modified":"2023-12-05T21:29:57","modified_gmt":"2023-12-05T20:29:57","slug":"destruction-par-camion-a-compacteur","status":"publish","type":"page","link":"https:\/\/www.reisswolf.ch\/fr\/procedes\/destruction-par-camion-a-compacteur\/","title":{"rendered":"Destruction par camion \u00e0 compacteur"},"content":{"rendered":"<div id=\"pl-5411\"  class=\"panel-layout\" ><div id=\"pg-5411-0\"  class=\"panel-grid panel-has-style\" ><div class=\"siteorigin-panels-stretch panel-row-style panel-row-style-for-5411-0\" data-stretch-type=\"full-stretched\" ><div id=\"pgc-5411-0-0\"  class=\"panel-grid-cell\" ><div id=\"panel-5411-0-0-0\" class=\"so-panel widget widget_sow-hero panel-first-child panel-last-child\" data-index=\"0\" ><div class=\"is-content-header panel-widget-style panel-widget-style-for-5411-0-0-0\" ><div\n\t\t\t\n\t\t\tclass=\"so-widget-sow-hero so-widget-sow-hero-default-7b2691242cc3-5411 so-widget-fittext-wrapper\"\n\t\t\t\n\t\t>\t\t\t\t<div class=\"sow-slider-base\" style=\"display: none\" tabindex=\"0\">\n\t\t\t\t\t<ul\n\t\t\t\t\tclass=\"sow-slider-images\"\n\t\t\t\t\tdata-settings=\"{&quot;pagination&quot;:true,&quot;speed&quot;:800,&quot;timeout&quot;:8000,&quot;paused&quot;:false,&quot;pause_on_hover&quot;:false,&quot;swipe&quot;:true,&quot;nav_always_show_desktop&quot;:&quot;&quot;,&quot;nav_always_show_mobile&quot;:&quot;&quot;,&quot;breakpoint&quot;:&quot;780px&quot;,&quot;unmute&quot;:false,&quot;anchor&quot;:null}\"\n\t\t\t\t\t\t\t\t\t\tdata-anchor-id=\"\"\n\t\t\t\t>\t\t<li class=\"sow-slider-image  sow-slider-image-cover\" style=\"visibility: visible;;background-image: url(https:\/\/www.reisswolf.ch\/wp-content\/uploads\/2023\/11\/reisswolf-header-vernichtung-mit-pressfahrzeug-2000x400-1.jpg)\" >\n\t\t\t\t\t<div class=\"sow-slider-image-container\">\n\t\t\t<div class=\"sow-slider-image-wrapper\">\n\t\t\t\t\t\t\t<\/div>\n\t\t<\/div>\n\t\t\t\t<\/li>\n\t\t<\/ul>\t\t\t\t<ol class=\"sow-slider-pagination\">\n\t\t\t\t\t\t\t\t\t\t\t<li><a href=\"#\" data-goto=\"0\" aria-label=\"Display slide 1\"><\/a><\/li>\n\t\t\t\t\t\t\t\t\t<\/ol>\n\n\t\t\t\t<div class=\"sow-slide-nav sow-slide-nav-next\">\n\t\t\t\t\t<a href=\"#\" data-goto=\"next\" aria-label=\"Next slide\" data-action=\"next\">\n\t\t\t\t\t\t<em class=\"sow-sld-icon-thin-right\"><\/em>\n\t\t\t\t\t<\/a>\n\t\t\t\t<\/div>\n\n\t\t\t\t<div class=\"sow-slide-nav sow-slide-nav-prev\">\n\t\t\t\t\t<a href=\"#\" data-goto=\"previous\" aria-label=\"Previous slide\" data-action=\"prev\">\n\t\t\t\t\t\t<em class=\"sow-sld-icon-thin-left\"><\/em>\n\t\t\t\t\t<\/a>\n\t\t\t\t<\/div>\n\t\t\t\t<\/div><\/div><\/div><\/div><\/div><\/div><\/div><div id=\"pg-5411-1\"  class=\"panel-grid panel-has-style\" ><div class=\"animate-6a082c4a727a9590489851 panel-row-style panel-row-style-for-5411-1\" data-so-animation=\"{&quot;selector&quot;:&quot;.animate-6a082c4a727a9590489851&quot;,&quot;animation&quot;:&quot;fadeIn&quot;,&quot;breakpoint&quot;:&quot;780px&quot;,&quot;duration&quot;:1,&quot;repeat&quot;:0,&quot;hide&quot;:0,&quot;disableAnimationMobile&quot;:0,&quot;finalState&quot;:&quot;visible&quot;,&quot;delay&quot;:0,&quot;debounce&quot;:0.1,&quot;event&quot;:&quot;enter&quot;,&quot;offset&quot;:0}\" ><div id=\"pgc-5411-1-0\"  class=\"panel-grid-cell\" ><div id=\"panel-5411-1-0-0\" class=\"so-panel widget widget_sow-editor panel-first-child panel-last-child\" data-index=\"1\" ><div\n\t\t\t\n\t\t\tclass=\"so-widget-sow-editor so-widget-sow-editor-base\"\n\t\t\t\n\t\t><h3 class=\"widget-title\"><h1> Faire vider vos collecteurs par un v\u00e9hicule sp\u00e9cial \u00e0 compacteur<\/h1><\/h3>\n<div class=\"siteorigin-widget-tinymce textwidget\">\n\t<div class=\"container\">\n<div class=\"row\">\n<div class=\"intro-box w-100\">\n<div class=\"col-md-12\">\n<div class=\"row\">\n<div class=\"col-md-8 offset-md-2\">\n<div class=\"mb-30\">\n<p>Pour garantir l\u2019adaptabilit\u00e9 de sa logistique et rester concurrentiel, REISSWOLF Suisse s\u2019est dot\u00e9 d\u2019une flotte de v\u00e9hicules polyvalente. Nous disposons de 3 types de v\u00e9hicules, tous \u00e9quip\u00e9s d\u2019un syst\u00e8me de surveillance par GPS qui permet de contr\u00f4ler leur \u00e9tat en continu.<\/p>\n<\/div>\n<\/div>\n<\/div>\n<\/div>\n<\/div>\n<\/div>\n<\/div>\n<\/div>\n<\/div><\/div><\/div><\/div><\/div><div id=\"pg-5411-2\"  class=\"panel-grid panel-has-style\" ><div class=\"animate-6a082c4a72f37073773869 panel-row-style panel-row-style-for-5411-2\" data-so-animation=\"{&quot;selector&quot;:&quot;.animate-6a082c4a72f37073773869&quot;,&quot;animation&quot;:&quot;fadeIn&quot;,&quot;breakpoint&quot;:&quot;780px&quot;,&quot;duration&quot;:1,&quot;repeat&quot;:0,&quot;hide&quot;:0,&quot;disableAnimationMobile&quot;:0,&quot;finalState&quot;:&quot;visible&quot;,&quot;delay&quot;:0,&quot;debounce&quot;:0.1,&quot;event&quot;:&quot;enter&quot;,&quot;offset&quot;:0}\" ><div id=\"pgc-5411-2-0\"  class=\"panel-grid-cell\" ><div id=\"panel-5411-2-0-0\" class=\"so-panel widget widget_sow-editor panel-first-child panel-last-child\" data-index=\"2\" ><div\n\t\t\t\n\t\t\tclass=\"so-widget-sow-editor so-widget-sow-editor-base\"\n\t\t\t\n\t\t>\n<div class=\"siteorigin-widget-tinymce textwidget\">\n\t<h3 class=\"p1\"><strong>Voici comment nous vidons vos conteneurs avec notre camion \u00e0 compacteur :<\/strong><\/h3>\n<p>Il est possible de faire venir sur votre site l\u2019un de nos camions sp\u00e9cialement \u00e9quip\u00e9s afin de vider vos <a href=\"https:\/\/www.reisswolf.ch\/fr\/securite\/conteneurs-de-transport-securises\/\">collecteurs<\/a> dans la plus stricte s\u00e9curit\u00e9. Nos v\u00e9hicules respectent toutes les normes de s\u00e9curit\u00e9 courantes, notamment lorsqu\u2019il s\u2019agit d\u2019emp\u00eacher l\u2019ouverture non autoris\u00e9e des collecteurs (verrouillage \u00e9lectronique anti-intrusion). Les conteneurs sont d\u00e9verrouill\u00e9s \u00e9lectroniquement et vid\u00e9s dans un compartiment ferm\u00e9 \u00e0 l\u2019arri\u00e8re du camion. Les documents sont ensuite compress\u00e9s dans le compacteur et il est tout simplement impossible d\u2019y acc\u00e9der. Ils sont donc prot\u00e9g\u00e9s de mani\u00e8re infaillible pendant le transport. Pour vider le v\u00e9hicule, il est n\u00e9cessaire d\u2019\u00e9lever la partie arri\u00e8re \u00e0 l\u2019aide d\u2019une t\u00e9l\u00e9commande s\u00e9curis\u00e9e (qui ne quitte jamais nos locaux); les documents confidentiels sont alors d\u00e9charg\u00e9s dans la zone ultra-s\u00e9curis\u00e9e de l\u2019entreprise qui assure leur destruction.<\/p>\n<p>&nbsp;<\/p>\n<h4><strong>Destruction<\/strong><\/h4>\n<p>Lors de cette proc\u00e9dure, le camion \u00e0 compacteur d\u00e9charge sa cargaison directement dans le local s\u00e9curis\u00e9 de broyage, dans une tranch\u00e9e situ\u00e9e devant le broyeur et \u00e9quip\u00e9e d\u2019un tapis roulant. Local de broyage et sas sont surveill\u00e9s en permanence par des cam\u00e9ras. Le mat\u00e9riau introduit est tout d\u2019abord transform\u00e9 en confettis par un broyeur grossier, puis les r\u00e9sidus sont m\u00e9lang\u00e9s par un turbulateur et enfin d\u00e9chiquet\u00e9s encore plus finement \u00e0 la troisi\u00e8me \u00e9tape de la proc\u00e9dure. Tout fonctionne automatiquement: les broyeurs et leurs tapis d\u2019alimentation, mais aussi la presse qui conditionne les r\u00e9sidus en balles apr\u00e8s le broyage.<\/p>\n<p>&nbsp;<\/p>\n<h4><strong>Certificat de destruction Reisswolf<\/strong><\/h4>\n<p>Ce document vous confirme en fin de proc\u00e9dure que les \u00e9crits que vous nous avez confi\u00e9s ont \u00e9t\u00e9 imm\u00e9diatement d\u00e9truits d\u00e8s leur arriv\u00e9e dans le respect des dispositions l\u00e9gales (LPD) et sans que qui que ce soit ait pu prendre connaissance de leur contenu.<\/p>\n<p>&nbsp;<\/p>\n<h4><strong>Cycle des mat\u00e9riaux<\/strong><\/h4>\n<p>Les r\u00e9sidus finement d\u00e9chiquet\u00e9s et conformes aux dispositions en mati\u00e8re de protection des donn\u00e9es passent par une presse qui en fait des balles de papier de grand volume, une mati\u00e8re premi\u00e8re qui vient ensuite s\u2019int\u00e9grer au cycle de recyclage du papier. Le stockage et la commercialisation des documents confidentiels d\u00e9sormais illisibles et conditionn\u00e9s en balles compactes sont assur\u00e9s dans les locaux voisins des entreprises de recyclage du groupe Paprec.<\/p>\n<p>&nbsp;<\/p>\n<p>&nbsp;<\/p>\n<\/div>\n<\/div><\/div><\/div><\/div><\/div><div id=\"pg-5411-3\"  class=\"panel-grid panel-has-style\" ><div class=\"panel-row-style panel-row-style-for-5411-3\" ><div id=\"pgc-5411-3-0\"  class=\"panel-grid-cell\" ><div id=\"panel-5411-3-0-0\" class=\"so-panel widget widget_sow-image panel-first-child panel-last-child\" data-index=\"3\" ><div\n\t\t\t\n\t\t\tclass=\"so-widget-sow-image so-widget-sow-image-default-dbf295114b96-5411\"\n\t\t\t\n\t\t>\n<div class=\"sow-image-container\">\n\t\t<img loading=\"lazy\" \n\tsrc=\"https:\/\/www.reisswolf.ch\/wp-content\/uploads\/2023\/11\/Ueber-Reisswolf-Schweiz-klein-500x350-1.jpg\" width=\"500\" height=\"350\" srcset=\"https:\/\/www.reisswolf.ch\/wp-content\/uploads\/2023\/11\/Ueber-Reisswolf-Schweiz-klein-500x350-1.jpg 500w, https:\/\/www.reisswolf.ch\/wp-content\/uploads\/2023\/11\/Ueber-Reisswolf-Schweiz-klein-500x350-1-300x210.jpg 300w\" sizes=\"auto, (max-width: 500px) 100vw, 500px\" title=\"Ueber-Reisswolf-Schweiz-klein-500&#215;350-1\" alt=\"\" \t\tclass=\"so-widget-image\"\/>\n\t<\/div>\n\n<\/div><\/div><\/div><div id=\"pgc-5411-3-1\"  class=\"panel-grid-cell\" ><div id=\"panel-5411-3-1-0\" class=\"so-panel widget widget_sow-editor panel-first-child\" data-index=\"4\" ><div\n\t\t\t\n\t\t\tclass=\"so-widget-sow-editor so-widget-sow-editor-base\"\n\t\t\t\n\t\t><h3 class=\"widget-title\"><h2>EN SAVOIR PLUS SUR REISSWOLF<\/h2><\/h3>\n<div class=\"siteorigin-widget-tinymce textwidget\">\n\t<p>Depuis 25 ans, nous d\u00e9truisons vos donn\u00e9es et documents confidentiels de mani\u00e8re s\u00e9curis\u00e9e et professionelle.<\/p>\n<\/div>\n<\/div><\/div><div id=\"panel-5411-3-1-1\" class=\"so-panel widget widget_sow-button panel-last-child\" data-index=\"5\" ><div\n\t\t\t\n\t\t\tclass=\"so-widget-sow-button so-widget-sow-button-suloredsimple-144c983c4712-5411\"\n\t\t\t\n\t\t><div class=\"ow-button-base ow-button-align-left\"\n>\n\t\t\t<a\n\t\t\t\t\thref=\"\"\n\t\t\t\t\tclass=\"sowb-button ow-icon-placement-left ow-button-hover\" \t>\n\t\t<span>\n\t\t\t\n\t\t\tEn savoir plus\t\t<\/span>\n\t\t\t<\/a>\n\t<\/div>\n<\/div><\/div><\/div><\/div><\/div><div id=\"pg-5411-4\"  class=\"panel-grid panel-has-style\" ><div class=\"panel-row-style panel-row-style-for-5411-4\" ><div id=\"pgc-5411-4-0\"  class=\"panel-grid-cell\" ><div id=\"panel-5411-4-0-0\" class=\"so-panel widget widget_so-premium-mirror-widget panel-first-child panel-last-child\" data-index=\"6\" ><div\n\t\t\t\n\t\t\tclass=\"so-widget-so-premium-mirror-widget so-widget-so-premium-mirror-widget-default-d75171398898-5411\"\n\t\t\t\n\t\t><div id=\"pl-w6a082c4a76681\"  class=\"panel-layout\" ><div id=\"pg-w6a082c4a76681-0\"  class=\"panel-grid panel-has-style\" ><div class=\"is-contact-widget panel-row-style panel-row-style-for-w6a082c4a76681-0\" ><div id=\"pgc-w6a082c4a76681-0-0\"  class=\"panel-grid-cell\" ><div id=\"panel-w6a082c4a76681-0-0-0\" class=\"so-panel widget widget_sow-editor panel-first-child panel-last-child widgetopts-SO\" data-index=\"0\" ><div\n\t\t\t\n\t\t\tclass=\"so-widget-sow-editor so-widget-sow-editor-base\"\n\t\t\t\n\t\t>\n<div class=\"siteorigin-widget-tinymce textwidget\">\n\t<p>[cplz_contact_widget]<\/p>\n<\/div>\n<\/div><\/div><\/div><\/div><\/div><\/div><\/div><\/div><\/div><\/div><\/div><\/div>","protected":false},"excerpt":{"rendered":"<p>Pour garantir l\u2019adaptabilit\u00e9 de sa logistique et rester concurrentiel, REISSWOLF Suisse s\u2019est dot\u00e9 d\u2019une flotte de v\u00e9hicules polyvalente. Nous disposons de 3 types de v\u00e9hicules, tous \u00e9quip\u00e9s d\u2019un syst\u00e8me de surveillance par GPS qui permet de contr\u00f4ler leur \u00e9tat en continu.<\/p>\n","protected":false},"author":3,"featured_media":0,"parent":5405,"menu_order":0,"comment_status":"closed","ping_status":"closed","template":"","meta":{"inline_featured_image":false,"footnotes":""},"class_list":["post-5411","page","type-page","status-publish","hentry"],"yoast_head":"<!-- This site is optimized with the Yoast SEO plugin v26.3 - https:\/\/yoast.com\/wordpress\/plugins\/seo\/ -->\n<title>Destruction par camion \u00e0 compacteur | Nous cherchons vos documents en toute s\u00e9curit\u00e9 \u00bb reisswolf.ch \u00bb Destruction de documents, proc\u00e9d\u00e9s s\u00e9curis\u00e9s, confidentialit\u00e9<\/title>\n<meta name=\"description\" content=\"Proc\u00e9d\u00e9s de Reisswolf Suisse. Votre partenaire pour la destruction de documents confidentiels depuis 25 ans. \u25b7 En savoir plus !\" \/>\n<meta name=\"robots\" content=\"index, follow, max-snippet:-1, max-image-preview:large, max-video-preview:-1\" \/>\n<link rel=\"canonical\" href=\"https:\/\/www.reisswolf.ch\/fr\/procedes\/destruction-par-camion-a-compacteur\/\" \/>\n<meta property=\"og:locale\" content=\"fr_FR\" \/>\n<meta property=\"og:type\" content=\"article\" \/>\n<meta property=\"og:title\" content=\"Destruction par camion \u00e0 compacteur | Nous cherchons vos documents en toute s\u00e9curit\u00e9 \u00bb reisswolf.ch \u00bb Destruction de documents, proc\u00e9d\u00e9s s\u00e9curis\u00e9s, confidentialit\u00e9\" \/>\n<meta property=\"og:description\" content=\"Proc\u00e9d\u00e9s de Reisswolf Suisse. Votre partenaire pour la destruction de documents confidentiels depuis 25 ans. \u25b7 En savoir plus !\" \/>\n<meta property=\"og:url\" content=\"https:\/\/www.reisswolf.ch\/fr\/procedes\/destruction-par-camion-a-compacteur\/\" \/>\n<meta property=\"og:site_name\" content=\"Reisswolf\" \/>\n<meta property=\"article:publisher\" content=\"https:\/\/www.linkedin.com\/showcase\/reisswolf-aktenvernichtung-schweiz\/\" \/>\n<meta property=\"article:modified_time\" content=\"2023-12-05T20:29:57+00:00\" \/>\n<meta name=\"twitter:card\" content=\"summary_large_image\" \/>\n<meta name=\"twitter:label1\" content=\"Dur\u00e9e de lecture estim\u00e9e\" \/>\n\t<meta name=\"twitter:data1\" content=\"3 minutes\" \/>\n<!-- \/ Yoast SEO plugin. -->","yoast_head_json":{"title":"Destruction par camion \u00e0 compacteur | Nous cherchons vos documents en toute s\u00e9curit\u00e9 \u00bb reisswolf.ch \u00bb Destruction de documents, proc\u00e9d\u00e9s s\u00e9curis\u00e9s, confidentialit\u00e9","description":"Proc\u00e9d\u00e9s de Reisswolf Suisse. Votre partenaire pour la destruction de documents confidentiels depuis 25 ans. \u25b7 En savoir plus !","robots":{"index":"index","follow":"follow","max-snippet":"max-snippet:-1","max-image-preview":"max-image-preview:large","max-video-preview":"max-video-preview:-1"},"canonical":"https:\/\/www.reisswolf.ch\/fr\/procedes\/destruction-par-camion-a-compacteur\/","og_locale":"fr_FR","og_type":"article","og_title":"Destruction par camion \u00e0 compacteur | Nous cherchons vos documents en toute s\u00e9curit\u00e9 \u00bb reisswolf.ch \u00bb Destruction de documents, proc\u00e9d\u00e9s s\u00e9curis\u00e9s, confidentialit\u00e9","og_description":"Proc\u00e9d\u00e9s de Reisswolf Suisse. Votre partenaire pour la destruction de documents confidentiels depuis 25 ans. \u25b7 En savoir plus !","og_url":"https:\/\/www.reisswolf.ch\/fr\/procedes\/destruction-par-camion-a-compacteur\/","og_site_name":"Reisswolf","article_publisher":"https:\/\/www.linkedin.com\/showcase\/reisswolf-aktenvernichtung-schweiz\/","article_modified_time":"2023-12-05T20:29:57+00:00","twitter_card":"summary_large_image","twitter_misc":{"Dur\u00e9e de lecture estim\u00e9e":"3 minutes"},"schema":{"@context":"https:\/\/schema.org","@graph":[{"@type":"WebPage","@id":"https:\/\/www.reisswolf.ch\/fr\/procedes\/destruction-par-camion-a-compacteur\/","url":"https:\/\/www.reisswolf.ch\/fr\/procedes\/destruction-par-camion-a-compacteur\/","name":"Destruction par camion \u00e0 compacteur | Nous cherchons vos documents en toute s\u00e9curit\u00e9 \u00bb reisswolf.ch \u00bb Destruction de documents, proc\u00e9d\u00e9s s\u00e9curis\u00e9s, confidentialit\u00e9","isPartOf":{"@id":"https:\/\/www.reisswolf.ch\/#website"},"datePublished":"2023-07-17T07:41:23+00:00","dateModified":"2023-12-05T20:29:57+00:00","description":"Proc\u00e9d\u00e9s de Reisswolf Suisse. Votre partenaire pour la destruction de documents confidentiels depuis 25 ans. \u25b7 En savoir plus !","breadcrumb":{"@id":"https:\/\/www.reisswolf.ch\/fr\/procedes\/destruction-par-camion-a-compacteur\/#breadcrumb"},"inLanguage":"fr-FR","potentialAction":[{"@type":"ReadAction","target":["https:\/\/www.reisswolf.ch\/fr\/procedes\/destruction-par-camion-a-compacteur\/"]}]},{"@type":"BreadcrumbList","@id":"https:\/\/www.reisswolf.ch\/fr\/procedes\/destruction-par-camion-a-compacteur\/#breadcrumb","itemListElement":[{"@type":"ListItem","position":1,"name":"Startseite","item":"https:\/\/www.reisswolf.ch\/fr\/"},{"@type":"ListItem","position":2,"name":"Processus de destruction","item":"https:\/\/www.reisswolf.ch\/fr\/procedes\/"},{"@type":"ListItem","position":3,"name":"Destruction par camion \u00e0 compacteur"}]},{"@type":"WebSite","@id":"https:\/\/www.reisswolf.ch\/#website","url":"https:\/\/www.reisswolf.ch\/","name":"Reisswolf","description":"Reisswolf","publisher":{"@id":"https:\/\/www.reisswolf.ch\/#organization"},"potentialAction":[{"@type":"SearchAction","target":{"@type":"EntryPoint","urlTemplate":"https:\/\/www.reisswolf.ch\/?s={search_term_string}"},"query-input":{"@type":"PropertyValueSpecification","valueRequired":true,"valueName":"search_term_string"}}],"inLanguage":"fr-FR"},{"@type":"Organization","@id":"https:\/\/www.reisswolf.ch\/#organization","name":"REISSWOLF Schweiz AG","url":"https:\/\/www.reisswolf.ch\/","logo":{"@type":"ImageObject","inLanguage":"fr-FR","@id":"https:\/\/www.reisswolf.ch\/#\/schema\/logo\/image\/","url":"https:\/\/www.reisswolf.ch\/wp-content\/uploads\/2025\/10\/logo-reisswolf.svg","contentUrl":"https:\/\/www.reisswolf.ch\/wp-content\/uploads\/2025\/10\/logo-reisswolf.svg","width":"1024","height":"1024","caption":"REISSWOLF Schweiz AG"},"image":{"@id":"https:\/\/www.reisswolf.ch\/#\/schema\/logo\/image\/"},"sameAs":["https:\/\/www.linkedin.com\/showcase\/reisswolf-aktenvernichtung-schweiz\/"]}]}},"_links":{"self":[{"href":"https:\/\/www.reisswolf.ch\/fr\/wp-json\/wp\/v2\/pages\/5411","targetHints":{"allow":["GET"]}}],"collection":[{"href":"https:\/\/www.reisswolf.ch\/fr\/wp-json\/wp\/v2\/pages"}],"about":[{"href":"https:\/\/www.reisswolf.ch\/fr\/wp-json\/wp\/v2\/types\/page"}],"author":[{"embeddable":true,"href":"https:\/\/www.reisswolf.ch\/fr\/wp-json\/wp\/v2\/users\/3"}],"replies":[{"embeddable":true,"href":"https:\/\/www.reisswolf.ch\/fr\/wp-json\/wp\/v2\/comments?post=5411"}],"version-history":[{"count":9,"href":"https:\/\/www.reisswolf.ch\/fr\/wp-json\/wp\/v2\/pages\/5411\/revisions"}],"predecessor-version":[{"id":6355,"href":"https:\/\/www.reisswolf.ch\/fr\/wp-json\/wp\/v2\/pages\/5411\/revisions\/6355"}],"up":[{"embeddable":true,"href":"https:\/\/www.reisswolf.ch\/fr\/wp-json\/wp\/v2\/pages\/5405"}],"wp:attachment":[{"href":"https:\/\/www.reisswolf.ch\/fr\/wp-json\/wp\/v2\/media?parent=5411"}],"curies":[{"name":"wp","href":"https:\/\/api.w.org\/{rel}","templated":true}]}}