{"id":5399,"date":"2023-11-21T16:56:31","date_gmt":"2023-11-21T15:56:31","guid":{"rendered":"https:\/\/preprod.reisswolf.ch\/e-l-sy-sicherheitschloss\/"},"modified":"2023-12-01T09:12:09","modified_gmt":"2023-12-01T08:12:09","slug":"verrou-de-securite-elsy","status":"publish","type":"page","link":"https:\/\/www.reisswolf.ch\/fr\/securite\/verrou-de-securite-elsy\/","title":{"rendered":"Verrou de s\u00e9curit\u00e9 e.l.sy."},"content":{"rendered":"<div id=\"pl-5399\"  class=\"panel-layout\" ><div id=\"pg-5399-0\"  class=\"panel-grid panel-has-style\" ><div class=\"siteorigin-panels-stretch panel-row-style panel-row-style-for-5399-0\" data-stretch-type=\"full-stretched\" ><div id=\"pgc-5399-0-0\"  class=\"panel-grid-cell\" ><div id=\"panel-5399-0-0-0\" class=\"so-panel widget widget_sow-hero panel-first-child panel-last-child\" data-index=\"0\" ><div class=\"is-content-header panel-widget-style panel-widget-style-for-5399-0-0-0\" ><div\n\t\t\t\n\t\t\tclass=\"so-widget-sow-hero so-widget-sow-hero-default-7b2691242cc3-5399 so-widget-fittext-wrapper\"\n\t\t\t\n\t\t>\t\t\t\t<div class=\"sow-slider-base\" style=\"display: none\" tabindex=\"0\">\n\t\t\t\t\t<ul\n\t\t\t\t\tclass=\"sow-slider-images\"\n\t\t\t\t\tdata-settings=\"{&quot;pagination&quot;:true,&quot;speed&quot;:800,&quot;timeout&quot;:8000,&quot;paused&quot;:false,&quot;pause_on_hover&quot;:false,&quot;swipe&quot;:true,&quot;nav_always_show_desktop&quot;:&quot;&quot;,&quot;nav_always_show_mobile&quot;:&quot;&quot;,&quot;breakpoint&quot;:&quot;780px&quot;,&quot;unmute&quot;:false,&quot;anchor&quot;:null}\"\n\t\t\t\t\t\t\t\t\t\tdata-anchor-id=\"\"\n\t\t\t\t>\t\t<li class=\"sow-slider-image  sow-slider-image-cover\" style=\"visibility: visible;;background-image: url(https:\/\/www.reisswolf.ch\/wp-content\/uploads\/2023\/11\/reisswolf-header-sicherheitsschloss-2000x400-1.jpg)\" >\n\t\t\t\t\t<div class=\"sow-slider-image-container\">\n\t\t\t<div class=\"sow-slider-image-wrapper\">\n\t\t\t\t\t\t\t<\/div>\n\t\t<\/div>\n\t\t\t\t<\/li>\n\t\t<\/ul>\t\t\t\t<ol class=\"sow-slider-pagination\">\n\t\t\t\t\t\t\t\t\t\t\t<li><a href=\"#\" data-goto=\"0\" aria-label=\"Display slide 1\"><\/a><\/li>\n\t\t\t\t\t\t\t\t\t<\/ol>\n\n\t\t\t\t<div class=\"sow-slide-nav sow-slide-nav-next\">\n\t\t\t\t\t<a href=\"#\" data-goto=\"next\" aria-label=\"Next slide\" data-action=\"next\">\n\t\t\t\t\t\t<em class=\"sow-sld-icon-thin-right\"><\/em>\n\t\t\t\t\t<\/a>\n\t\t\t\t<\/div>\n\n\t\t\t\t<div class=\"sow-slide-nav sow-slide-nav-prev\">\n\t\t\t\t\t<a href=\"#\" data-goto=\"previous\" aria-label=\"Previous slide\" data-action=\"prev\">\n\t\t\t\t\t\t<em class=\"sow-sld-icon-thin-left\"><\/em>\n\t\t\t\t\t<\/a>\n\t\t\t\t<\/div>\n\t\t\t\t<\/div><\/div><\/div><\/div><\/div><\/div><\/div><div id=\"pg-5399-1\"  class=\"panel-grid panel-has-style\" ><div class=\"animate-69f15e8a08813646786238 panel-row-style panel-row-style-for-5399-1\" data-so-animation=\"{&quot;selector&quot;:&quot;.animate-69f15e8a08813646786238&quot;,&quot;animation&quot;:&quot;fadeIn&quot;,&quot;breakpoint&quot;:&quot;780px&quot;,&quot;duration&quot;:1,&quot;repeat&quot;:0,&quot;hide&quot;:0,&quot;disableAnimationMobile&quot;:0,&quot;finalState&quot;:&quot;visible&quot;,&quot;delay&quot;:0,&quot;debounce&quot;:0.1,&quot;event&quot;:&quot;enter&quot;,&quot;offset&quot;:0}\" ><div id=\"pgc-5399-1-0\"  class=\"panel-grid-cell\" ><div id=\"panel-5399-1-0-0\" class=\"so-panel widget widget_sow-editor panel-first-child panel-last-child\" data-index=\"1\" ><div\n\t\t\t\n\t\t\tclass=\"so-widget-sow-editor so-widget-sow-editor-base\"\n\t\t\t\n\t\t><h3 class=\"widget-title\"><h1> Syst\u00e8me de verrouillage \u00e9lectronique: le verrou de s\u00e9curit\u00e9 e.l.sy.<\/h1><\/h3>\n<div class=\"siteorigin-widget-tinymce textwidget\">\n\t<h2 class=\"p1\"><strong>e.l.sy. (electronic lock system)<\/strong><\/h2>\n<p>&nbsp;<\/p>\n<h4><strong>Innovation<\/strong><\/h4>\n<p>Gr\u00e2ce \u00e0 Reisswolf, le march\u00e9 suisse compte un nouveau syst\u00e8me de verrouillage \u00e9lectronique: e.l.sy. (electronic lock system), le verrou \u00e9lectronique sp\u00e9cialement con\u00e7u pour r\u00e9pondre aux besoins de Reisswolf \u2013 et donc aux exigences de s\u00e9curit\u00e9 de sa client\u00e8le.<\/p>\n<p>&nbsp;<\/p>\n<h4><strong>Fonctions<\/strong><\/h4>\n<p>Au lieu d\u2019utiliser une cl\u00e9 habituelle, vous verrouillez les collecteurs \u00e0 l\u2019aide d\u2019une carte \u00e0 puce RFID (une carte en plastique sp\u00e9ciale \u00e0 microprocesseur int\u00e9gr\u00e9). Ainsi, non seulement vous d\u00e9cidez vous-m\u00eame de l\u2019utilisation de la cl\u00e9, mais le verrou correspondant enregistre aussi automatiquement tous les \u00e9v\u00e9nements qui le concernent: depuis la surveillance de l\u2019heure d\u2019ouverture jusqu\u2019au suivi des mouvements du collecteur en passant par le r\u00e9glage d\u2019une alarme en cas d\u2019acc\u00e8s au contenu, vous avez en permanence un \u0153il sur l\u2019endroit o\u00f9 sont entrepos\u00e9es vos donn\u00e9es confidentielles.<\/p>\n<\/div>\n<\/div><\/div><\/div><\/div><\/div><div id=\"pg-5399-2\"  class=\"panel-grid panel-has-style\" ><div class=\"is-dark-ground siteorigin-panels-stretch animate-69f15e8a08d17341656988 panels-animation-hide panel-row-style panel-row-style-for-5399-2\" data-stretch-type=\"full\" data-so-animation=\"{&quot;selector&quot;:&quot;.animate-69f15e8a08d17341656988&quot;,&quot;animation&quot;:&quot;fadeInUp&quot;,&quot;breakpoint&quot;:&quot;780px&quot;,&quot;duration&quot;:1,&quot;repeat&quot;:0,&quot;hide&quot;:1,&quot;disableAnimationMobile&quot;:0,&quot;finalState&quot;:&quot;visible&quot;,&quot;delay&quot;:0,&quot;debounce&quot;:0.1,&quot;event&quot;:&quot;enter&quot;,&quot;offset&quot;:0}\" ><div class=\"so-panels-full-wrapper\" ><div id=\"pgc-5399-2-0\"  class=\"panel-grid-cell\" ><div id=\"panel-5399-2-0-0\" class=\"so-panel widget widget_sow-editor panel-first-child panel-last-child\" data-index=\"2\" ><div class=\"list-line-white panel-widget-style panel-widget-style-for-5399-2-0-0\" ><div\n\t\t\t\n\t\t\tclass=\"so-widget-sow-editor so-widget-sow-editor-base\"\n\t\t\t\n\t\t>\n<div class=\"siteorigin-widget-tinymce textwidget\">\n\t<p style=\"font-size: 18px; line-height: 3;\">S\u00e9curit\u00e9<\/p>\n<h2><span style=\"color: #ffffff;\">VOS AVANTAGES AVEC VERROU DE S\u00c9CURIT\u00c9 E.L.SY.<\/span><\/h2>\n<p><span style=\"color: #ffffff;\">e.l.s.y. c\u2019est pour vous l\u2019assurance d\u2019une s\u00e9curit\u00e9 am\u00e9lior\u00e9e et donc <a style=\"color: #ffffff;\" href=\"https:\/\/www.reisswolf.ch\/fr\/securite\/destruction-de-documents-protection-des-donnees\/\">d\u2019une protection sans faille de vos donn\u00e9es sensibles <\/a>durant la destruction de vos documents et supports num\u00e9riques. Simple \u00e0 prendre en main, le syst\u00e8me vous fournit des statistiques et rapports r\u00e9guliers et vous garantit une surveillance permanente de l\u2019utilisation des collecteurs.<\/span><\/p>\n<\/div>\n<\/div><\/div><\/div><\/div><\/div><\/div><\/div><div id=\"pg-5399-3\"  class=\"panel-grid panel-has-style\" ><div class=\"panel-row-style panel-row-style-for-5399-3\" ><div id=\"pgc-5399-3-0\"  class=\"panel-grid-cell\" ><div id=\"panel-5399-3-0-0\" class=\"so-panel widget widget_sow-image panel-first-child panel-last-child\" data-index=\"3\" ><div\n\t\t\t\n\t\t\tclass=\"so-widget-sow-image so-widget-sow-image-default-dbf295114b96-5399\"\n\t\t\t\n\t\t>\n<div class=\"sow-image-container\">\n\t\t<img loading=\"lazy\" \n\tsrc=\"https:\/\/www.reisswolf.ch\/wp-content\/uploads\/2023\/11\/Sicherheitstransportbehaelter-Reisswolf-Schweiz-klein-500x350-1.jpg\" width=\"500\" height=\"350\" srcset=\"https:\/\/www.reisswolf.ch\/wp-content\/uploads\/2023\/11\/Sicherheitstransportbehaelter-Reisswolf-Schweiz-klein-500x350-1.jpg 500w, https:\/\/www.reisswolf.ch\/wp-content\/uploads\/2023\/11\/Sicherheitstransportbehaelter-Reisswolf-Schweiz-klein-500x350-1-300x210.jpg 300w\" sizes=\"auto, (max-width: 500px) 100vw, 500px\" title=\"Sicherheitstransportbehaelter-Reisswolf-Schweiz-klein-500&#215;350-1\" alt=\"\" \t\tclass=\"so-widget-image\"\/>\n\t<\/div>\n\n<\/div><\/div><\/div><div id=\"pgc-5399-3-1\"  class=\"panel-grid-cell\" ><div id=\"panel-5399-3-1-0\" class=\"so-panel widget widget_sow-editor panel-first-child\" data-index=\"4\" ><div\n\t\t\t\n\t\t\tclass=\"so-widget-sow-editor so-widget-sow-editor-base\"\n\t\t\t\n\t\t><h3 class=\"widget-title\"><h2>Votre partenaire pour la destruction s\u00e9curis\u00e9e de vos dossiers<\/h2><\/h3>\n<div class=\"siteorigin-widget-tinymce textwidget\">\n\t<div class=\"group w-full text-gray-800 dark:text-gray-100 border-b border-black\/10 dark:border-gray-900\/50 bg-gray-50 dark:bg-[#444654]\">\n<div class=\"flex p-4 gap-4 text-base md:gap-6 md:max-w-2xl lg:max-w-[38rem] xl:max-w-3xl md:py-6 lg:px-0 m-auto\">\n<div class=\"relative flex w-[calc(100%-50px)] flex-col gap-1 md:gap-3 lg:w-[calc(100%-115px)]\">\n<div class=\"flex flex-grow flex-col gap-3\">\n<div class=\"min-h-[20px] flex items-start overflow-x-auto whitespace-pre-wrap break-words flex-col gap-4\">\n<div class=\"markdown prose w-full break-words dark:prose-invert light\">\n<p>Nos conteneurs de transport s\u00e9curis\u00e9s sont disponibles dans diff\u00e9rentes tailles et diff\u00e9rents formats.<\/p>\n<\/div>\n<\/div>\n<\/div>\n<\/div>\n<\/div>\n<\/div>\n<\/div>\n<\/div><\/div><div id=\"panel-5399-3-1-1\" class=\"so-panel widget widget_sow-button panel-last-child\" data-index=\"5\" ><div\n\t\t\t\n\t\t\tclass=\"so-widget-sow-button so-widget-sow-button-suloredsimple-144c983c4712-5399\"\n\t\t\t\n\t\t><div class=\"ow-button-base ow-button-align-left\"\n>\n\t\t\t<a\n\t\t\t\t\thref=\"\"\n\t\t\t\t\tclass=\"sowb-button ow-icon-placement-left ow-button-hover\" \t>\n\t\t<span>\n\t\t\t\n\t\t\tEn savoir plus\t\t<\/span>\n\t\t\t<\/a>\n\t<\/div>\n<\/div><\/div><\/div><\/div><\/div><div id=\"pg-5399-4\"  class=\"panel-grid panel-has-style\" ><div class=\"panel-row-style panel-row-style-for-5399-4\" ><div id=\"pgc-5399-4-0\"  class=\"panel-grid-cell\" ><div id=\"panel-5399-4-0-0\" class=\"so-panel widget widget_so-premium-mirror-widget panel-first-child panel-last-child\" data-index=\"6\" ><div\n\t\t\t\n\t\t\tclass=\"so-widget-so-premium-mirror-widget so-widget-so-premium-mirror-widget-default-d75171398898-5399\"\n\t\t\t\n\t\t><div id=\"pl-w69f15e8a0b686\"  class=\"panel-layout\" ><div id=\"pg-w69f15e8a0b686-0\"  class=\"panel-grid panel-has-style\" ><div class=\"is-contact-widget panel-row-style panel-row-style-for-w69f15e8a0b686-0\" ><div id=\"pgc-w69f15e8a0b686-0-0\"  class=\"panel-grid-cell\" ><div id=\"panel-w69f15e8a0b686-0-0-0\" class=\"so-panel widget widget_sow-editor panel-first-child panel-last-child widgetopts-SO\" data-index=\"0\" ><div\n\t\t\t\n\t\t\tclass=\"so-widget-sow-editor so-widget-sow-editor-base\"\n\t\t\t\n\t\t>\n<div class=\"siteorigin-widget-tinymce textwidget\">\n\t<p>[cplz_contact_widget]<\/p>\n<\/div>\n<\/div><\/div><\/div><\/div><\/div><\/div><\/div><\/div><\/div><\/div><\/div><\/div>","protected":false},"excerpt":{"rendered":"<p>e.l.sy. (electronic lock system) &nbsp; Innovation Gr\u00e2ce \u00e0 Reisswolf, le march\u00e9 suisse compte un nouveau syst\u00e8me de verrouillage \u00e9lectronique: e.l.sy. (electronic lock system), le verrou \u00e9lectronique sp\u00e9cialement con\u00e7u pour r\u00e9pondre aux besoins de Reisswolf \u2013 et donc aux exigences de s\u00e9curit\u00e9 de sa client\u00e8le. &nbsp; Fonctions Au lieu d\u2019utiliser une cl\u00e9 habituelle, vous verrouillez les [&hellip;]<\/p>\n","protected":false},"author":1,"featured_media":0,"parent":5402,"menu_order":0,"comment_status":"closed","ping_status":"closed","template":"","meta":{"inline_featured_image":false,"footnotes":""},"class_list":["post-5399","page","type-page","status-publish","hentry"],"yoast_head":"<!-- This site is optimized with the Yoast SEO plugin v26.3 - https:\/\/yoast.com\/wordpress\/plugins\/seo\/ -->\n<title>Electronic Lock System | Nouveaut\u00e9 en Suisse \u00bb reisswolf.ch \u00bb Destruction de documents, proc\u00e9d\u00e9s s\u00e9curis\u00e9s, confidentialit\u00e9<\/title>\n<meta name=\"description\" content=\"S\u00e9curit\u00e9 chez Reisswolf Suisse. Votre partenaire pour la destruction de documents confidentiels depuis 25 ans. \u25b7 En savoir plus !\" \/>\n<meta name=\"robots\" content=\"index, follow, max-snippet:-1, max-image-preview:large, max-video-preview:-1\" \/>\n<link rel=\"canonical\" href=\"https:\/\/www.reisswolf.ch\/fr\/securite\/verrou-de-securite-elsy\/\" \/>\n<meta property=\"og:locale\" content=\"fr_FR\" \/>\n<meta property=\"og:type\" content=\"article\" \/>\n<meta property=\"og:title\" content=\"Electronic Lock System | Nouveaut\u00e9 en Suisse \u00bb reisswolf.ch \u00bb Destruction de documents, proc\u00e9d\u00e9s s\u00e9curis\u00e9s, confidentialit\u00e9\" \/>\n<meta property=\"og:description\" content=\"S\u00e9curit\u00e9 chez Reisswolf Suisse. Votre partenaire pour la destruction de documents confidentiels depuis 25 ans. \u25b7 En savoir plus !\" \/>\n<meta property=\"og:url\" content=\"https:\/\/www.reisswolf.ch\/fr\/securite\/verrou-de-securite-elsy\/\" \/>\n<meta property=\"og:site_name\" content=\"Reisswolf\" \/>\n<meta property=\"article:publisher\" content=\"https:\/\/www.linkedin.com\/showcase\/reisswolf-aktenvernichtung-schweiz\/\" \/>\n<meta property=\"article:modified_time\" content=\"2023-12-01T08:12:09+00:00\" \/>\n<meta name=\"twitter:card\" content=\"summary_large_image\" \/>\n<meta name=\"twitter:label1\" content=\"Dur\u00e9e de lecture estim\u00e9e\" \/>\n\t<meta name=\"twitter:data1\" content=\"2 minutes\" \/>\n<!-- \/ Yoast SEO plugin. -->","yoast_head_json":{"title":"Electronic Lock System | Nouveaut\u00e9 en Suisse \u00bb reisswolf.ch \u00bb Destruction de documents, proc\u00e9d\u00e9s s\u00e9curis\u00e9s, confidentialit\u00e9","description":"S\u00e9curit\u00e9 chez Reisswolf Suisse. Votre partenaire pour la destruction de documents confidentiels depuis 25 ans. \u25b7 En savoir plus !","robots":{"index":"index","follow":"follow","max-snippet":"max-snippet:-1","max-image-preview":"max-image-preview:large","max-video-preview":"max-video-preview:-1"},"canonical":"https:\/\/www.reisswolf.ch\/fr\/securite\/verrou-de-securite-elsy\/","og_locale":"fr_FR","og_type":"article","og_title":"Electronic Lock System | Nouveaut\u00e9 en Suisse \u00bb reisswolf.ch \u00bb Destruction de documents, proc\u00e9d\u00e9s s\u00e9curis\u00e9s, confidentialit\u00e9","og_description":"S\u00e9curit\u00e9 chez Reisswolf Suisse. Votre partenaire pour la destruction de documents confidentiels depuis 25 ans. \u25b7 En savoir plus !","og_url":"https:\/\/www.reisswolf.ch\/fr\/securite\/verrou-de-securite-elsy\/","og_site_name":"Reisswolf","article_publisher":"https:\/\/www.linkedin.com\/showcase\/reisswolf-aktenvernichtung-schweiz\/","article_modified_time":"2023-12-01T08:12:09+00:00","twitter_card":"summary_large_image","twitter_misc":{"Dur\u00e9e de lecture estim\u00e9e":"2 minutes"},"schema":{"@context":"https:\/\/schema.org","@graph":[{"@type":"WebPage","@id":"https:\/\/www.reisswolf.ch\/fr\/securite\/verrou-de-securite-elsy\/","url":"https:\/\/www.reisswolf.ch\/fr\/securite\/verrou-de-securite-elsy\/","name":"Electronic Lock System | Nouveaut\u00e9 en Suisse \u00bb reisswolf.ch \u00bb Destruction de documents, proc\u00e9d\u00e9s s\u00e9curis\u00e9s, confidentialit\u00e9","isPartOf":{"@id":"https:\/\/www.reisswolf.ch\/#website"},"datePublished":"2023-11-21T15:56:31+00:00","dateModified":"2023-12-01T08:12:09+00:00","description":"S\u00e9curit\u00e9 chez Reisswolf Suisse. Votre partenaire pour la destruction de documents confidentiels depuis 25 ans. \u25b7 En savoir plus !","breadcrumb":{"@id":"https:\/\/www.reisswolf.ch\/fr\/securite\/verrou-de-securite-elsy\/#breadcrumb"},"inLanguage":"fr-FR","potentialAction":[{"@type":"ReadAction","target":["https:\/\/www.reisswolf.ch\/fr\/securite\/verrou-de-securite-elsy\/"]}]},{"@type":"BreadcrumbList","@id":"https:\/\/www.reisswolf.ch\/fr\/securite\/verrou-de-securite-elsy\/#breadcrumb","itemListElement":[{"@type":"ListItem","position":1,"name":"Startseite","item":"https:\/\/www.reisswolf.ch\/fr\/"},{"@type":"ListItem","position":2,"name":"S\u00e9curit\u00e9","item":"https:\/\/www.reisswolf.ch\/fr\/securite\/"},{"@type":"ListItem","position":3,"name":"Verrou de s\u00e9curit\u00e9 e.l.sy."}]},{"@type":"WebSite","@id":"https:\/\/www.reisswolf.ch\/#website","url":"https:\/\/www.reisswolf.ch\/","name":"Reisswolf","description":"Reisswolf","publisher":{"@id":"https:\/\/www.reisswolf.ch\/#organization"},"potentialAction":[{"@type":"SearchAction","target":{"@type":"EntryPoint","urlTemplate":"https:\/\/www.reisswolf.ch\/?s={search_term_string}"},"query-input":{"@type":"PropertyValueSpecification","valueRequired":true,"valueName":"search_term_string"}}],"inLanguage":"fr-FR"},{"@type":"Organization","@id":"https:\/\/www.reisswolf.ch\/#organization","name":"REISSWOLF Schweiz AG","url":"https:\/\/www.reisswolf.ch\/","logo":{"@type":"ImageObject","inLanguage":"fr-FR","@id":"https:\/\/www.reisswolf.ch\/#\/schema\/logo\/image\/","url":"https:\/\/www.reisswolf.ch\/wp-content\/uploads\/2025\/10\/logo-reisswolf.svg","contentUrl":"https:\/\/www.reisswolf.ch\/wp-content\/uploads\/2025\/10\/logo-reisswolf.svg","width":"1024","height":"1024","caption":"REISSWOLF Schweiz AG"},"image":{"@id":"https:\/\/www.reisswolf.ch\/#\/schema\/logo\/image\/"},"sameAs":["https:\/\/www.linkedin.com\/showcase\/reisswolf-aktenvernichtung-schweiz\/"]}]}},"_links":{"self":[{"href":"https:\/\/www.reisswolf.ch\/fr\/wp-json\/wp\/v2\/pages\/5399","targetHints":{"allow":["GET"]}}],"collection":[{"href":"https:\/\/www.reisswolf.ch\/fr\/wp-json\/wp\/v2\/pages"}],"about":[{"href":"https:\/\/www.reisswolf.ch\/fr\/wp-json\/wp\/v2\/types\/page"}],"author":[{"embeddable":true,"href":"https:\/\/www.reisswolf.ch\/fr\/wp-json\/wp\/v2\/users\/1"}],"replies":[{"embeddable":true,"href":"https:\/\/www.reisswolf.ch\/fr\/wp-json\/wp\/v2\/comments?post=5399"}],"version-history":[{"count":5,"href":"https:\/\/www.reisswolf.ch\/fr\/wp-json\/wp\/v2\/pages\/5399\/revisions"}],"predecessor-version":[{"id":6195,"href":"https:\/\/www.reisswolf.ch\/fr\/wp-json\/wp\/v2\/pages\/5399\/revisions\/6195"}],"up":[{"embeddable":true,"href":"https:\/\/www.reisswolf.ch\/fr\/wp-json\/wp\/v2\/pages\/5402"}],"wp:attachment":[{"href":"https:\/\/www.reisswolf.ch\/fr\/wp-json\/wp\/v2\/media?parent=5399"}],"curies":[{"name":"wp","href":"https:\/\/api.w.org\/{rel}","templated":true}]}}