{"id":5407,"date":"2023-11-21T16:35:56","date_gmt":"2023-11-21T15:35:56","guid":{"rendered":"https:\/\/preprod.reisswolf.ch\/vernichtungsarten\/"},"modified":"2023-11-24T12:35:51","modified_gmt":"2023-11-24T11:35:51","slug":"types-of-destruction","status":"publish","type":"page","link":"https:\/\/www.reisswolf.ch\/en\/types-of-destruction\/","title":{"rendered":"Types of destruction"},"content":{"rendered":"<div id=\"pl-5407\"  class=\"panel-layout\" ><div id=\"pg-5407-0\"  class=\"panel-grid panel-has-style\" ><div class=\"siteorigin-panels-stretch panel-row-style panel-row-style-for-5407-0\" data-stretch-type=\"full\" ><div class=\"so-panels-full-wrapper\" ><div id=\"pgc-5407-0-0\"  class=\"panel-grid-cell\" ><div id=\"panel-5407-0-0-0\" class=\"so-panel widget widget_siteorigin-panels-builder panel-first-child panel-last-child\" data-index=\"0\" ><div class=\"is-has-contact-tiles panel-widget-style panel-widget-style-for-5407-0-0-0\" ><div id=\"pl-w64a2e93b8f2f6\"  class=\"panel-layout\" ><div id=\"pg-w64a2e93b8f2f6-0\"  class=\"panel-grid panel-no-style\" ><div id=\"pgc-w64a2e93b8f2f6-0-0\"  class=\"panel-grid-cell\" ><div id=\"panel-w64a2e93b8f2f6-0-0-0\" class=\"so-panel widget widget_sow-image panel-first-child\" data-index=\"0\" ><div\n\t\t\t\n\t\t\tclass=\"so-widget-sow-image so-widget-sow-image-default-8b5b6f678277\"\n\t\t\t\n\t\t>\n<div class=\"sow-image-container\">\n\t\t\t<a href=\"\"\n\t\t\t\t\t>\n\t\t\t<img loading=\"lazy\" \n\tsrc=\"https:\/\/www.reisswolf.ch\/wp-content\/uploads\/2023\/06\/DataEx4000-Aktenvernichtung-in-Zurich.jpg\" width=\"500\" height=\"333\" srcset=\"https:\/\/www.reisswolf.ch\/wp-content\/uploads\/2023\/06\/DataEx4000-Aktenvernichtung-in-Zurich.jpg 500w, https:\/\/www.reisswolf.ch\/wp-content\/uploads\/2023\/06\/DataEx4000-Aktenvernichtung-in-Zurich-300x200.jpg 300w, https:\/\/www.reisswolf.ch\/wp-content\/uploads\/2023\/06\/DataEx4000-Aktenvernichtung-in-Zurich-272x182.jpg 272w\" sizes=\"auto, (max-width: 500px) 100vw, 500px\" alt=\"Aktenvernichtung\" \t\tclass=\"so-widget-image\"\/>\n\t\t\t<\/a><\/div>\n\n<\/div><\/div><div id=\"panel-w64a2e93b8f2f6-0-0-1\" class=\"so-panel widget widget_sow-editor\" data-index=\"1\" ><div\n\t\t\t\n\t\t\tclass=\"so-widget-sow-editor so-widget-sow-editor-base\"\n\t\t\t\n\t\t>\n<div class=\"siteorigin-widget-tinymce textwidget\">\n\t<h4>Aktenvernichtung und Archivr\u00e4umungen<\/h4>\n<p>&nbsp;<\/p>\n<p>Wir stellen Ihnen abschliessbare Sammelbeh\u00e4lter bereit, die regelm\u00e4ssig oder bei Bedarf ausgetauscht werden. Anschliessend transportieren wir sie mit speziell gesicherten Fahrzeugen zu unseren leistungsstarken Shredderanlagen.<\/p>\n<\/div>\n<\/div><\/div><div id=\"panel-w64a2e93b8f2f6-0-0-2\" class=\"so-panel widget widget_sow-button panel-last-child\" data-index=\"2\" ><div\n\t\t\t\n\t\t\tclass=\"so-widget-sow-button so-widget-sow-button-suloredsimple-144c983c4712\"\n\t\t\t\n\t\t><div class=\"ow-button-base ow-button-align-left\"\n>\n\t\t\t<a\n\t\t\t\t\thref=\"\"\n\t\t\t\t\tclass=\"sowb-button ow-icon-placement-right ow-button-hover\" \t>\n\t\t<span>\n\t\t\t\n\t\t\tMehr erfahren\t\t<\/span>\n\t\t\t<\/a>\n\t<\/div>\n<\/div><\/div><\/div><div id=\"pgc-w64a2e93b8f2f6-0-1\"  class=\"panel-grid-cell\" ><div id=\"panel-w64a2e93b8f2f6-0-1-0\" class=\"so-panel widget widget_sow-image panel-first-child\" data-index=\"3\" ><div\n\t\t\t\n\t\t\tclass=\"so-widget-sow-image so-widget-sow-image-default-8b5b6f678277\"\n\t\t\t\n\t\t>\n<div class=\"sow-image-container\">\n\t\t\t<a href=\"\"\n\t\t\t\t\t>\n\t\t\t<img loading=\"lazy\" \n\tsrc=\"https:\/\/www.reisswolf.ch\/wp-content\/uploads\/2023\/06\/DataEx4000-Datentraegervernichtung-in-Zurich-1.jpg\" width=\"500\" height=\"333\" srcset=\"https:\/\/www.reisswolf.ch\/wp-content\/uploads\/2023\/06\/DataEx4000-Datentraegervernichtung-in-Zurich-1.jpg 500w, https:\/\/www.reisswolf.ch\/wp-content\/uploads\/2023\/06\/DataEx4000-Datentraegervernichtung-in-Zurich-1-300x200.jpg 300w, https:\/\/www.reisswolf.ch\/wp-content\/uploads\/2023\/06\/DataEx4000-Datentraegervernichtung-in-Zurich-1-272x182.jpg 272w\" sizes=\"auto, (max-width: 500px) 100vw, 500px\" title=\"DataEx4000-Datentraegervernichtung-in-Zurich\" alt=\"Datentraegervernichtung\" \t\tclass=\"so-widget-image\"\/>\n\t\t\t<\/a><\/div>\n\n<\/div><\/div><div id=\"panel-w64a2e93b8f2f6-0-1-1\" class=\"so-panel widget widget_sow-editor\" data-index=\"4\" ><div\n\t\t\t\n\t\t\tclass=\"so-widget-sow-editor so-widget-sow-editor-base\"\n\t\t\t\n\t\t>\n<div class=\"siteorigin-widget-tinymce textwidget\">\n\t<h4>Datentr\u00e4gervernichtung<\/h4>\n<p>&nbsp;<\/p>\n<p>Unter Ber\u00fccksichtigung strengster Sicherheitsmassnahmen gew\u00e4hrleisten wir die sichere Vernichtung Ihrer elektronischen Datentr\u00e4ger. In unseren hochmodernen Anlagen werden Ihre Datentr\u00e4ger zu kleinen Fragmenten zerkleinert.<\/p>\n<\/div>\n<\/div><\/div><div id=\"panel-w64a2e93b8f2f6-0-1-2\" class=\"so-panel widget widget_sow-button panel-last-child\" data-index=\"5\" ><div\n\t\t\t\n\t\t\tclass=\"so-widget-sow-button so-widget-sow-button-suloredsimple-144c983c4712\"\n\t\t\t\n\t\t><div class=\"ow-button-base ow-button-align-left\"\n>\n\t\t\t<a\n\t\t\t\t\thref=\"\"\n\t\t\t\t\tclass=\"sowb-button ow-icon-placement-right ow-button-hover\" \t>\n\t\t<span>\n\t\t\t\n\t\t\tMehr erfahren\t\t<\/span>\n\t\t\t<\/a>\n\t<\/div>\n<\/div><\/div><\/div><div id=\"pgc-w64a2e93b8f2f6-0-2\"  class=\"panel-grid-cell\" ><div id=\"panel-w64a2e93b8f2f6-0-2-0\" class=\"so-panel widget widget_sow-image panel-first-child\" data-index=\"6\" ><div\n\t\t\t\n\t\t\tclass=\"so-widget-sow-image so-widget-sow-image-default-8b5b6f678277\"\n\t\t\t\n\t\t>\n<div class=\"sow-image-container\">\n\t\t\t<a href=\"\"\n\t\t\t\t\t>\n\t\t\t<img loading=\"lazy\" \n\tsrc=\"https:\/\/www.reisswolf.ch\/wp-content\/uploads\/2023\/06\/DataEx4000-Roentgenfilmvernichtung-in-Zurich.jpg\" width=\"500\" height=\"333\" srcset=\"https:\/\/www.reisswolf.ch\/wp-content\/uploads\/2023\/06\/DataEx4000-Roentgenfilmvernichtung-in-Zurich.jpg 500w, https:\/\/www.reisswolf.ch\/wp-content\/uploads\/2023\/06\/DataEx4000-Roentgenfilmvernichtung-in-Zurich-300x200.jpg 300w, https:\/\/www.reisswolf.ch\/wp-content\/uploads\/2023\/06\/DataEx4000-Roentgenfilmvernichtung-in-Zurich-272x182.jpg 272w\" sizes=\"auto, (max-width: 500px) 100vw, 500px\" alt=\"Roentgenfilmvernichtung\" \t\tclass=\"so-widget-image\"\/>\n\t\t\t<\/a><\/div>\n\n<\/div><\/div><div id=\"panel-w64a2e93b8f2f6-0-2-1\" class=\"so-panel widget widget_sow-editor\" data-index=\"7\" ><div\n\t\t\t\n\t\t\tclass=\"so-widget-sow-editor so-widget-sow-editor-base\"\n\t\t\t\n\t\t>\n<div class=\"siteorigin-widget-tinymce textwidget\">\n\t<h4>R\u00f6ntgenfilmvernichtung<\/h4>\n<p>&nbsp;<\/p>\n<p>Sicher, gesetzeskonform und umweltfreundlich - wir bieten zuverl\u00e4ssige Abholung und Vernichtung von R\u00f6ntgenfilmen. Maxinmaler Schutz sensibler Daten und R\u00fcckgewinnung wertvoller Rohstoffe sind unsere Priorit\u00e4ten.<\/p>\n<\/div>\n<\/div><\/div><div id=\"panel-w64a2e93b8f2f6-0-2-2\" class=\"so-panel widget widget_sow-button panel-last-child\" data-index=\"8\" ><div\n\t\t\t\n\t\t\tclass=\"so-widget-sow-button so-widget-sow-button-suloredsimple-144c983c4712\"\n\t\t\t\n\t\t><div class=\"ow-button-base ow-button-align-left\"\n>\n\t\t\t<a\n\t\t\t\t\thref=\"\"\n\t\t\t\t\tclass=\"sowb-button ow-icon-placement-right ow-button-hover\" \t>\n\t\t<span>\n\t\t\t\n\t\t\tMehr erfahren\t\t<\/span>\n\t\t\t<\/a>\n\t<\/div>\n<\/div><\/div><\/div><\/div><\/div><\/div><\/div><\/div><\/div><\/div><\/div><div id=\"pg-5407-1\"  class=\"panel-grid panel-no-style\" ><div id=\"pgc-5407-1-0\"  class=\"panel-grid-cell\" ><div id=\"panel-5407-1-0-0\" class=\"so-panel widget widget_so-premium-mirror-widget panel-first-child panel-last-child\" data-index=\"1\" ><div\n\t\t\t\n\t\t\tclass=\"so-widget-so-premium-mirror-widget so-widget-so-premium-mirror-widget-default-d75171398898-5407\"\n\t\t\t\n\t\t><\/div><\/div><\/div><\/div><div id=\"pg-5407-2\"  class=\"panel-grid panel-no-style\" ><div id=\"pgc-5407-2-0\"  class=\"panel-grid-cell\" ><div id=\"panel-5407-2-0-0\" class=\"so-panel widget widget_so-premium-mirror-widget panel-first-child panel-last-child\" data-index=\"2\" ><div\n\t\t\t\n\t\t\tclass=\"so-widget-so-premium-mirror-widget so-widget-so-premium-mirror-widget-default-d75171398898-5407\"\n\t\t\t\n\t\t><div id=\"pl-w69e74b6f53a30\"  class=\"panel-layout\" ><div id=\"pg-w69e74b6f53a30-0\"  class=\"panel-grid panel-has-style\" ><div class=\"is-contact-widget panel-row-style panel-row-style-for-w69e74b6f53a30-0\" ><div id=\"pgc-w69e74b6f53a30-0-0\"  class=\"panel-grid-cell\" ><div id=\"panel-w69e74b6f53a30-0-0-0\" class=\"so-panel widget widget_sow-editor panel-first-child panel-last-child widgetopts-SO\" data-index=\"0\" ><div\n\t\t\t\n\t\t\tclass=\"so-widget-sow-editor so-widget-sow-editor-base\"\n\t\t\t\n\t\t>\n<div class=\"siteorigin-widget-tinymce textwidget\">\n\t<p>[cplz_contact_widget]<\/p>\n<\/div>\n<\/div><\/div><\/div><\/div><\/div><\/div><\/div><\/div><\/div><\/div><\/div>","protected":false},"excerpt":{"rendered":"<p>Aktenvernichtung und Archivr\u00e4umungen &nbsp; Wir stellen Ihnen abschliessbare Sammelbeh\u00e4lter bereit, die regelm\u00e4ssig oder bei Bedarf ausgetauscht werden. Anschliessend transportieren wir sie mit speziell gesicherten Fahrzeugen zu unseren leistungsstarken Shredderanlagen. Mehr erfahren Datentr\u00e4gervernichtung &nbsp; Unter Ber\u00fccksichtigung strengster Sicherheitsmassnahmen gew\u00e4hrleisten wir die sichere Vernichtung Ihrer elektronischen Datentr\u00e4ger. In unseren hochmodernen Anlagen werden Ihre Datentr\u00e4ger zu kleinen Fragmenten [&hellip;]<\/p>\n","protected":false},"author":1,"featured_media":0,"parent":0,"menu_order":0,"comment_status":"closed","ping_status":"closed","template":"","meta":{"inline_featured_image":false,"footnotes":""},"class_list":["post-5407","page","type-page","status-publish","hentry"],"yoast_head":"<!-- This site is optimized with the Yoast SEO plugin v26.3 - https:\/\/yoast.com\/wordpress\/plugins\/seo\/ -->\n<title>Types of destruction - Reisswolf<\/title>\n<meta name=\"robots\" content=\"index, follow, max-snippet:-1, max-image-preview:large, max-video-preview:-1\" \/>\n<link rel=\"canonical\" href=\"https:\/\/www.reisswolf.ch\/en\/types-of-destruction\/\" \/>\n<meta property=\"og:locale\" content=\"en_US\" \/>\n<meta property=\"og:type\" content=\"article\" \/>\n<meta property=\"og:title\" content=\"Types of destruction - Reisswolf\" \/>\n<meta property=\"og:description\" content=\"Aktenvernichtung und Archivr\u00e4umungen &nbsp; Wir stellen Ihnen abschliessbare Sammelbeh\u00e4lter bereit, die regelm\u00e4ssig oder bei Bedarf ausgetauscht werden. Anschliessend transportieren wir sie mit speziell gesicherten Fahrzeugen zu unseren leistungsstarken Shredderanlagen. Mehr erfahren Datentr\u00e4gervernichtung &nbsp; Unter Ber\u00fccksichtigung strengster Sicherheitsmassnahmen gew\u00e4hrleisten wir die sichere Vernichtung Ihrer elektronischen Datentr\u00e4ger. In unseren hochmodernen Anlagen werden Ihre Datentr\u00e4ger zu kleinen Fragmenten [&hellip;]\" \/>\n<meta property=\"og:url\" content=\"https:\/\/www.reisswolf.ch\/en\/types-of-destruction\/\" \/>\n<meta property=\"og:site_name\" content=\"Reisswolf\" \/>\n<meta property=\"article:publisher\" content=\"https:\/\/www.linkedin.com\/showcase\/reisswolf-aktenvernichtung-schweiz\/\" \/>\n<meta property=\"article:modified_time\" content=\"2023-11-24T11:35:51+00:00\" \/>\n<meta name=\"twitter:card\" content=\"summary_large_image\" \/>\n<meta name=\"twitter:label1\" content=\"Est. reading time\" \/>\n\t<meta name=\"twitter:data1\" content=\"1 minute\" \/>\n<!-- \/ Yoast SEO plugin. -->","yoast_head_json":{"title":"Types of destruction - Reisswolf","robots":{"index":"index","follow":"follow","max-snippet":"max-snippet:-1","max-image-preview":"max-image-preview:large","max-video-preview":"max-video-preview:-1"},"canonical":"https:\/\/www.reisswolf.ch\/en\/types-of-destruction\/","og_locale":"en_US","og_type":"article","og_title":"Types of destruction - Reisswolf","og_description":"Aktenvernichtung und Archivr\u00e4umungen &nbsp; Wir stellen Ihnen abschliessbare Sammelbeh\u00e4lter bereit, die regelm\u00e4ssig oder bei Bedarf ausgetauscht werden. Anschliessend transportieren wir sie mit speziell gesicherten Fahrzeugen zu unseren leistungsstarken Shredderanlagen. Mehr erfahren Datentr\u00e4gervernichtung &nbsp; Unter Ber\u00fccksichtigung strengster Sicherheitsmassnahmen gew\u00e4hrleisten wir die sichere Vernichtung Ihrer elektronischen Datentr\u00e4ger. In unseren hochmodernen Anlagen werden Ihre Datentr\u00e4ger zu kleinen Fragmenten [&hellip;]","og_url":"https:\/\/www.reisswolf.ch\/en\/types-of-destruction\/","og_site_name":"Reisswolf","article_publisher":"https:\/\/www.linkedin.com\/showcase\/reisswolf-aktenvernichtung-schweiz\/","article_modified_time":"2023-11-24T11:35:51+00:00","twitter_card":"summary_large_image","twitter_misc":{"Est. reading time":"1 minute"},"schema":{"@context":"https:\/\/schema.org","@graph":[{"@type":"WebPage","@id":"https:\/\/www.reisswolf.ch\/en\/types-of-destruction\/","url":"https:\/\/www.reisswolf.ch\/en\/types-of-destruction\/","name":"Types of destruction - Reisswolf","isPartOf":{"@id":"https:\/\/www.reisswolf.ch\/#website"},"datePublished":"2023-11-21T15:35:56+00:00","dateModified":"2023-11-24T11:35:51+00:00","breadcrumb":{"@id":"https:\/\/www.reisswolf.ch\/en\/types-of-destruction\/#breadcrumb"},"inLanguage":"en-US","potentialAction":[{"@type":"ReadAction","target":["https:\/\/www.reisswolf.ch\/en\/types-of-destruction\/"]}]},{"@type":"BreadcrumbList","@id":"https:\/\/www.reisswolf.ch\/en\/types-of-destruction\/#breadcrumb","itemListElement":[{"@type":"ListItem","position":1,"name":"Startseite","item":"https:\/\/www.reisswolf.ch\/en\/"},{"@type":"ListItem","position":2,"name":"Types of destruction"}]},{"@type":"WebSite","@id":"https:\/\/www.reisswolf.ch\/#website","url":"https:\/\/www.reisswolf.ch\/","name":"Reisswolf","description":"Reisswolf","publisher":{"@id":"https:\/\/www.reisswolf.ch\/#organization"},"potentialAction":[{"@type":"SearchAction","target":{"@type":"EntryPoint","urlTemplate":"https:\/\/www.reisswolf.ch\/?s={search_term_string}"},"query-input":{"@type":"PropertyValueSpecification","valueRequired":true,"valueName":"search_term_string"}}],"inLanguage":"en-US"},{"@type":"Organization","@id":"https:\/\/www.reisswolf.ch\/#organization","name":"REISSWOLF Schweiz AG","url":"https:\/\/www.reisswolf.ch\/","logo":{"@type":"ImageObject","inLanguage":"en-US","@id":"https:\/\/www.reisswolf.ch\/#\/schema\/logo\/image\/","url":"https:\/\/www.reisswolf.ch\/wp-content\/uploads\/2025\/10\/logo-reisswolf.svg","contentUrl":"https:\/\/www.reisswolf.ch\/wp-content\/uploads\/2025\/10\/logo-reisswolf.svg","width":"1024","height":"1024","caption":"REISSWOLF Schweiz AG"},"image":{"@id":"https:\/\/www.reisswolf.ch\/#\/schema\/logo\/image\/"},"sameAs":["https:\/\/www.linkedin.com\/showcase\/reisswolf-aktenvernichtung-schweiz\/"]}]}},"_links":{"self":[{"href":"https:\/\/www.reisswolf.ch\/en\/wp-json\/wp\/v2\/pages\/5407","targetHints":{"allow":["GET"]}}],"collection":[{"href":"https:\/\/www.reisswolf.ch\/en\/wp-json\/wp\/v2\/pages"}],"about":[{"href":"https:\/\/www.reisswolf.ch\/en\/wp-json\/wp\/v2\/types\/page"}],"author":[{"embeddable":true,"href":"https:\/\/www.reisswolf.ch\/en\/wp-json\/wp\/v2\/users\/1"}],"replies":[{"embeddable":true,"href":"https:\/\/www.reisswolf.ch\/en\/wp-json\/wp\/v2\/comments?post=5407"}],"version-history":[{"count":5,"href":"https:\/\/www.reisswolf.ch\/en\/wp-json\/wp\/v2\/pages\/5407\/revisions"}],"predecessor-version":[{"id":5590,"href":"https:\/\/www.reisswolf.ch\/en\/wp-json\/wp\/v2\/pages\/5407\/revisions\/5590"}],"wp:attachment":[{"href":"https:\/\/www.reisswolf.ch\/en\/wp-json\/wp\/v2\/media?parent=5407"}],"curies":[{"name":"wp","href":"https:\/\/api.w.org\/{rel}","templated":true}]}}