{"id":5389,"date":"2023-11-21T17:10:09","date_gmt":"2023-11-21T16:10:09","guid":{"rendered":"https:\/\/preprod.reisswolf.ch\/kontakt\/"},"modified":"2023-11-25T22:27:36","modified_gmt":"2023-11-25T21:27:36","slug":"contact","status":"publish","type":"page","link":"https:\/\/www.reisswolf.ch\/en\/contact\/","title":{"rendered":"Contact"},"content":{"rendered":"<div id=\"pl-5389\"  class=\"panel-layout\" ><div id=\"pg-5389-0\"  class=\"panel-grid panel-has-style\" ><div class=\"siteorigin-panels-stretch panel-row-style panel-row-style-for-5389-0\" data-stretch-type=\"full-stretched\" ><div id=\"pgc-5389-0-0\"  class=\"panel-grid-cell\" ><div id=\"panel-5389-0-0-0\" class=\"so-panel widget widget_sow-hero panel-first-child panel-last-child\" data-index=\"0\" ><div class=\"is-stage-header panel-widget-style panel-widget-style-for-5389-0-0-0\" ><div\n\t\t\t\n\t\t\tclass=\"so-widget-sow-hero so-widget-sow-hero-default-fa48a6f6221d-5389 so-widget-fittext-wrapper\"\n\t\t\t\n\t\t>\t\t\t\t<div class=\"sow-slider-base\" style=\"display: none\" tabindex=\"0\">\n\t\t\t\t\t<ul\n\t\t\t\t\tclass=\"sow-slider-images\"\n\t\t\t\t\tdata-settings=\"{&quot;pagination&quot;:true,&quot;speed&quot;:800,&quot;timeout&quot;:8000,&quot;paused&quot;:true,&quot;pause_on_hover&quot;:false,&quot;swipe&quot;:true,&quot;nav_always_show_desktop&quot;:&quot;&quot;,&quot;nav_always_show_mobile&quot;:&quot;&quot;,&quot;breakpoint&quot;:&quot;780px&quot;,&quot;unmute&quot;:false,&quot;anchor&quot;:null}\"\n\t\t\t\t\tstyle=\"min-height: 50vh\"\t\t\t\t\tdata-anchor-id=\"\"\n\t\t\t\t>\t\t<li class=\"sow-slider-image  sow-slider-image-cover\" style=\"visibility: visible;;background-image: url(https:\/\/www.reisswolf.ch\/wp-content\/uploads\/2023\/06\/Dataex4000-Datentragervernichtung-Zuerich.jpg)\" >\n\t\t\t\t\t<div class=\"sow-slider-image-container\">\n\t\t\t<div class=\"sow-slider-image-wrapper\">\n\t\t\t\t\t\t\t<\/div>\n\t\t<\/div>\n\t\t\t\t<\/li>\n\t\t<\/ul>\t\t\t\t<ol class=\"sow-slider-pagination\">\n\t\t\t\t\t\t\t\t\t\t\t<li><a href=\"#\" data-goto=\"0\" aria-label=\"Display slide 1\"><\/a><\/li>\n\t\t\t\t\t\t\t\t\t<\/ol>\n\n\t\t\t\t<div class=\"sow-slide-nav sow-slide-nav-next\">\n\t\t\t\t\t<a href=\"#\" data-goto=\"next\" aria-label=\"Next slide\" data-action=\"next\">\n\t\t\t\t\t\t<em class=\"sow-sld-icon-thin-right\"><\/em>\n\t\t\t\t\t<\/a>\n\t\t\t\t<\/div>\n\n\t\t\t\t<div class=\"sow-slide-nav sow-slide-nav-prev\">\n\t\t\t\t\t<a href=\"#\" data-goto=\"previous\" aria-label=\"Previous slide\" data-action=\"prev\">\n\t\t\t\t\t\t<em class=\"sow-sld-icon-thin-left\"><\/em>\n\t\t\t\t\t<\/a>\n\t\t\t\t<\/div>\n\t\t\t\t<\/div><\/div><\/div><\/div><\/div><\/div><\/div><div id=\"pg-5389-1\"  class=\"panel-grid panel-has-style\" ><div class=\"panel-row-style panel-row-style-for-5389-1\" ><div id=\"pgc-5389-1-0\"  class=\"panel-grid-cell panel-grid-cell-empty\" ><\/div><div id=\"pgc-5389-1-1\"  class=\"panel-grid-cell panel-grid-cell-mobile-last\" ><div id=\"panel-5389-1-1-0\" class=\"so-panel widget widget_sow-editor panel-first-child panel-last-child\" data-index=\"1\" ><div\n\t\t\t\n\t\t\tclass=\"so-widget-sow-editor so-widget-sow-editor-base\"\n\t\t\t\n\t\t>\n<div class=\"siteorigin-widget-tinymce textwidget\">\n\t<h1 style=\"text-align: center;\"><strong>Data Ex 4000 -<\/strong><br \/>\nIhr Partner f\u00fcr sichere Aktenvernichtung und Datentr\u00e4gervernichtung.<\/h1>\n<p>&nbsp;<\/p>\n<p style=\"text-align: center;\">Data Ex 4000 bietet Ihnen professionelle, moderne und umweltbewusste L\u00f6sungen f\u00fcr die sichere Vernichtung Ihrer vertraulichen Daten. Egal ob es sich um Akten auf Papier handelt oder um elektronische Daten auf Computern, Datentr\u00e4gern oder Mobilger\u00e4ten - wir sind spezialisiert auf die Aktenvernichtung und Datentr\u00e4gervernichtung.<\/p>\n<p>&nbsp;<\/p>\n<p style=\"text-align: center;\">Unser Standort in Z\u00fcrich garantiert h\u00f6chste Sicherheitsstandards gem\u00e4ss Zertifizierung DIN-66399. Verlassen Sie sich darauf, dass Ihre sensiblen Informationen bei uns sicher und vertraulich behandelt werden.<\/p>\n<p>&nbsp;<\/p>\n<\/div>\n<\/div><\/div><\/div><div id=\"pgc-5389-1-2\"  class=\"panel-grid-cell panel-grid-cell-empty\" ><\/div><\/div><\/div><div id=\"pg-5389-2\"  class=\"panel-grid panel-has-style\" ><div class=\"is-dark-ground siteorigin-panels-stretch animate-69deba983837e531650001 panels-animation-hide panel-row-style panel-row-style-for-5389-2\" data-stretch-type=\"full\" data-so-animation=\"{&quot;selector&quot;:&quot;.animate-69deba983837e531650001&quot;,&quot;animation&quot;:&quot;fadeInUp&quot;,&quot;breakpoint&quot;:&quot;780px&quot;,&quot;duration&quot;:1,&quot;repeat&quot;:0,&quot;hide&quot;:1,&quot;disableAnimationMobile&quot;:0,&quot;finalState&quot;:&quot;visible&quot;,&quot;delay&quot;:0,&quot;debounce&quot;:0.1,&quot;event&quot;:&quot;enter&quot;,&quot;offset&quot;:0}\" ><div class=\"so-panels-full-wrapper\" ><div id=\"pgc-5389-2-0\"  class=\"panel-grid-cell\" ><div id=\"panel-5389-2-0-0\" class=\"so-panel widget widget_sow-editor panel-first-child\" data-index=\"2\" ><div class=\"list-check-white panel-widget-style panel-widget-style-for-5389-2-0-0\" ><div\n\t\t\t\n\t\t\tclass=\"so-widget-sow-editor so-widget-sow-editor-base\"\n\t\t\t\n\t\t>\n<div class=\"siteorigin-widget-tinymce textwidget\">\n\t<p style=\"font-size:18px;line-height:3;\">Wir bieten eine zuverl\u00e4ssige und sichere Vernichtung von vertraulichen Dokumenten wie Akten, Datentr\u00e4gern und R\u00f6ntgenfilmen<\/p>\n<h1><span style=\"color: #ffffff;\">IHRE VORTEILE IM \u00dcBERBLICK<\/span><\/h1>\n<ul>\n<li>Bestellung zum Festpreis<\/li>\n<li>Unverbindliche Anfrage<\/li>\n<li>Zertifizierter Vernichtungsfachbetrieb<\/li>\n<li>Pers\u00f6nlicher Kundenservice<\/li>\n<\/ul>\n<\/div>\n<\/div><\/div><\/div><div id=\"panel-5389-2-0-1\" class=\"so-panel widget widget_sow-button panel-last-child\" data-index=\"3\" ><div class=\"panel-widget-style panel-widget-style-for-5389-2-0-1\" ><div\n\t\t\t\n\t\t\tclass=\"so-widget-sow-button so-widget-sow-button-sulowhitesimple-cd5bc76e79e2-5389\"\n\t\t\t\n\t\t><div class=\"ow-button-base ow-button-align-left\"\n>\n\t\t\t<a\n\t\t\t\t\thref=\"\"\n\t\t\t\t\tclass=\"sowb-button ow-icon-placement-left ow-button-hover\" \t>\n\t\t<span>\n\t\t\t\n\t\t\tInformationen anfordern\t\t<\/span>\n\t\t\t<\/a>\n\t<\/div>\n<\/div><\/div><\/div><\/div><\/div><\/div><\/div><div id=\"pg-5389-3\"  class=\"panel-grid panel-has-style\" ><div class=\"siteorigin-panels-stretch panel-row-style panel-row-style-for-5389-3\" data-stretch-type=\"full\" ><div class=\"so-panels-full-wrapper\" ><div id=\"pgc-5389-3-0\"  class=\"panel-grid-cell\" ><div id=\"panel-5389-3-0-0\" class=\"so-panel widget widget_siteorigin-panels-builder panel-first-child panel-last-child\" data-index=\"4\" ><div class=\"is-has-contact-tiles panel-widget-style panel-widget-style-for-5389-3-0-0\" ><div id=\"pl-w64a2e93b8f2f6\"  class=\"panel-layout\" ><div id=\"pg-w64a2e93b8f2f6-0\"  class=\"panel-grid panel-no-style\" ><div id=\"pgc-w64a2e93b8f2f6-0-0\"  class=\"panel-grid-cell\" ><div id=\"panel-w64a2e93b8f2f6-0-0-0\" class=\"so-panel widget widget_sow-image panel-first-child\" data-index=\"0\" ><div\n\t\t\t\n\t\t\tclass=\"so-widget-sow-image so-widget-sow-image-default-8b5b6f678277\"\n\t\t\t\n\t\t>\n<div class=\"sow-image-container\">\n\t\t\t<a href=\"\"\n\t\t\t\t\t>\n\t\t\t<img loading=\"lazy\" \n\tsrc=\"https:\/\/www.reisswolf.ch\/wp-content\/uploads\/2023\/06\/DataEx4000-Aktenvernichtung-in-Zurich.jpg\" width=\"500\" height=\"333\" srcset=\"https:\/\/www.reisswolf.ch\/wp-content\/uploads\/2023\/06\/DataEx4000-Aktenvernichtung-in-Zurich.jpg 500w, https:\/\/www.reisswolf.ch\/wp-content\/uploads\/2023\/06\/DataEx4000-Aktenvernichtung-in-Zurich-300x200.jpg 300w, https:\/\/www.reisswolf.ch\/wp-content\/uploads\/2023\/06\/DataEx4000-Aktenvernichtung-in-Zurich-272x182.jpg 272w\" sizes=\"auto, (max-width: 500px) 100vw, 500px\" alt=\"Aktenvernichtung\" \t\tclass=\"so-widget-image\"\/>\n\t\t\t<\/a><\/div>\n\n<\/div><\/div><div id=\"panel-w64a2e93b8f2f6-0-0-1\" class=\"so-panel widget widget_sow-editor\" data-index=\"1\" ><div\n\t\t\t\n\t\t\tclass=\"so-widget-sow-editor so-widget-sow-editor-base\"\n\t\t\t\n\t\t>\n<div class=\"siteorigin-widget-tinymce textwidget\">\n\t<h4>Aktenvernichtung und Archivr\u00e4umungen<\/h4>\n<p>&nbsp;<\/p>\n<p>Wir stellen Ihnen abschliessbare Sammelbeh\u00e4lter bereit, die regelm\u00e4ssig oder bei Bedarf ausgetauscht werden. Anschliessend transportieren wir sie mit speziell gesicherten Fahrzeugen zu unseren leistungsstarken Shredderanlagen.<\/p>\n<\/div>\n<\/div><\/div><div id=\"panel-w64a2e93b8f2f6-0-0-2\" class=\"so-panel widget widget_sow-button panel-last-child\" data-index=\"2\" ><div\n\t\t\t\n\t\t\tclass=\"so-widget-sow-button so-widget-sow-button-suloredsimple-144c983c4712\"\n\t\t\t\n\t\t><div class=\"ow-button-base ow-button-align-left\"\n>\n\t\t\t<a\n\t\t\t\t\thref=\"\"\n\t\t\t\t\tclass=\"sowb-button ow-icon-placement-right ow-button-hover\" \t>\n\t\t<span>\n\t\t\t\n\t\t\tMehr erfahren\t\t<\/span>\n\t\t\t<\/a>\n\t<\/div>\n<\/div><\/div><\/div><div id=\"pgc-w64a2e93b8f2f6-0-1\"  class=\"panel-grid-cell\" ><div id=\"panel-w64a2e93b8f2f6-0-1-0\" class=\"so-panel widget widget_sow-image panel-first-child\" data-index=\"3\" ><div\n\t\t\t\n\t\t\tclass=\"so-widget-sow-image so-widget-sow-image-default-8b5b6f678277\"\n\t\t\t\n\t\t>\n<div class=\"sow-image-container\">\n\t\t\t<a href=\"\"\n\t\t\t\t\t>\n\t\t\t<img loading=\"lazy\" \n\tsrc=\"https:\/\/www.reisswolf.ch\/wp-content\/uploads\/2023\/06\/DataEx4000-Datentraegervernichtung-in-Zurich-1.jpg\" width=\"500\" height=\"333\" srcset=\"https:\/\/www.reisswolf.ch\/wp-content\/uploads\/2023\/06\/DataEx4000-Datentraegervernichtung-in-Zurich-1.jpg 500w, https:\/\/www.reisswolf.ch\/wp-content\/uploads\/2023\/06\/DataEx4000-Datentraegervernichtung-in-Zurich-1-300x200.jpg 300w, https:\/\/www.reisswolf.ch\/wp-content\/uploads\/2023\/06\/DataEx4000-Datentraegervernichtung-in-Zurich-1-272x182.jpg 272w\" sizes=\"auto, (max-width: 500px) 100vw, 500px\" title=\"DataEx4000-Datentraegervernichtung-in-Zurich\" alt=\"Datentraegervernichtung\" \t\tclass=\"so-widget-image\"\/>\n\t\t\t<\/a><\/div>\n\n<\/div><\/div><div id=\"panel-w64a2e93b8f2f6-0-1-1\" class=\"so-panel widget widget_sow-editor\" data-index=\"4\" ><div\n\t\t\t\n\t\t\tclass=\"so-widget-sow-editor so-widget-sow-editor-base\"\n\t\t\t\n\t\t>\n<div class=\"siteorigin-widget-tinymce textwidget\">\n\t<h4>Datentr\u00e4gervernichtung<\/h4>\n<p>&nbsp;<\/p>\n<p>Unter Ber\u00fccksichtigung strengster Sicherheitsmassnahmen gew\u00e4hrleisten wir die sichere Vernichtung Ihrer elektronischen Datentr\u00e4ger. In unseren hochmodernen Anlagen werden Ihre Datentr\u00e4ger zu kleinen Fragmenten zerkleinert.<\/p>\n<\/div>\n<\/div><\/div><div id=\"panel-w64a2e93b8f2f6-0-1-2\" class=\"so-panel widget widget_sow-button panel-last-child\" data-index=\"5\" ><div\n\t\t\t\n\t\t\tclass=\"so-widget-sow-button so-widget-sow-button-suloredsimple-144c983c4712\"\n\t\t\t\n\t\t><div class=\"ow-button-base ow-button-align-left\"\n>\n\t\t\t<a\n\t\t\t\t\thref=\"\"\n\t\t\t\t\tclass=\"sowb-button ow-icon-placement-right ow-button-hover\" \t>\n\t\t<span>\n\t\t\t\n\t\t\tMehr erfahren\t\t<\/span>\n\t\t\t<\/a>\n\t<\/div>\n<\/div><\/div><\/div><div id=\"pgc-w64a2e93b8f2f6-0-2\"  class=\"panel-grid-cell\" ><div id=\"panel-w64a2e93b8f2f6-0-2-0\" class=\"so-panel widget widget_sow-image panel-first-child\" data-index=\"6\" ><div\n\t\t\t\n\t\t\tclass=\"so-widget-sow-image so-widget-sow-image-default-8b5b6f678277\"\n\t\t\t\n\t\t>\n<div class=\"sow-image-container\">\n\t\t\t<a href=\"\"\n\t\t\t\t\t>\n\t\t\t<img loading=\"lazy\" \n\tsrc=\"https:\/\/www.reisswolf.ch\/wp-content\/uploads\/2023\/06\/DataEx4000-Roentgenfilmvernichtung-in-Zurich.jpg\" width=\"500\" height=\"333\" srcset=\"https:\/\/www.reisswolf.ch\/wp-content\/uploads\/2023\/06\/DataEx4000-Roentgenfilmvernichtung-in-Zurich.jpg 500w, https:\/\/www.reisswolf.ch\/wp-content\/uploads\/2023\/06\/DataEx4000-Roentgenfilmvernichtung-in-Zurich-300x200.jpg 300w, https:\/\/www.reisswolf.ch\/wp-content\/uploads\/2023\/06\/DataEx4000-Roentgenfilmvernichtung-in-Zurich-272x182.jpg 272w\" sizes=\"auto, (max-width: 500px) 100vw, 500px\" alt=\"Roentgenfilmvernichtung\" \t\tclass=\"so-widget-image\"\/>\n\t\t\t<\/a><\/div>\n\n<\/div><\/div><div id=\"panel-w64a2e93b8f2f6-0-2-1\" class=\"so-panel widget widget_sow-editor\" data-index=\"7\" ><div\n\t\t\t\n\t\t\tclass=\"so-widget-sow-editor so-widget-sow-editor-base\"\n\t\t\t\n\t\t>\n<div class=\"siteorigin-widget-tinymce textwidget\">\n\t<h4>R\u00f6ntgenfilmvernichtung<\/h4>\n<p>&nbsp;<\/p>\n<p>Sicher, gesetzeskonform und umweltfreundlich - wir bieten zuverl\u00e4ssige Abholung und Vernichtung von R\u00f6ntgenfilmen. Maxinmaler Schutz sensibler Daten und R\u00fcckgewinnung wertvoller Rohstoffe sind unsere Priorit\u00e4ten.<\/p>\n<\/div>\n<\/div><\/div><div id=\"panel-w64a2e93b8f2f6-0-2-2\" class=\"so-panel widget widget_sow-button panel-last-child\" data-index=\"8\" ><div\n\t\t\t\n\t\t\tclass=\"so-widget-sow-button so-widget-sow-button-suloredsimple-144c983c4712\"\n\t\t\t\n\t\t><div class=\"ow-button-base ow-button-align-left\"\n>\n\t\t\t<a\n\t\t\t\t\thref=\"\"\n\t\t\t\t\tclass=\"sowb-button ow-icon-placement-right ow-button-hover\" \t>\n\t\t<span>\n\t\t\t\n\t\t\tMehr erfahren\t\t<\/span>\n\t\t\t<\/a>\n\t<\/div>\n<\/div><\/div><\/div><\/div><\/div><\/div><\/div><\/div><\/div><\/div><\/div><div id=\"pg-5389-4\"  class=\"panel-grid panel-no-style\" ><div id=\"pgc-5389-4-0\"  class=\"panel-grid-cell\" ><div id=\"panel-5389-4-0-0\" class=\"so-panel widget widget_so-premium-mirror-widget panel-first-child panel-last-child\" data-index=\"5\" ><div\n\t\t\t\n\t\t\tclass=\"so-widget-so-premium-mirror-widget so-widget-so-premium-mirror-widget-default-d75171398898-5389\"\n\t\t\t\n\t\t><\/div><\/div><\/div><\/div><div id=\"pg-5389-5\"  class=\"panel-grid panel-no-style\" ><div id=\"pgc-5389-5-0\"  class=\"panel-grid-cell\" ><div id=\"panel-5389-5-0-0\" class=\"so-panel widget widget_so-premium-mirror-widget panel-first-child panel-last-child\" data-index=\"6\" ><div\n\t\t\t\n\t\t\tclass=\"so-widget-so-premium-mirror-widget so-widget-so-premium-mirror-widget-default-d75171398898-5389\"\n\t\t\t\n\t\t><div id=\"pl-w69deba98417b9\"  class=\"panel-layout\" ><div id=\"pg-w69deba98417b9-0\"  class=\"panel-grid panel-has-style\" ><div class=\"is-contact-widget panel-row-style panel-row-style-for-w69deba98417b9-0\" ><div id=\"pgc-w69deba98417b9-0-0\"  class=\"panel-grid-cell\" ><div id=\"panel-w69deba98417b9-0-0-0\" class=\"so-panel widget widget_sow-editor panel-first-child panel-last-child widgetopts-SO\" data-index=\"0\" ><div\n\t\t\t\n\t\t\tclass=\"so-widget-sow-editor so-widget-sow-editor-base\"\n\t\t\t\n\t\t>\n<div class=\"siteorigin-widget-tinymce textwidget\">\n\t<p>[cplz_contact_widget]<\/p>\n<\/div>\n<\/div><\/div><\/div><\/div><\/div><\/div><\/div><\/div><\/div><\/div><\/div>","protected":false},"excerpt":{"rendered":"<p>Data Ex 4000 &#8211; Ihr Partner f\u00fcr sichere Aktenvernichtung und Datentr\u00e4gervernichtung. &nbsp; Data Ex 4000 bietet Ihnen professionelle, moderne und umweltbewusste L\u00f6sungen f\u00fcr die sichere Vernichtung Ihrer vertraulichen Daten. Egal ob es sich um Akten auf Papier handelt oder um elektronische Daten auf Computern, Datentr\u00e4gern oder Mobilger\u00e4ten &#8211; wir sind spezialisiert auf die Aktenvernichtung und [&hellip;]<\/p>\n","protected":false},"author":1,"featured_media":0,"parent":0,"menu_order":0,"comment_status":"closed","ping_status":"closed","template":"","meta":{"inline_featured_image":false,"footnotes":""},"class_list":["post-5389","page","type-page","status-publish","hentry"],"yoast_head":"<!-- This site is optimized with the Yoast SEO plugin v26.3 - https:\/\/yoast.com\/wordpress\/plugins\/seo\/ -->\n<title>Contact - Reisswolf<\/title>\n<meta name=\"robots\" content=\"index, follow, max-snippet:-1, max-image-preview:large, max-video-preview:-1\" \/>\n<link rel=\"canonical\" href=\"https:\/\/www.reisswolf.ch\/en\/contact\/\" \/>\n<meta property=\"og:locale\" content=\"en_US\" \/>\n<meta property=\"og:type\" content=\"article\" \/>\n<meta property=\"og:title\" content=\"Contact - Reisswolf\" \/>\n<meta property=\"og:description\" content=\"Data Ex 4000 - Ihr Partner f\u00fcr sichere Aktenvernichtung und Datentr\u00e4gervernichtung. &nbsp; Data Ex 4000 bietet Ihnen professionelle, moderne und umweltbewusste L\u00f6sungen f\u00fcr die sichere Vernichtung Ihrer vertraulichen Daten. Egal ob es sich um Akten auf Papier handelt oder um elektronische Daten auf Computern, Datentr\u00e4gern oder Mobilger\u00e4ten - wir sind spezialisiert auf die Aktenvernichtung und [&hellip;]\" \/>\n<meta property=\"og:url\" content=\"https:\/\/www.reisswolf.ch\/en\/contact\/\" \/>\n<meta property=\"og:site_name\" content=\"Reisswolf\" \/>\n<meta property=\"article:publisher\" content=\"https:\/\/www.linkedin.com\/showcase\/reisswolf-aktenvernichtung-schweiz\/\" \/>\n<meta property=\"article:modified_time\" content=\"2023-11-25T21:27:36+00:00\" \/>\n<meta name=\"twitter:card\" content=\"summary_large_image\" \/>\n<meta name=\"twitter:label1\" content=\"Est. reading time\" \/>\n\t<meta name=\"twitter:data1\" content=\"2 minutes\" \/>\n<!-- \/ Yoast SEO plugin. -->","yoast_head_json":{"title":"Contact - Reisswolf","robots":{"index":"index","follow":"follow","max-snippet":"max-snippet:-1","max-image-preview":"max-image-preview:large","max-video-preview":"max-video-preview:-1"},"canonical":"https:\/\/www.reisswolf.ch\/en\/contact\/","og_locale":"en_US","og_type":"article","og_title":"Contact - Reisswolf","og_description":"Data Ex 4000 - Ihr Partner f\u00fcr sichere Aktenvernichtung und Datentr\u00e4gervernichtung. &nbsp; Data Ex 4000 bietet Ihnen professionelle, moderne und umweltbewusste L\u00f6sungen f\u00fcr die sichere Vernichtung Ihrer vertraulichen Daten. Egal ob es sich um Akten auf Papier handelt oder um elektronische Daten auf Computern, Datentr\u00e4gern oder Mobilger\u00e4ten - wir sind spezialisiert auf die Aktenvernichtung und [&hellip;]","og_url":"https:\/\/www.reisswolf.ch\/en\/contact\/","og_site_name":"Reisswolf","article_publisher":"https:\/\/www.linkedin.com\/showcase\/reisswolf-aktenvernichtung-schweiz\/","article_modified_time":"2023-11-25T21:27:36+00:00","twitter_card":"summary_large_image","twitter_misc":{"Est. reading time":"2 minutes"},"schema":{"@context":"https:\/\/schema.org","@graph":[{"@type":"WebPage","@id":"https:\/\/www.reisswolf.ch\/en\/contact\/","url":"https:\/\/www.reisswolf.ch\/en\/contact\/","name":"Contact - Reisswolf","isPartOf":{"@id":"https:\/\/www.reisswolf.ch\/#website"},"datePublished":"2023-11-21T16:10:09+00:00","dateModified":"2023-11-25T21:27:36+00:00","breadcrumb":{"@id":"https:\/\/www.reisswolf.ch\/en\/contact\/#breadcrumb"},"inLanguage":"en-US","potentialAction":[{"@type":"ReadAction","target":["https:\/\/www.reisswolf.ch\/en\/contact\/"]}]},{"@type":"BreadcrumbList","@id":"https:\/\/www.reisswolf.ch\/en\/contact\/#breadcrumb","itemListElement":[{"@type":"ListItem","position":1,"name":"Startseite","item":"https:\/\/www.reisswolf.ch\/en\/"},{"@type":"ListItem","position":2,"name":"Contact"}]},{"@type":"WebSite","@id":"https:\/\/www.reisswolf.ch\/#website","url":"https:\/\/www.reisswolf.ch\/","name":"Reisswolf","description":"Reisswolf","publisher":{"@id":"https:\/\/www.reisswolf.ch\/#organization"},"potentialAction":[{"@type":"SearchAction","target":{"@type":"EntryPoint","urlTemplate":"https:\/\/www.reisswolf.ch\/?s={search_term_string}"},"query-input":{"@type":"PropertyValueSpecification","valueRequired":true,"valueName":"search_term_string"}}],"inLanguage":"en-US"},{"@type":"Organization","@id":"https:\/\/www.reisswolf.ch\/#organization","name":"REISSWOLF Schweiz AG","url":"https:\/\/www.reisswolf.ch\/","logo":{"@type":"ImageObject","inLanguage":"en-US","@id":"https:\/\/www.reisswolf.ch\/#\/schema\/logo\/image\/","url":"https:\/\/www.reisswolf.ch\/wp-content\/uploads\/2025\/10\/logo-reisswolf.svg","contentUrl":"https:\/\/www.reisswolf.ch\/wp-content\/uploads\/2025\/10\/logo-reisswolf.svg","width":"1024","height":"1024","caption":"REISSWOLF Schweiz AG"},"image":{"@id":"https:\/\/www.reisswolf.ch\/#\/schema\/logo\/image\/"},"sameAs":["https:\/\/www.linkedin.com\/showcase\/reisswolf-aktenvernichtung-schweiz\/"]}]}},"_links":{"self":[{"href":"https:\/\/www.reisswolf.ch\/en\/wp-json\/wp\/v2\/pages\/5389","targetHints":{"allow":["GET"]}}],"collection":[{"href":"https:\/\/www.reisswolf.ch\/en\/wp-json\/wp\/v2\/pages"}],"about":[{"href":"https:\/\/www.reisswolf.ch\/en\/wp-json\/wp\/v2\/types\/page"}],"author":[{"embeddable":true,"href":"https:\/\/www.reisswolf.ch\/en\/wp-json\/wp\/v2\/users\/1"}],"replies":[{"embeddable":true,"href":"https:\/\/www.reisswolf.ch\/en\/wp-json\/wp\/v2\/comments?post=5389"}],"version-history":[{"count":1,"href":"https:\/\/www.reisswolf.ch\/en\/wp-json\/wp\/v2\/pages\/5389\/revisions"}],"predecessor-version":[{"id":5690,"href":"https:\/\/www.reisswolf.ch\/en\/wp-json\/wp\/v2\/pages\/5389\/revisions\/5690"}],"wp:attachment":[{"href":"https:\/\/www.reisswolf.ch\/en\/wp-json\/wp\/v2\/media?parent=5389"}],"curies":[{"name":"wp","href":"https:\/\/api.w.org\/{rel}","templated":true}]}}